{"id":174,"date":"2024-09-24T01:25:41","date_gmt":"2024-09-24T01:25:41","guid":{"rendered":"https:\/\/abraco.org.br\/intercorr2025\/?page_id=174"},"modified":"2025-06-09T22:05:45","modified_gmt":"2025-06-09T22:05:45","slug":"inscricoes","status":"publish","type":"page","link":"https:\/\/abraco.org.br\/intercorr2025\/en\/inscricoes\/","title":{"rendered":"Registrations"},"content":{"rendered":"<div data-elementor-type=\"wp-page\" data-elementor-id=\"174\" class=\"elementor elementor-174\" data-elementor-post-type=\"page\">\n\t\t\t\t<div class=\"elementor-element elementor-element-0a5a821 e-flex e-con-boxed e-con e-parent\" data-id=\"0a5a821\" data-element_type=\"container\" data-settings=\"{&quot;background_background&quot;:&quot;classic&quot;}\">\n\t\t\t\t\t<div class=\"e-con-inner\">\n\t\t<div class=\"elementor-element elementor-element-529ff03 e-con-full e-flex e-con e-child\" data-id=\"529ff03\" data-element_type=\"container\">\n\t\t\t\t<div class=\"elementor-element elementor-element-09373ea elementor-widget elementor-widget-heading\" data-id=\"09373ea\" data-element_type=\"widget\" data-widget_type=\"heading.default\">\n\t\t\t\t<div class=\"elementor-widget-container\">\n\t\t\t\t\t<h2 class=\"elementor-heading-title elementor-size-default\">Registrations<\/h2>\t\t\t\t<\/div>\n\t\t\t\t<\/div>\n\t\t\t\t<div class=\"elementor-element elementor-element-0437bf3 elementor-widget-mobile__width-initial elementor-widget elementor-widget-text-editor\" data-id=\"0437bf3\" data-element_type=\"widget\" data-widget_type=\"text-editor.default\">\n\t\t\t\t<div class=\"elementor-widget-container\">\n\t\t\t\t\t\t\t\t\t<p>Register for InterCorr 2025 and guarantee your participation in the largest international corrosion event taking place in Brazil.<\/p>\t\t\t\t\t\t\t\t<\/div>\n\t\t\t\t<\/div>\n\t\t\t\t<div class=\"elementor-element elementor-element-04ebe6d elementor-widget elementor-widget-icon-box\" data-id=\"04ebe6d\" data-element_type=\"widget\" data-widget_type=\"icon-box.default\">\n\t\t\t\t<div class=\"elementor-widget-container\">\n\t\t\t\t\t\t\t<div class=\"elementor-icon-box-wrapper\">\n\n\t\t\t\n\t\t\t\t\t\t<div class=\"elementor-icon-box-content\">\n\n\t\t\t\t\t\t\t\t\t<h3 class=\"elementor-icon-box-title\">\n\t\t\t\t\t\t<span  >\n\t\t\t\t\t\t\tCongress registration includes:\t\t\t\t\t\t<\/span>\n\t\t\t\t\t<\/h3>\n\t\t\t\t\n\t\t\t\t\t\t\t\t\t<p class=\"elementor-icon-box-description\">\n\t\t\t\t\t\t- certificado de participa\u00e7\u00e3o do congresso;<br>\n- material de apoio;<br>\n- coffee break & brunch;<br>\n- 1 convite para Noite de Confraterniza\u00e7\u00e3o;<br>\n- acesso aos anais do congresso (digital).\t\t\t\t\t<\/p>\n\t\t\t\t\n\t\t\t<\/div>\n\t\t\t\n\t\t<\/div>\n\t\t\t\t\t\t<\/div>\n\t\t\t\t<\/div>\n\t\t\t\t<div class=\"elementor-element elementor-element-f89aa37 elementor-align-left elementor-widget elementor-widget-button\" data-id=\"f89aa37\" data-element_type=\"widget\" data-widget_type=\"button.default\">\n\t\t\t\t<div class=\"elementor-widget-container\">\n\t\t\t\t\t\t\t\t\t<div class=\"elementor-button-wrapper\">\n\t\t\t\t\t<a class=\"elementor-button elementor-button-link elementor-size-sm\" href=\"https:\/\/eventos.abraco.org.br\/login\">\n\t\t\t\t\t\t<span class=\"elementor-button-content-wrapper\">\n\t\t\t\t\t\t\t\t\t<span class=\"elementor-button-text\">To register, click here<\/span>\n\t\t\t\t\t<\/span>\n\t\t\t\t\t<\/a>\n\t\t\t\t<\/div>\n\t\t\t\t\t\t\t\t<\/div>\n\t\t\t\t<\/div>\n\t\t\t\t<div class=\"elementor-element elementor-element-2f30869 elementor-widget elementor-widget-heading\" data-id=\"2f30869\" data-element_type=\"widget\" data-widget_type=\"heading.default\">\n\t\t\t\t<div class=\"elementor-widget-container\">\n\t\t\t\t\t<h2 class=\"elementor-heading-title elementor-size-default\">BRAZIL - Real \n<\/h2>\t\t\t\t<\/div>\n\t\t\t\t<\/div>\n\t\t\t\t<div class=\"elementor-element elementor-element-b8a0ed5 uael-header-sticky-yes elementor-widget__width-initial elementor-widget elementor-widget-uael-table\" data-id=\"b8a0ed5\" data-element_type=\"widget\" data-widget_type=\"uael-table.default\">\n\t\t\t\t<div class=\"elementor-widget-container\">\n\t\t\t\t\t<div itemscope class=\"uael-table-wrapper\" itemtype=\"http:\/\/schema.org\/Table\">\n\t\t<table id=\"uael-table-id-b8a0ed5\" class=\"uael-text-break uael-column-rules uael-table\" data-sort-table=\"no\" data-show-entry=\"no\" data-searchable=\"no\" data-responsive=\"yes\">\n\t\t\t\t<thead>\n\t\t\t\t\t\t\t\t\t<th data-sort=\"0\" class=\"sort-this elementor-repeater-item-0ebc6dc uael-table-col uael-table-head-cell-text\" scope=\"col\">\n\t\t\t\t\t\t\t<span class=\"sort-style\">\n\t\t\t\t\t\t\t<span class=\"uael-table__text\">\n\t\t\t\t\t\t\t\t\t\t\t\t\t\t\t\t\t\t\t\t\t\t\t\t\t\t\t\t\t\t\t\t\t\t<span class=\"uael-table__text-inner\">CATEGORY<\/span>\n\n\t\t\t\t\t\t\t\t\t\t\t\t\t\t\t\t\t\t\t\t\t\t\t\t\t\t\t\t\t\t\t\t\t<\/span>\n\t\t\t\t\t\t\t\t\t\t\t\t\t\t<\/span>\n\t\t\t\t\t\t<\/th>\n\t\t\t\t\t\t\t\t\t\t\t\t<th data-sort=\"1\" class=\"sort-this elementor-repeater-item-fdaa0a7 uael-table-col uael-table-head-cell-text\" scope=\"col\">\n\t\t\t\t\t\t\t<span class=\"sort-style\">\n\t\t\t\t\t\t\t<span class=\"uael-table__text\">\n\t\t\t\t\t\t\t\t\t\t\t\t\t\t\t\t\t\t\t\t\t\t\t\t\t\t\t\t\t\t\t\t\t\t<span class=\"uael-table__text-inner\"><\/span>\n\n\t\t\t\t\t\t\t\t\t\t\t\t\t\t\t\t\t\t\t\t\t\t\t\t\t\t\t\t\t\t\t\t\t<\/span>\n\t\t\t\t\t\t\t\t\t\t\t\t\t\t<\/span>\n\t\t\t\t\t\t<\/th>\n\t\t\t\t\t\t\t\t\t\t\t\t<th data-sort=\"2\" class=\"sort-this elementor-repeater-item-8c39e73 uael-table-col uael-table-head-cell-text\" scope=\"col\">\n\t\t\t\t\t\t\t<span class=\"sort-style\">\n\t\t\t\t\t\t\t<span class=\"uael-table__text\">\n\t\t\t\t\t\t\t\t\t\t\t\t\t\t\t\t\t\t\t\t\t\t\t\t\t\t\t\t\t\t\t\t\t\t<span class=\"uael-table__text-inner\">Valor<\/span>\n\n\t\t\t\t\t\t\t\t\t\t\t\t\t\t\t\t\t\t\t\t\t\t\t\t\t\t\t\t\t\t\t\t\t<\/span>\n\t\t\t\t\t\t\t\t\t\t\t\t\t\t<\/span>\n\t\t\t\t\t\t<\/th>\n\t\t\t\t\t\t\t\t<\/thead>\n\t\t\t\t<tbody>\n\t\t\t<!-- ROWS -->\n\t\t\t\t\t\t\t\t\t\t<tr data-entry=\"1\" class=\"uael-table-row\">\n\t\t\t\t\t\t\t\t\t\t\t\t\t\t\t\t\t<td class=\"uael-table-col uael-table-body-cell-text elementor-repeater-item-dfa4777\" data-title=\"CATEGORIA\">\n\t\t\t\t\t\t\t\t\t\t\t\t\t\t\t<span class=\"uael-table__text\">\n\t\t\t\t\t\t\t\t\t\t\t\t\t\t\t\t\t\t\t\t\t\t\t\t\t\t\t\t\t\t\t\t\t\t\t\t\t<span class=\"uael-table__text-inner\">Participant\n<\/span>\n\t\t\t\t\t\t\t\t\t\t\t\t\t\t\t\t\t\t\t\t\t\t\t\t\t\t\t\t\t\t\t\t\t\t\t\t<\/span>\n\t\t\t\t\t\t\t\t\t\t\t\t\t<\/td>\n\t\t\t\t\t\t\t\t\t\t\t\t\t<td class=\"uael-table-col uael-table-body-cell-text elementor-repeater-item-a597769\">\n\t\t\t\t\t\t\t\t\t\t\t\t\t\t\t<span class=\"uael-table__text\">\n\t\t\t\t\t\t\t\t\t\t\t\t\t\t\t\t\t\t\t\t\t\t\t\t\t\t\t\t\t\t\t\t\t\t\t\t\t<span class=\"uael-table__text-inner\">ABRACO Member <br>\nNon-member\n<\/span>\n\t\t\t\t\t\t\t\t\t\t\t\t\t\t\t\t\t\t\t\t\t\t\t\t\t\t\t\t\t\t\t\t\t\t\t\t<\/span>\n\t\t\t\t\t\t\t\t\t\t\t\t\t<\/td>\n\t\t\t\t\t\t\t\t\t\t\t\t\t<td class=\"uael-table-col uael-table-body-cell-text elementor-repeater-item-8b35687\" data-title=\"Valor\">\n\t\t\t\t\t\t\t\t\t\t\t\t\t\t\t<span class=\"uael-table__text\">\n\t\t\t\t\t\t\t\t\t\t\t\t\t\t\t\t\t\t\t\t\t\t\t\t\t\t\t\t\t\t\t\t\t\t\t\t\t<span class=\"uael-table__text-inner\">980,00<br>\n1.230,00\n\n<\/span>\n\t\t\t\t\t\t\t\t\t\t\t\t\t\t\t\t\t\t\t\t\t\t\t\t\t\t\t\t\t\t\t\t\t\t\t\t<\/span>\n\t\t\t\t\t\t\t\t\t\t\t\t\t<\/td>\n\t\t\t\t\t\t\t\t\t\t\t\t\t\t<\/tr><tr data-entry=\"2\" class=\"uael-table-row\">\n\t\t\t\t\t\t\t\t\t\t\t\t\t\t\t\t\t\t<td class=\"uael-table-col uael-table-body-cell-text elementor-repeater-item-1119ea2\" data-title=\"CATEGORIA\">\n\t\t\t\t\t\t\t\t\t\t\t\t\t\t\t<span class=\"uael-table__text\">\n\t\t\t\t\t\t\t\t\t\t\t\t\t\t\t\t\t\t\t\t\t\t\t\t\t\t\t\t\t\t\t\t\t\t\t\t\t<span class=\"uael-table__text-inner\">Paper presenter<\/span>\n\t\t\t\t\t\t\t\t\t\t\t\t\t\t\t\t\t\t\t\t\t\t\t\t\t\t\t\t\t\t\t\t\t\t\t\t<\/span>\n\t\t\t\t\t\t\t\t\t\t\t\t\t<\/td>\n\t\t\t\t\t\t\t\t\t\t\t\t\t<td class=\"uael-table-col uael-table-body-cell-text elementor-repeater-item-6ad86f7\">\n\t\t\t\t\t\t\t\t\t\t\t\t\t\t\t<span class=\"uael-table__text\">\n\t\t\t\t\t\t\t\t\t\t\t\t\t\t\t\t\t\t\t\t\t\t\t\t\t\t\t\t\t\t\t\t\t\t\t\t\t<span class=\"uael-table__text-inner\">ABRACO Member <br>\nNon-member\n<\/span>\n\t\t\t\t\t\t\t\t\t\t\t\t\t\t\t\t\t\t\t\t\t\t\t\t\t\t\t\t\t\t\t\t\t\t\t\t<\/span>\n\t\t\t\t\t\t\t\t\t\t\t\t\t<\/td>\n\t\t\t\t\t\t\t\t\t\t\t\t\t<td class=\"uael-table-col uael-table-body-cell-text elementor-repeater-item-25afa2a\" data-title=\"Valor\">\n\t\t\t\t\t\t\t\t\t\t\t\t\t\t\t<span class=\"uael-table__text\">\n\t\t\t\t\t\t\t\t\t\t\t\t\t\t\t\t\t\t\t\t\t\t\t\t\t\t\t\t\t\t\t\t\t\t\t\t\t<span class=\"uael-table__text-inner\">880,00<br>\n1.130,00\n\n<\/span>\n\t\t\t\t\t\t\t\t\t\t\t\t\t\t\t\t\t\t\t\t\t\t\t\t\t\t\t\t\t\t\t\t\t\t\t\t<\/span>\n\t\t\t\t\t\t\t\t\t\t\t\t\t<\/td>\n\t\t\t\t\t\t\t\t\t\t\t\t\t\t<\/tr><tr data-entry=\"3\" class=\"uael-table-row\">\n\t\t\t\t\t\t\t\t\t\t\t\t\t\t\t\t\t\t<td class=\"uael-table-col uael-table-body-cell-text elementor-repeater-item-1b45ef1\" data-title=\"CATEGORIA\">\n\t\t\t\t\t\t\t\t\t\t\t\t\t\t\t<span class=\"uael-table__text\">\n\t\t\t\t\t\t\t\t\t\t\t\t\t\t\t\t\t\t\t\t\t\t\t\t\t\t\t\t\t\t\t\t\t\t\t\t\t<span class=\"uael-table__text-inner\">Student<\/span>\n\t\t\t\t\t\t\t\t\t\t\t\t\t\t\t\t\t\t\t\t\t\t\t\t\t\t\t\t\t\t\t\t\t\t\t\t<\/span>\n\t\t\t\t\t\t\t\t\t\t\t\t\t<\/td>\n\t\t\t\t\t\t\t\t\t\t\t\t\t<td class=\"uael-table-col uael-table-body-cell-text elementor-repeater-item-3d3dfe4\">\n\t\t\t\t\t\t\t\t\t\t\t\t\t\t\t<span class=\"uael-table__text\">\n\t\t\t\t\t\t\t\t\t\t\t\t\t\t\t\t\t\t\t\t\t\t\t\t\t\t\t\t\t\t\t\t\t\t\t\t\t<span class=\"uael-table__text-inner\">-\n<\/span>\n\t\t\t\t\t\t\t\t\t\t\t\t\t\t\t\t\t\t\t\t\t\t\t\t\t\t\t\t\t\t\t\t\t\t\t\t<\/span>\n\t\t\t\t\t\t\t\t\t\t\t\t\t<\/td>\n\t\t\t\t\t\t\t\t\t\t\t\t\t<td class=\"uael-table-col uael-table-body-cell-text elementor-repeater-item-a295822\" data-title=\"Valor\">\n\t\t\t\t\t\t\t\t\t\t\t\t\t\t\t<span class=\"uael-table__text\">\n\t\t\t\t\t\t\t\t\t\t\t\t\t\t\t\t\t\t\t\t\t\t\t\t\t\t\t\t\t\t\t\t\t\t\t\t\t<span class=\"uael-table__text-inner\">490,00<\/span>\n\t\t\t\t\t\t\t\t\t\t\t\t\t\t\t\t\t\t\t\t\t\t\t\t\t\t\t\t\t\t\t\t\t\t\t\t<\/span>\n\t\t\t\t\t\t\t\t\t\t\t\t\t<\/td>\n\t\t\t\t\t\t\t\t\t\t\t\t\t\t<\/tr><tr data-entry=\"4\" class=\"uael-table-row\">\n\t\t\t\t\t\t\t\t\t\t\t\t\t\t\t\t\t\t<td class=\"uael-table-col uael-table-body-cell-text elementor-repeater-item-dc0f82f\" data-title=\"CATEGORIA\">\n\t\t\t\t\t\t\t\t\t\t\t\t\t\t\t<span class=\"uael-table__text\">\n\t\t\t\t\t\t\t\t\t\t\t\t\t\t\t\t\t\t\t\t\t\t\t\t\t\t\t\t\t\t\t\t\t\t\t\t\t<span class=\"uael-table__text-inner\">One day<\/span>\n\t\t\t\t\t\t\t\t\t\t\t\t\t\t\t\t\t\t\t\t\t\t\t\t\t\t\t\t\t\t\t\t\t\t\t\t<\/span>\n\t\t\t\t\t\t\t\t\t\t\t\t\t<\/td>\n\t\t\t\t\t\t\t\t\t\t\t\t\t<td class=\"uael-table-col uael-table-body-cell-text elementor-repeater-item-456a893\">\n\t\t\t\t\t\t\t\t\t\t\t\t\t\t\t<span class=\"uael-table__text\">\n\t\t\t\t\t\t\t\t\t\t\t\t\t\t\t\t\t\t\t\t\t\t\t\t\t\t\t\t\t\t\t\t\t\t\t\t\t<span class=\"uael-table__text-inner\">Student* <br>\nParticipant\n<\/span>\n\t\t\t\t\t\t\t\t\t\t\t\t\t\t\t\t\t\t\t\t\t\t\t\t\t\t\t\t\t\t\t\t\t\t\t\t<\/span>\n\t\t\t\t\t\t\t\t\t\t\t\t\t<\/td>\n\t\t\t\t\t\t\t\t\t\t\t\t\t<td class=\"uael-table-col uael-table-body-cell-text elementor-repeater-item-867f179\" data-title=\"Valor\">\n\t\t\t\t\t\t\t\t\t\t\t\t\t\t\t<span class=\"uael-table__text\">\n\t\t\t\t\t\t\t\t\t\t\t\t\t\t\t\t\t\t\t\t\t\t\t\t\t\t\t\t\t\t\t\t\t\t\t\t\t<span class=\"uael-table__text-inner\">450,00<br>\n540,00\n\n<\/span>\n\t\t\t\t\t\t\t\t\t\t\t\t\t\t\t\t\t\t\t\t\t\t\t\t\t\t\t\t\t\t\t\t\t\t\t\t<\/span>\n\t\t\t\t\t\t\t\t\t\t\t\t\t<\/td>\n\t\t\t\t\t\t\t\t\t<\/tbody>\n\t<\/table>\n\t\t<\/div>\n\t\t\t\t<\/div>\n\t\t\t\t<\/div>\n\t\t\t\t<div class=\"elementor-element elementor-element-ffffbab elementor-widget elementor-widget-heading\" data-id=\"ffffbab\" data-element_type=\"widget\" data-widget_type=\"heading.default\">\n\t\t\t\t<div class=\"elementor-widget-container\">\n\t\t\t\t\t<h2 class=\"elementor-heading-title elementor-size-default\">INTERNATIONAL - Dollar \n<\/h2>\t\t\t\t<\/div>\n\t\t\t\t<\/div>\n\t\t\t\t<div class=\"elementor-element elementor-element-787eb7b uael-header-sticky-yes elementor-widget__width-initial elementor-widget elementor-widget-uael-table\" data-id=\"787eb7b\" data-element_type=\"widget\" data-widget_type=\"uael-table.default\">\n\t\t\t\t<div class=\"elementor-widget-container\">\n\t\t\t\t\t<div itemscope class=\"uael-table-wrapper\" itemtype=\"http:\/\/schema.org\/Table\">\n\t\t<table id=\"uael-table-id-787eb7b\" class=\"uael-text-break uael-column-rules uael-table\" data-sort-table=\"no\" data-show-entry=\"no\" data-searchable=\"no\" data-responsive=\"yes\">\n\t\t\t\t<thead>\n\t\t\t\t\t\t\t\t\t<th data-sort=\"0\" class=\"sort-this elementor-repeater-item-0ebc6dc uael-table-col uael-table-head-cell-text\" scope=\"col\">\n\t\t\t\t\t\t\t<span class=\"sort-style\">\n\t\t\t\t\t\t\t<span class=\"uael-table__text\">\n\t\t\t\t\t\t\t\t\t\t\t\t\t\t\t\t\t\t\t\t\t\t\t\t\t\t\t\t\t\t\t\t\t\t<span class=\"uael-table__text-inner\">CATEGORY<\/span>\n\n\t\t\t\t\t\t\t\t\t\t\t\t\t\t\t\t\t\t\t\t\t\t\t\t\t\t\t\t\t\t\t\t\t<\/span>\n\t\t\t\t\t\t\t\t\t\t\t\t\t\t<\/span>\n\t\t\t\t\t\t<\/th>\n\t\t\t\t\t\t\t\t\t\t\t\t<th data-sort=\"1\" class=\"sort-this elementor-repeater-item-fdaa0a7 uael-table-col uael-table-head-cell-text\" scope=\"col\">\n\t\t\t\t\t\t\t<span class=\"sort-style\">\n\t\t\t\t\t\t\t<span class=\"uael-table__text\">\n\t\t\t\t\t\t\t\t\t\t\t\t\t\t\t\t\t\t\t\t\t\t\t\t\t\t\t\t\t\t\t\t\t\t<span class=\"uael-table__text-inner\"><\/span>\n\n\t\t\t\t\t\t\t\t\t\t\t\t\t\t\t\t\t\t\t\t\t\t\t\t\t\t\t\t\t\t\t\t\t<\/span>\n\t\t\t\t\t\t\t\t\t\t\t\t\t\t<\/span>\n\t\t\t\t\t\t<\/th>\n\t\t\t\t\t\t\t\t\t\t\t\t<th data-sort=\"2\" class=\"sort-this elementor-repeater-item-8c39e73 uael-table-col uael-table-head-cell-text\" scope=\"col\">\n\t\t\t\t\t\t\t<span class=\"sort-style\">\n\t\t\t\t\t\t\t<span class=\"uael-table__text\">\n\t\t\t\t\t\t\t\t\t\t\t\t\t\t\t\t\t\t\t\t\t\t\t\t\t\t\t\t\t\t\t\t\t\t<span class=\"uael-table__text-inner\">Valor<\/span>\n\n\t\t\t\t\t\t\t\t\t\t\t\t\t\t\t\t\t\t\t\t\t\t\t\t\t\t\t\t\t\t\t\t\t<\/span>\n\t\t\t\t\t\t\t\t\t\t\t\t\t\t<\/span>\n\t\t\t\t\t\t<\/th>\n\t\t\t\t\t\t\t\t<\/thead>\n\t\t\t\t<tbody>\n\t\t\t<!-- ROWS -->\n\t\t\t\t\t\t\t\t\t\t<tr data-entry=\"1\" class=\"uael-table-row\">\n\t\t\t\t\t\t\t\t\t\t\t\t\t\t\t\t\t<td class=\"uael-table-col uael-table-body-cell-text elementor-repeater-item-dfa4777\" data-title=\"CATEGORIA\">\n\t\t\t\t\t\t\t\t\t\t\t\t\t\t\t<span class=\"uael-table__text\">\n\t\t\t\t\t\t\t\t\t\t\t\t\t\t\t\t\t\t\t\t\t\t\t\t\t\t\t\t\t\t\t\t\t\t\t\t\t<span class=\"uael-table__text-inner\">Participant\n<\/span>\n\t\t\t\t\t\t\t\t\t\t\t\t\t\t\t\t\t\t\t\t\t\t\t\t\t\t\t\t\t\t\t\t\t\t\t\t<\/span>\n\t\t\t\t\t\t\t\t\t\t\t\t\t<\/td>\n\t\t\t\t\t\t\t\t\t\t\t\t\t<td class=\"uael-table-col uael-table-body-cell-text elementor-repeater-item-a597769\">\n\t\t\t\t\t\t\t\t\t\t\t\t\t\t\t<span class=\"uael-table__text\">\n\t\t\t\t\t\t\t\t\t\t\t\t\t\t\t\t\t\t\t\t\t\t\t\t\t\t\t\t\t\t\t\t\t\t\t\t\t<span class=\"uael-table__text-inner\">ABRACO Member <br>\nNon-member\n<\/span>\n\t\t\t\t\t\t\t\t\t\t\t\t\t\t\t\t\t\t\t\t\t\t\t\t\t\t\t\t\t\t\t\t\t\t\t\t<\/span>\n\t\t\t\t\t\t\t\t\t\t\t\t\t<\/td>\n\t\t\t\t\t\t\t\t\t\t\t\t\t<td class=\"uael-table-col uael-table-body-cell-text elementor-repeater-item-8b35687\" data-title=\"Valor\">\n\t\t\t\t\t\t\t\t\t\t\t\t\t\t\t<span class=\"uael-table__text\">\n\t\t\t\t\t\t\t\t\t\t\t\t\t\t\t\t\t\t\t\t\t\t\t\t\t\t\t\t\t\t\t\t\t\t\t\t\t<span class=\"uael-table__text-inner\">$ 510,00<br>\n$ 620,00\n\n<\/span>\n\t\t\t\t\t\t\t\t\t\t\t\t\t\t\t\t\t\t\t\t\t\t\t\t\t\t\t\t\t\t\t\t\t\t\t\t<\/span>\n\t\t\t\t\t\t\t\t\t\t\t\t\t<\/td>\n\t\t\t\t\t\t\t\t\t\t\t\t\t\t<\/tr><tr data-entry=\"2\" class=\"uael-table-row\">\n\t\t\t\t\t\t\t\t\t\t\t\t\t\t\t\t\t\t<td class=\"uael-table-col uael-table-body-cell-text elementor-repeater-item-1119ea2\" data-title=\"CATEGORIA\">\n\t\t\t\t\t\t\t\t\t\t\t\t\t\t\t<span class=\"uael-table__text\">\n\t\t\t\t\t\t\t\t\t\t\t\t\t\t\t\t\t\t\t\t\t\t\t\t\t\t\t\t\t\t\t\t\t\t\t\t\t<span class=\"uael-table__text-inner\">Paper presenter<\/span>\n\t\t\t\t\t\t\t\t\t\t\t\t\t\t\t\t\t\t\t\t\t\t\t\t\t\t\t\t\t\t\t\t\t\t\t\t<\/span>\n\t\t\t\t\t\t\t\t\t\t\t\t\t<\/td>\n\t\t\t\t\t\t\t\t\t\t\t\t\t<td class=\"uael-table-col uael-table-body-cell-text elementor-repeater-item-6ad86f7\">\n\t\t\t\t\t\t\t\t\t\t\t\t\t\t\t<span class=\"uael-table__text\">\n\t\t\t\t\t\t\t\t\t\t\t\t\t\t\t\t\t\t\t\t\t\t\t\t\t\t\t\t\t\t\t\t\t\t\t\t\t<span class=\"uael-table__text-inner\">ABRACO Member <br>\nNon-member\n<\/span>\n\t\t\t\t\t\t\t\t\t\t\t\t\t\t\t\t\t\t\t\t\t\t\t\t\t\t\t\t\t\t\t\t\t\t\t\t<\/span>\n\t\t\t\t\t\t\t\t\t\t\t\t\t<\/td>\n\t\t\t\t\t\t\t\t\t\t\t\t\t<td class=\"uael-table-col uael-table-body-cell-text elementor-repeater-item-25afa2a\" data-title=\"Valor\">\n\t\t\t\t\t\t\t\t\t\t\t\t\t\t\t<span class=\"uael-table__text\">\n\t\t\t\t\t\t\t\t\t\t\t\t\t\t\t\t\t\t\t\t\t\t\t\t\t\t\t\t\t\t\t\t\t\t\t\t\t<span class=\"uael-table__text-inner\">$ 445,00<br>\n$ 570,00\n\n<\/span>\n\t\t\t\t\t\t\t\t\t\t\t\t\t\t\t\t\t\t\t\t\t\t\t\t\t\t\t\t\t\t\t\t\t\t\t\t<\/span>\n\t\t\t\t\t\t\t\t\t\t\t\t\t<\/td>\n\t\t\t\t\t\t\t\t\t\t\t\t\t\t<\/tr><tr data-entry=\"3\" class=\"uael-table-row\">\n\t\t\t\t\t\t\t\t\t\t\t\t\t\t\t\t\t\t<td class=\"uael-table-col uael-table-body-cell-text elementor-repeater-item-1b45ef1\" data-title=\"CATEGORIA\">\n\t\t\t\t\t\t\t\t\t\t\t\t\t\t\t<span class=\"uael-table__text\">\n\t\t\t\t\t\t\t\t\t\t\t\t\t\t\t\t\t\t\t\t\t\t\t\t\t\t\t\t\t\t\t\t\t\t\t\t\t<span class=\"uael-table__text-inner\">Student<\/span>\n\t\t\t\t\t\t\t\t\t\t\t\t\t\t\t\t\t\t\t\t\t\t\t\t\t\t\t\t\t\t\t\t\t\t\t\t<\/span>\n\t\t\t\t\t\t\t\t\t\t\t\t\t<\/td>\n\t\t\t\t\t\t\t\t\t\t\t\t\t<td class=\"uael-table-col uael-table-body-cell-text elementor-repeater-item-3d3dfe4\">\n\t\t\t\t\t\t\t\t\t\t\t\t\t\t\t<span class=\"uael-table__text\">\n\t\t\t\t\t\t\t\t\t\t\t\t\t\t\t\t\t\t\t\t\t\t\t\t\t\t\t\t\t\t\t\t\t\t\t\t\t<span class=\"uael-table__text-inner\">-\n<\/span>\n\t\t\t\t\t\t\t\t\t\t\t\t\t\t\t\t\t\t\t\t\t\t\t\t\t\t\t\t\t\t\t\t\t\t\t\t<\/span>\n\t\t\t\t\t\t\t\t\t\t\t\t\t<\/td>\n\t\t\t\t\t\t\t\t\t\t\t\t\t<td class=\"uael-table-col uael-table-body-cell-text elementor-repeater-item-a295822\" data-title=\"Valor\">\n\t\t\t\t\t\t\t\t\t\t\t\t\t\t\t<span class=\"uael-table__text\">\n\t\t\t\t\t\t\t\t\t\t\t\t\t\t\t\t\t\t\t\t\t\t\t\t\t\t\t\t\t\t\t\t\t\t\t\t\t<span class=\"uael-table__text-inner\">$ 245,00<\/span>\n\t\t\t\t\t\t\t\t\t\t\t\t\t\t\t\t\t\t\t\t\t\t\t\t\t\t\t\t\t\t\t\t\t\t\t\t<\/span>\n\t\t\t\t\t\t\t\t\t\t\t\t\t<\/td>\n\t\t\t\t\t\t\t\t\t\t\t\t\t\t<\/tr><tr data-entry=\"4\" class=\"uael-table-row\">\n\t\t\t\t\t\t\t\t\t\t\t\t\t\t\t\t\t\t<td class=\"uael-table-col uael-table-body-cell-text elementor-repeater-item-dc0f82f\" data-title=\"CATEGORIA\">\n\t\t\t\t\t\t\t\t\t\t\t\t\t\t\t<span class=\"uael-table__text\">\n\t\t\t\t\t\t\t\t\t\t\t\t\t\t\t\t\t\t\t\t\t\t\t\t\t\t\t\t\t\t\t\t\t\t\t\t\t<span class=\"uael-table__text-inner\">One day<\/span>\n\t\t\t\t\t\t\t\t\t\t\t\t\t\t\t\t\t\t\t\t\t\t\t\t\t\t\t\t\t\t\t\t\t\t\t\t<\/span>\n\t\t\t\t\t\t\t\t\t\t\t\t\t<\/td>\n\t\t\t\t\t\t\t\t\t\t\t\t\t<td class=\"uael-table-col uael-table-body-cell-text elementor-repeater-item-456a893\">\n\t\t\t\t\t\t\t\t\t\t\t\t\t\t\t<span class=\"uael-table__text\">\n\t\t\t\t\t\t\t\t\t\t\t\t\t\t\t\t\t\t\t\t\t\t\t\t\t\t\t\t\t\t\t\t\t\t\t\t\t<span class=\"uael-table__text-inner\">Student* <br>\nParticipant\n<\/span>\n\t\t\t\t\t\t\t\t\t\t\t\t\t\t\t\t\t\t\t\t\t\t\t\t\t\t\t\t\t\t\t\t\t\t\t\t<\/span>\n\t\t\t\t\t\t\t\t\t\t\t\t\t<\/td>\n\t\t\t\t\t\t\t\t\t\t\t\t\t<td class=\"uael-table-col uael-table-body-cell-text elementor-repeater-item-867f179\" data-title=\"Valor\">\n\t\t\t\t\t\t\t\t\t\t\t\t\t\t\t<span class=\"uael-table__text\">\n\t\t\t\t\t\t\t\t\t\t\t\t\t\t\t\t\t\t\t\t\t\t\t\t\t\t\t\t\t\t\t\t\t\t\t\t\t<span class=\"uael-table__text-inner\">$ 175,00<br>\n$ 270,00\n\n<\/span>\n\t\t\t\t\t\t\t\t\t\t\t\t\t\t\t\t\t\t\t\t\t\t\t\t\t\t\t\t\t\t\t\t\t\t\t\t<\/span>\n\t\t\t\t\t\t\t\t\t\t\t\t\t<\/td>\n\t\t\t\t\t\t\t\t\t<\/tbody>\n\t<\/table>\n\t\t<\/div>\n\t\t\t\t<\/div>\n\t\t\t\t<\/div>\n\t\t\t\t<\/div>\n\t\t<div class=\"elementor-element elementor-element-a064186 e-con-full elementor-hidden-mobile e-flex e-con e-child\" data-id=\"a064186\" data-element_type=\"container\">\n\t\t\t\t<\/div>\n\t\t\t\t\t<\/div>\n\t\t\t\t<\/div>\n\t\t\t\t<\/div>","protected":false},"excerpt":{"rendered":"<p>Inscri\u00e7\u00f5es Inscreva-se no InterCorr 2025 e garanta sua participa\u00e7\u00e3o no maior evento internacional de corros\u00e3o que acontece no Brasil. A inscri\u00e7\u00e3o do congresso inclui: &#8211; certificado de participa\u00e7\u00e3o do congresso; &#8211; material de apoio; &#8211; coffee break &#038; brunch; &#8211; 1 convite para Noite de Confraterniza\u00e7\u00e3o; &#8211; acesso aos anais do congresso (digital). Para se [&hellip;]<\/p>","protected":false},"author":1,"featured_media":0,"parent":0,"menu_order":0,"comment_status":"closed","ping_status":"closed","template":"elementor_header_footer","meta":{"footnotes":""},"class_list":["post-174","page","type-page","status-publish","hentry"],"_links":{"self":[{"href":"https:\/\/abraco.org.br\/intercorr2025\/en\/wp-json\/wp\/v2\/pages\/174","targetHints":{"allow":["GET"]}}],"collection":[{"href":"https:\/\/abraco.org.br\/intercorr2025\/en\/wp-json\/wp\/v2\/pages"}],"about":[{"href":"https:\/\/abraco.org.br\/intercorr2025\/en\/wp-json\/wp\/v2\/types\/page"}],"author":[{"embeddable":true,"href":"https:\/\/abraco.org.br\/intercorr2025\/en\/wp-json\/wp\/v2\/users\/1"}],"replies":[{"embeddable":true,"href":"https:\/\/abraco.org.br\/intercorr2025\/en\/wp-json\/wp\/v2\/comments?post=174"}],"version-history":[{"count":136,"href":"https:\/\/abraco.org.br\/intercorr2025\/en\/wp-json\/wp\/v2\/pages\/174\/revisions"}],"predecessor-version":[{"id":4328,"href":"https:\/\/abraco.org.br\/intercorr2025\/en\/wp-json\/wp\/v2\/pages\/174\/revisions\/4328"}],"wp:attachment":[{"href":"https:\/\/abraco.org.br\/intercorr2025\/en\/wp-json\/wp\/v2\/media?parent=174"}],"curies":[{"name":"wp","href":"https:\/\/api.w.org\/{rel}","templated":true}]}}