{"id":178,"date":"2024-09-24T01:26:20","date_gmt":"2024-09-24T01:26:20","guid":{"rendered":"https:\/\/abraco.org.br\/intercorr2025\/?page_id=178"},"modified":"2025-05-12T11:18:23","modified_gmt":"2025-05-12T11:18:23","slug":"expositor","status":"publish","type":"page","link":"https:\/\/abraco.org.br\/intercorr2025\/en\/expositor\/","title":{"rendered":"Exhibitor"},"content":{"rendered":"<div data-elementor-type=\"wp-page\" data-elementor-id=\"178\" class=\"elementor elementor-178\" data-elementor-post-type=\"page\">\n\t\t\t\t<div class=\"elementor-element elementor-element-3e4f29f e-flex e-con-boxed e-con e-parent\" data-id=\"3e4f29f\" data-element_type=\"container\" data-settings=\"{&quot;background_background&quot;:&quot;classic&quot;}\">\n\t\t\t\t\t<div class=\"e-con-inner\">\n\t\t<div class=\"elementor-element elementor-element-454ab66 e-con-full e-flex e-con e-child\" data-id=\"454ab66\" data-element_type=\"container\">\n\t\t\t\t<div class=\"elementor-element elementor-element-8c3553e elementor-widget elementor-widget-heading\" data-id=\"8c3553e\" data-element_type=\"widget\" data-widget_type=\"heading.default\">\n\t\t\t\t<div class=\"elementor-widget-container\">\n\t\t\t\t\t<h2 class=\"elementor-heading-title elementor-size-default\">Exhibition<\/h2>\t\t\t\t<\/div>\n\t\t\t\t<\/div>\n\t\t\t\t<div class=\"elementor-element elementor-element-d212443 elementor-align-left elementor-widget elementor-widget-button\" data-id=\"d212443\" data-element_type=\"widget\" data-widget_type=\"button.default\">\n\t\t\t\t<div class=\"elementor-widget-container\">\n\t\t\t\t\t\t\t\t\t<div class=\"elementor-button-wrapper\">\n\t\t\t\t\t<a class=\"elementor-button elementor-button-link elementor-size-sm\" href=\"mailto:eventos@abraco.org.br \">\n\t\t\t\t\t\t<span class=\"elementor-button-content-wrapper\">\n\t\t\t\t\t\t\t\t\t<span class=\"elementor-button-text\">To exhibit, click here<\/span>\n\t\t\t\t\t<\/span>\n\t\t\t\t\t<\/a>\n\t\t\t\t<\/div>\n\t\t\t\t\t\t\t\t<\/div>\n\t\t\t\t<\/div>\n\t\t\t\t<div class=\"elementor-element elementor-element-26b3dcc elementor-widget elementor-widget-text-editor\" data-id=\"26b3dcc\" data-element_type=\"widget\" data-widget_type=\"text-editor.default\">\n\t\t\t\t<div class=\"elementor-widget-container\">\n\t\t\t\t\t\t\t\t\t<p>Sponsor the <strong>InterCorr 2025<\/strong> offers a unique opportunity for your company to connect with professionals, researchers and leading companies in the sector, increasing your visibility, consolidating your brand and generating business opportunities.<\/p><p>Don't miss the opportunity to position your brand at the heart of the sector's innovations.<\/p><p>Sponsor InterCorr 2025 and be part of this transformative impact!<\/p>\t\t\t\t\t\t\t\t<\/div>\n\t\t\t\t<\/div>\n\t\t\t\t<\/div>\n\t\t\t\t\t<\/div>\n\t\t\t\t<\/div>\n\t\t\t\t<\/div>","protected":false},"excerpt":{"rendered":"<p>Exposi\u00e7\u00e3o Para expor, clique aqui Patrocinar o InterCorr 2025 oferece uma oportunidade \u00fanica para sua empresa se conectar com profissionais, pesquisadores e empresas l\u00edderes no setor, aumentando sua visibilidade, consolidando sua marca e gerando oportunidades de neg\u00f3cios. N\u00e3o perca a chance de posicionar sua marca no centro das inova\u00e7\u00f5es do setor. Patrocine o InterCorr 2025 [&hellip;]<\/p>","protected":false},"author":1,"featured_media":0,"parent":0,"menu_order":0,"comment_status":"closed","ping_status":"closed","template":"elementor_header_footer","meta":{"footnotes":""},"class_list":["post-178","page","type-page","status-publish","hentry"],"_links":{"self":[{"href":"https:\/\/abraco.org.br\/intercorr2025\/en\/wp-json\/wp\/v2\/pages\/178","targetHints":{"allow":["GET"]}}],"collection":[{"href":"https:\/\/abraco.org.br\/intercorr2025\/en\/wp-json\/wp\/v2\/pages"}],"about":[{"href":"https:\/\/abraco.org.br\/intercorr2025\/en\/wp-json\/wp\/v2\/types\/page"}],"author":[{"embeddable":true,"href":"https:\/\/abraco.org.br\/intercorr2025\/en\/wp-json\/wp\/v2\/users\/1"}],"replies":[{"embeddable":true,"href":"https:\/\/abraco.org.br\/intercorr2025\/en\/wp-json\/wp\/v2\/comments?post=178"}],"version-history":[{"count":208,"href":"https:\/\/abraco.org.br\/intercorr2025\/en\/wp-json\/wp\/v2\/pages\/178\/revisions"}],"predecessor-version":[{"id":3612,"href":"https:\/\/abraco.org.br\/intercorr2025\/en\/wp-json\/wp\/v2\/pages\/178\/revisions\/3612"}],"wp:attachment":[{"href":"https:\/\/abraco.org.br\/intercorr2025\/en\/wp-json\/wp\/v2\/media?parent=178"}],"curies":[{"name":"wp","href":"https:\/\/api.w.org\/{rel}","templated":true}]}}