{"id":256,"date":"2024-09-24T01:52:19","date_gmt":"2024-09-24T01:52:19","guid":{"rendered":"https:\/\/abraco.org.br\/intercorr2025\/?page_id=256"},"modified":"2025-01-15T14:25:12","modified_gmt":"2025-01-15T14:25:12","slug":"sobre-sao-paulo","status":"publish","type":"page","link":"https:\/\/abraco.org.br\/intercorr2025\/en\/sobre-sao-paulo\/","title":{"rendered":"About Sao Paulo"},"content":{"rendered":"<div data-elementor-type=\"wp-page\" data-elementor-id=\"256\" class=\"elementor elementor-256\" data-elementor-post-type=\"page\">\n\t\t\t\t<div class=\"elementor-element elementor-element-3ps6nxl elementor-hidden-mobile e-flex e-con-boxed e-con e-parent\" data-id=\"3ps6nxl\" data-element_type=\"container\" data-settings=\"{&quot;background_background&quot;:&quot;classic&quot;}\">\n\t\t\t\t\t<div class=\"e-con-inner\">\n\t\t<div class=\"elementor-element elementor-element-566fc8b e-con-full e-flex e-con e-child\" data-id=\"566fc8b\" data-element_type=\"container\">\n\t\t\t\t<div class=\"elementor-element elementor-element-889ae92 elementor-widget elementor-widget-heading\" data-id=\"889ae92\" data-element_type=\"widget\" data-widget_type=\"heading.default\">\n\t\t\t\t<div class=\"elementor-widget-container\">\n\t\t\t\t\t<h1 class=\"elementor-heading-title elementor-size-default\">About Sao Paulo<\/h1>\t\t\t\t<\/div>\n\t\t\t\t<\/div>\n\t\t\t\t<div class=\"elementor-element elementor-element-41cc183 elementor-widget elementor-widget-text-editor\" data-id=\"41cc183\" data-element_type=\"widget\" data-widget_type=\"text-editor.default\">\n\t\t\t\t<div class=\"elementor-widget-container\">\n\t\t\t\t\t\t\t\t\t<p>An avant-garde and innovative city, which preserves in its architecture, arts and gastronomy a past made up of the union of more than 70 nationalities. And, at the same time as preserving traditions, it does not allow itself to be outdated. Trendy is the right word to describe it. To get to know it better, you only need two things: an open mind and the willingness to dive headfirst into this city that never sleeps.<\/p>\t\t\t\t\t\t\t\t<\/div>\n\t\t\t\t<\/div>\n\t\t\t\t<div class=\"elementor-element elementor-element-a3d674e elementor-widget elementor-widget-text-editor\" data-id=\"a3d674e\" data-element_type=\"widget\" data-widget_type=\"text-editor.default\">\n\t\t\t\t<div class=\"elementor-widget-container\">\n\t\t\t\t\t\t\t\t\t<p>Content source: <strong><a href=\"https:\/\/visitesaopaulo.com\/descubra\/cidade-de-sp\/\">Visit Sao Paulo<\/a><\/strong><\/p>\t\t\t\t\t\t\t\t<\/div>\n\t\t\t\t<\/div>\n\t\t\t\t<\/div>\n\t\t\t\t\t<\/div>\n\t\t\t\t<\/div>\n\t\t<div class=\"elementor-element elementor-element-76d8a6f elementor-hidden-desktop elementor-hidden-tablet e-flex e-con-boxed e-con e-parent\" data-id=\"76d8a6f\" data-element_type=\"container\" data-settings=\"{&quot;background_background&quot;:&quot;classic&quot;}\">\n\t\t\t\t\t<div class=\"e-con-inner\">\n\t\t<div class=\"elementor-element elementor-element-71d2b1c e-con-full e-flex e-con e-child\" data-id=\"71d2b1c\" data-element_type=\"container\">\n\t\t\t\t<div class=\"elementor-element elementor-element-bed0437 elementor-widget elementor-widget-heading\" data-id=\"bed0437\" data-element_type=\"widget\" data-widget_type=\"heading.default\">\n\t\t\t\t<div class=\"elementor-widget-container\">\n\t\t\t\t\t<h1 class=\"elementor-heading-title elementor-size-default\">About Sao Paulo<\/h1>\t\t\t\t<\/div>\n\t\t\t\t<\/div>\n\t\t\t\t<div class=\"elementor-element elementor-element-5125a53 elementor-widget elementor-widget-text-editor\" data-id=\"5125a53\" data-element_type=\"widget\" data-widget_type=\"text-editor.default\">\n\t\t\t\t<div class=\"elementor-widget-container\">\n\t\t\t\t\t\t\t\t\t<p>An avant-garde and innovative city, which preserves in its architecture, arts and gastronomy a past made up of the union of more than 70 nationalities. And, at the same time as preserving traditions, it does not allow itself to be outdated. Trendy is the right word to describe it. To get to know it better, you only need two things: an open mind and the willingness to dive headfirst into this city that never sleeps.<\/p>\t\t\t\t\t\t\t\t<\/div>\n\t\t\t\t<\/div>\n\t\t\t\t<div class=\"elementor-element elementor-element-b9f16aa elementor-widget elementor-widget-text-editor\" data-id=\"b9f16aa\" data-element_type=\"widget\" data-widget_type=\"text-editor.default\">\n\t\t\t\t<div class=\"elementor-widget-container\">\n\t\t\t\t\t\t\t\t\t<p>Content source: <strong><a href=\"https:\/\/visitesaopaulo.com\/descubra\/cidade-de-sp\/\">Visit Sao Paulo<\/a><\/strong><\/p>\t\t\t\t\t\t\t\t<\/div>\n\t\t\t\t<\/div>\n\t\t\t\t<\/div>\n\t\t\t\t\t<\/div>\n\t\t\t\t<\/div>\n\t\t<div class=\"elementor-element elementor-element-40f5ca9 e-flex e-con-boxed e-con e-parent\" data-id=\"40f5ca9\" data-element_type=\"container\" data-settings=\"{&quot;background_background&quot;:&quot;classic&quot;}\">\n\t\t\t\t\t<div class=\"e-con-inner\">\n\t\t<div class=\"elementor-element elementor-element-7bfd473 e-con-full e-flex e-con e-child\" data-id=\"7bfd473\" data-element_type=\"container\" data-settings=\"{&quot;background_background&quot;:&quot;classic&quot;}\">\n\t\t<div class=\"elementor-element elementor-element-253d763 e-con-full e-flex e-con e-child\" data-id=\"253d763\" data-element_type=\"container\" data-settings=\"{&quot;background_background&quot;:&quot;classic&quot;}\">\n\t\t\t\t<div class=\"elementor-element elementor-element-b9cebce elementor-widget elementor-widget-heading\" data-id=\"b9cebce\" data-element_type=\"widget\" data-widget_type=\"heading.default\">\n\t\t\t\t<div class=\"elementor-widget-container\">\n\t\t\t\t\t<h2 class=\"elementor-heading-title elementor-size-default\">What to enjoy in Sao Paulo\n<\/h2>\t\t\t\t<\/div>\n\t\t\t\t<\/div>\n\t\t\t\t<div class=\"elementor-element elementor-element-3b15d0c elementor-widget elementor-widget-image-box\" data-id=\"3b15d0c\" data-element_type=\"widget\" data-widget_type=\"image-box.default\">\n\t\t\t\t<div class=\"elementor-widget-container\">\n\t\t\t\t\t<div class=\"elementor-image-box-wrapper\"><div class=\"elementor-image-box-content\"><h2 class=\"elementor-image-box-title\">Diverse gastronomy<\/h2><p class=\"elementor-image-box-description\">A rich and diverse gastronomy. This is what you will find in S\u00e3o Paulo. The city has some of the best restaurants in Latin America and the world, among its more than 15 thousand restaurants and 20 thousand bars. There are national and international options, to suit all budgets. In addition to the cuisine of 52 countries, S\u00e3o Paulo is famous for its food trucks and \u201cfood fairs\u201d, which today take over the streets of the city.<\/p><\/div><\/div>\t\t\t\t<\/div>\n\t\t\t\t<\/div>\n\t\t\t\t<\/div>\n\t\t\t\t<\/div>\n\t\t<div class=\"elementor-element elementor-element-36106df e-con-full e-flex e-con e-child\" data-id=\"36106df\" data-element_type=\"container\" data-settings=\"{&quot;background_background&quot;:&quot;classic&quot;}\">\n\t\t\t\t<div class=\"elementor-element elementor-element-0c3aa8e elementor-widget elementor-widget-spacer\" data-id=\"0c3aa8e\" data-element_type=\"widget\" data-widget_type=\"spacer.default\">\n\t\t\t\t<div class=\"elementor-widget-container\">\n\t\t\t\t\t\t\t<div class=\"elementor-spacer\">\n\t\t\t<div class=\"elementor-spacer-inner\"><\/div>\n\t\t<\/div>\n\t\t\t\t\t\t<\/div>\n\t\t\t\t<\/div>\n\t\t\t\t<\/div>\n\t\t\t\t\t<\/div>\n\t\t\t\t<\/div>\n\t\t<div class=\"elementor-element elementor-element-715743a e-flex e-con-boxed e-con e-parent\" data-id=\"715743a\" data-element_type=\"container\" data-settings=\"{&quot;background_background&quot;:&quot;classic&quot;}\">\n\t\t\t\t\t<div class=\"e-con-inner\">\n\t\t<div class=\"elementor-element elementor-element-ff1f4e9 e-con-full e-flex e-con e-child\" data-id=\"ff1f4e9\" data-element_type=\"container\" data-settings=\"{&quot;background_background&quot;:&quot;classic&quot;}\">\n\t\t\t\t<div class=\"elementor-element elementor-element-708879f elementor-widget elementor-widget-spacer\" data-id=\"708879f\" data-element_type=\"widget\" data-widget_type=\"spacer.default\">\n\t\t\t\t<div class=\"elementor-widget-container\">\n\t\t\t\t\t\t\t<div class=\"elementor-spacer\">\n\t\t\t<div class=\"elementor-spacer-inner\"><\/div>\n\t\t<\/div>\n\t\t\t\t\t\t<\/div>\n\t\t\t\t<\/div>\n\t\t\t\t<\/div>\n\t\t<div class=\"elementor-element elementor-element-bc48da6 e-con-full e-flex e-con e-child\" data-id=\"bc48da6\" data-element_type=\"container\" data-settings=\"{&quot;background_background&quot;:&quot;classic&quot;}\">\n\t\t\t\t<div class=\"elementor-element elementor-element-aa9332c elementor-widget elementor-widget-image-box\" data-id=\"aa9332c\" data-element_type=\"widget\" data-widget_type=\"image-box.default\">\n\t\t\t\t<div class=\"elementor-widget-container\">\n\t\t\t\t\t<div class=\"elementor-image-box-wrapper\"><div class=\"elementor-image-box-content\"><h2 class=\"elementor-image-box-title\">Cultural Attractions<\/h2><p class=\"elementor-image-box-description\">The world of arts and entertainment is also thriving in S\u00e3o Paulo. As the cultural center of Latin America, S\u00e3o Paulo has 101 museums, 282 movie theaters, 146 libraries and around 40 cultural centers, in addition to the countless popular festivals and fairs that take place on its streets. In addition, the city has 182 theaters. These are spaces for the staging of shows of all artistic styles, ranging from blockbuster Broadway musicals to avant-garde theater.<\/p><\/div><\/div>\t\t\t\t<\/div>\n\t\t\t\t<\/div>\n\t\t\t\t<\/div>\n\t\t\t\t\t<\/div>\n\t\t\t\t<\/div>\n\t\t<div class=\"elementor-element elementor-element-1ca378a e-flex e-con-boxed e-con e-parent\" data-id=\"1ca378a\" data-element_type=\"container\">\n\t\t\t\t\t<div class=\"e-con-inner\">\n\t\t<div class=\"elementor-element elementor-element-70b65d8 e-con-full e-flex e-con e-child\" data-id=\"70b65d8\" data-element_type=\"container\" data-settings=\"{&quot;background_background&quot;:&quot;classic&quot;}\">\n\t\t<div class=\"elementor-element elementor-element-dd81c56 e-con-full e-flex e-con e-child\" data-id=\"dd81c56\" data-element_type=\"container\" data-settings=\"{&quot;background_background&quot;:&quot;classic&quot;}\">\n\t\t\t\t<div class=\"elementor-element elementor-element-dc10b2e elementor-widget elementor-widget-image-box\" data-id=\"dc10b2e\" data-element_type=\"widget\" data-widget_type=\"image-box.default\">\n\t\t\t\t<div class=\"elementor-widget-container\">\n\t\t\t\t\t<div class=\"elementor-image-box-wrapper\"><div class=\"elementor-image-box-content\"><h2 class=\"elementor-image-box-title\">Busy nightlife<\/h2><p class=\"elementor-image-box-description\">Nightlife in S\u00e3o Paulo is a true reflection of the city: frenetic, creative and democratic. In 2014, CNN columnist Mark Manson named the city of S\u00e3o Paulo as one of the ten best places in the world for parties, nightclubs and other nightlife entertainment. S\u00e3o Paulo was the only Brazilian city to make the list. There is something for everyone, from country music, R&amp;B (Rhythm and Blues), rock and samba, to electronic music, pop and forr\u00f3. Vila Madalena, Itaim Bibi, Vila Ol\u00edmpia, Centro and Barra Funda are some of the most popular neighborhoods for those who enjoy enjoying the nightlife in the capital.\n\n<\/p><\/div><\/div>\t\t\t\t<\/div>\n\t\t\t\t<\/div>\n\t\t\t\t<\/div>\n\t\t\t\t<\/div>\n\t\t<div class=\"elementor-element elementor-element-3329946 e-con-full e-flex e-con e-child\" data-id=\"3329946\" data-element_type=\"container\" data-settings=\"{&quot;background_background&quot;:&quot;classic&quot;}\">\n\t\t\t\t<div class=\"elementor-element elementor-element-1685f9f elementor-widget elementor-widget-spacer\" data-id=\"1685f9f\" data-element_type=\"widget\" data-widget_type=\"spacer.default\">\n\t\t\t\t<div class=\"elementor-widget-container\">\n\t\t\t\t\t\t\t<div class=\"elementor-spacer\">\n\t\t\t<div class=\"elementor-spacer-inner\"><\/div>\n\t\t<\/div>\n\t\t\t\t\t\t<\/div>\n\t\t\t\t<\/div>\n\t\t\t\t<\/div>\n\t\t\t\t\t<\/div>\n\t\t\t\t<\/div>\n\t\t<div class=\"elementor-element elementor-element-596b40c e-flex e-con-boxed e-con e-parent\" data-id=\"596b40c\" data-element_type=\"container\" data-settings=\"{&quot;background_background&quot;:&quot;classic&quot;}\">\n\t\t\t\t\t<div class=\"e-con-inner\">\n\t\t<div class=\"elementor-element elementor-element-43832df e-con-full e-flex e-con e-child\" data-id=\"43832df\" data-element_type=\"container\" data-settings=\"{&quot;background_background&quot;:&quot;classic&quot;}\">\n\t\t\t\t<div class=\"elementor-element elementor-element-12e8681 elementor-widget elementor-widget-spacer\" data-id=\"12e8681\" data-element_type=\"widget\" data-widget_type=\"spacer.default\">\n\t\t\t\t<div class=\"elementor-widget-container\">\n\t\t\t\t\t\t\t<div class=\"elementor-spacer\">\n\t\t\t<div class=\"elementor-spacer-inner\"><\/div>\n\t\t<\/div>\n\t\t\t\t\t\t<\/div>\n\t\t\t\t<\/div>\n\t\t\t\t<\/div>\n\t\t<div class=\"elementor-element elementor-element-f9aa74d e-con-full e-flex e-con e-child\" data-id=\"f9aa74d\" data-element_type=\"container\" data-settings=\"{&quot;background_background&quot;:&quot;classic&quot;}\">\n\t\t\t\t<div class=\"elementor-element elementor-element-677f0dc elementor-widget elementor-widget-image-box\" data-id=\"677f0dc\" data-element_type=\"widget\" data-widget_type=\"image-box.default\">\n\t\t\t\t<div class=\"elementor-widget-container\">\n\t\t\t\t\t<div class=\"elementor-image-box-wrapper\"><div class=\"elementor-image-box-content\"><h2 class=\"elementor-image-box-title\">Shopping<\/h2><p class=\"elementor-image-box-description\">The capital of S\u00e3o Paulo is the main destination for shopping tourism in the country, with luxurious options and super affordable shopping centers. There are more than 50 shopping centers and around 60 themed shopping streets. One of the most charming addresses in S\u00e3o Paulo is Oscar Freire Street. There are more than 200 stores of renowned national and international brands. If you want to guarantee good bargains, there is Rua 25 de Mar\u00e7o, the largest popular open-air shopping conglomerate in Latin America, with more than three thousand stores. Also in the central region, Bom Retiro and Br\u00e1s are strong neighborhoods for clothing. And in Itaim, on Rua Jo\u00e3o Cachoeira, and in Moema, on Rua Bem-Te-Vi, there are some excellent outlets.<\/p><\/div><\/div>\t\t\t\t<\/div>\n\t\t\t\t<\/div>\n\t\t\t\t<\/div>\n\t\t\t\t\t<\/div>\n\t\t\t\t<\/div>\n\t\t<div class=\"elementor-element elementor-element-3c971f8 e-flex e-con-boxed e-con e-parent\" data-id=\"3c971f8\" data-element_type=\"container\">\n\t\t\t\t\t<div class=\"e-con-inner\">\n\t\t<div class=\"elementor-element elementor-element-35e3ac2 e-con-full e-flex e-con e-child\" data-id=\"35e3ac2\" data-element_type=\"container\" data-settings=\"{&quot;background_background&quot;:&quot;classic&quot;}\">\n\t\t<div class=\"elementor-element elementor-element-e22e3bd e-con-full e-flex e-con e-child\" data-id=\"e22e3bd\" data-element_type=\"container\" data-settings=\"{&quot;background_background&quot;:&quot;classic&quot;}\">\n\t\t\t\t<div class=\"elementor-element elementor-element-21e753e elementor-widget elementor-widget-image-box\" data-id=\"21e753e\" data-element_type=\"widget\" data-widget_type=\"image-box.default\">\n\t\t\t\t<div class=\"elementor-widget-container\">\n\t\t\t\t\t<div class=\"elementor-image-box-wrapper\"><div class=\"elementor-image-box-content\"><h2 class=\"elementor-image-box-title\">City of Geeks and Nerds<\/h2><p class=\"elementor-image-box-description\">In addition to bringing together the most diverse nationalities, cultures and urban tribes, S\u00e3o Paulo is also the largest geek and nerd stronghold in the country. The number of fans of this curious universe grows every day and there is always something new related to the subject. For fans of this culture, the city is a paradise. <\/p><\/div><\/div>\t\t\t\t<\/div>\n\t\t\t\t<\/div>\n\t\t\t\t<\/div>\n\t\t\t\t<\/div>\n\t\t<div class=\"elementor-element elementor-element-50ec752 e-con-full e-flex e-con e-child\" data-id=\"50ec752\" data-element_type=\"container\" data-settings=\"{&quot;background_background&quot;:&quot;classic&quot;}\">\n\t\t\t\t<div class=\"elementor-element elementor-element-e1f4552 elementor-widget elementor-widget-spacer\" data-id=\"e1f4552\" data-element_type=\"widget\" data-widget_type=\"spacer.default\">\n\t\t\t\t<div class=\"elementor-widget-container\">\n\t\t\t\t\t\t\t<div class=\"elementor-spacer\">\n\t\t\t<div class=\"elementor-spacer-inner\"><\/div>\n\t\t<\/div>\n\t\t\t\t\t\t<\/div>\n\t\t\t\t<\/div>\n\t\t\t\t<\/div>\n\t\t\t\t\t<\/div>\n\t\t\t\t<\/div>\n\t\t<div class=\"elementor-element elementor-element-970d64b e-flex e-con-boxed e-con e-parent\" data-id=\"970d64b\" data-element_type=\"container\" data-settings=\"{&quot;background_background&quot;:&quot;classic&quot;}\">\n\t\t\t\t\t<div class=\"e-con-inner\">\n\t\t<div class=\"elementor-element elementor-element-16429f0 e-con-full e-flex e-con e-child\" data-id=\"16429f0\" data-element_type=\"container\" data-settings=\"{&quot;background_background&quot;:&quot;classic&quot;}\">\n\t\t\t\t<div class=\"elementor-element elementor-element-10c52d2 elementor-widget elementor-widget-spacer\" data-id=\"10c52d2\" data-element_type=\"widget\" data-widget_type=\"spacer.default\">\n\t\t\t\t<div class=\"elementor-widget-container\">\n\t\t\t\t\t\t\t<div class=\"elementor-spacer\">\n\t\t\t<div class=\"elementor-spacer-inner\"><\/div>\n\t\t<\/div>\n\t\t\t\t\t\t<\/div>\n\t\t\t\t<\/div>\n\t\t\t\t<\/div>\n\t\t<div class=\"elementor-element elementor-element-05e9aa0 e-con-full e-flex e-con e-child\" data-id=\"05e9aa0\" data-element_type=\"container\" data-settings=\"{&quot;background_background&quot;:&quot;classic&quot;}\">\n\t\t\t\t<div class=\"elementor-element elementor-element-9f8c591 elementor-widget elementor-widget-image-box\" data-id=\"9f8c591\" data-element_type=\"widget\" data-widget_type=\"image-box.default\">\n\t\t\t\t<div class=\"elementor-widget-container\">\n\t\t\t\t\t<div class=\"elementor-image-box-wrapper\"><div class=\"elementor-image-box-content\"><h2 class=\"elementor-image-box-title\">Nature<\/h2><p class=\"elementor-image-box-description\">Despite being Brazil&#039;s largest economic center and a predominantly urban metropolis, S\u00e3o Paulo preserves its areas of contact with nature, where it is possible to practice sports, spend time outdoors and see different species of animals. Some of these places are the S\u00e3o Paulo Zoo, the Aquarium, the Butantan Institute and the 111 parks spread throughout the city, such as Ibirapuera, Juventude, \u00c1gua Branca and Cantareira State Park.<\/p><\/div><\/div>\t\t\t\t<\/div>\n\t\t\t\t<\/div>\n\t\t\t\t<\/div>\n\t\t\t\t\t<\/div>\n\t\t\t\t<\/div>\n\t\t\t\t<\/div>","protected":false},"excerpt":{"rendered":"<p>Sobre S\u00e3o Paulo Uma cidade vanguardista e inovadora, que preserva na arquitetura, nas artes e na gastronomia um passado composto pela uni\u00e3o de mais de 70 nacionalidades. E, ao mesmo tempo em que preserva tradi\u00e7\u00f5es, n\u00e3o se deixa ultrapassar. Antenada \u00e9 a palavra certa para descrev\u00ea-la. Para conhec\u00ea-la melhor \u00e9 preciso apenas duas coisas: mente [&hellip;]<\/p>","protected":false},"author":1,"featured_media":0,"parent":0,"menu_order":0,"comment_status":"closed","ping_status":"closed","template":"elementor_header_footer","meta":{"footnotes":""},"class_list":["post-256","page","type-page","status-publish","hentry"],"_links":{"self":[{"href":"https:\/\/abraco.org.br\/intercorr2025\/en\/wp-json\/wp\/v2\/pages\/256","targetHints":{"allow":["GET"]}}],"collection":[{"href":"https:\/\/abraco.org.br\/intercorr2025\/en\/wp-json\/wp\/v2\/pages"}],"about":[{"href":"https:\/\/abraco.org.br\/intercorr2025\/en\/wp-json\/wp\/v2\/types\/page"}],"author":[{"embeddable":true,"href":"https:\/\/abraco.org.br\/intercorr2025\/en\/wp-json\/wp\/v2\/users\/1"}],"replies":[{"embeddable":true,"href":"https:\/\/abraco.org.br\/intercorr2025\/en\/wp-json\/wp\/v2\/comments?post=256"}],"version-history":[{"count":76,"href":"https:\/\/abraco.org.br\/intercorr2025\/en\/wp-json\/wp\/v2\/pages\/256\/revisions"}],"predecessor-version":[{"id":2088,"href":"https:\/\/abraco.org.br\/intercorr2025\/en\/wp-json\/wp\/v2\/pages\/256\/revisions\/2088"}],"wp:attachment":[{"href":"https:\/\/abraco.org.br\/intercorr2025\/en\/wp-json\/wp\/v2\/media?parent=256"}],"curies":[{"name":"wp","href":"https:\/\/api.w.org\/{rel}","templated":true}]}}