{"id":3198,"date":"2025-04-13T23:52:01","date_gmt":"2025-04-13T23:52:01","guid":{"rendered":"https:\/\/abraco.org.br\/intercorr2025\/?page_id=3198"},"modified":"2025-04-14T14:42:26","modified_gmt":"2025-04-14T14:42:26","slug":"luiz-paulo-gomes","status":"publish","type":"page","link":"https:\/\/abraco.org.br\/intercorr2025\/en\/luiz-paulo-gomes\/","title":{"rendered":"Luiz Paulo Gomes"},"content":{"rendered":"<div data-elementor-type=\"wp-page\" data-elementor-id=\"3198\" class=\"elementor elementor-3198\" data-elementor-post-type=\"page\">\n\t\t\t\t<div class=\"elementor-element elementor-element-0a813a3 e-flex e-con-boxed e-con e-parent\" data-id=\"0a813a3\" data-element_type=\"container\" data-settings=\"{&quot;background_background&quot;:&quot;classic&quot;}\">\n\t\t\t\t\t<div class=\"e-con-inner\">\n\t\t<div class=\"elementor-element elementor-element-ee90008 e-con-full e-flex e-con e-child\" data-id=\"ee90008\" data-element_type=\"container\">\n\t\t\t\t<div class=\"elementor-element elementor-element-e39af87 elementor-widget elementor-widget-heading\" data-id=\"e39af87\" data-element_type=\"widget\" data-widget_type=\"heading.default\">\n\t\t\t\t<div class=\"elementor-widget-container\">\n\t\t\t\t\t<h2 class=\"elementor-heading-title elementor-size-default\">A Norma Brasileira sobre Prote\u00e7\u00e3o Cat\u00f3dica de Estruturas de Concreto<\/h2>\t\t\t\t<\/div>\n\t\t\t\t<\/div>\n\t\t\t\t<div class=\"elementor-element elementor-element-feab3f0 elementor-widget elementor-widget-text-editor\" data-id=\"feab3f0\" data-element_type=\"widget\" data-widget_type=\"text-editor.default\">\n\t\t\t\t<div class=\"elementor-widget-container\">\n\t\t\t\t\t\t\t\t\t<p>As estruturas de concreto de um modo geral e em especial as influenciadas por cloretos s\u00e3o uma grande preocupa\u00e7\u00e3o dos engenheiros dedicados \u00e0 constru\u00e7\u00e3o civil. Pontes, viadutos, instala\u00e7\u00f5es portu\u00e1rias, p\u00ederes de atraca\u00e7\u00e3o de navios e edifica\u00e7\u00f5es residenciais, notadamente as constru\u00eddas pr\u00f3ximo ao mar, sofrem problemas de corros\u00e3o importantes, que precisam ser resolvidos em tempo h\u00e1bil. Muitas edifica\u00e7\u00f5es com esses problemas acabam entrando em colapso devido \u00e0 falta de manuten\u00e7\u00e3o, causando grandes preju\u00edzos e ceifando vidas humanas, o que \u00e9 inaceit\u00e1vel. Quando as estruturas j\u00e1 est\u00e3o contaminadas por cloretos, a \u00fanica solu\u00e7\u00e3o para eliminar a corros\u00e3o, na maioria dos casos, consiste na instala\u00e7\u00e3o de \u00e2nodos de prote\u00e7\u00e3o cat\u00f3dica, desenhados especialmente para serem embutidos no concreto durante os servi\u00e7os de recupera\u00e7\u00e3o das estruturas j\u00e1 danificadas ou durante a constru\u00e7\u00e3o de novas obras. O assunto \u00e9 t\u00e3o importante que a ABNT, atrav\u00e9s de sua Comiss\u00e3o de Estudos de Prote\u00e7\u00e3o Cat\u00f3dica (ABNT CE-043:000.003), parte integrante do Comit\u00ea de Corros\u00e3o CB43, decidiu criar um Grupo de Trabalho (ABNT 043:000.003-008) para elaborar o texto da Norma Brasileira de Prote\u00e7\u00e3o Cat\u00f3dica de Estruturas de Concreto. Essa apresenta\u00e7\u00e3o mostrar\u00e1 um resumo dessa importnte norma ABNT , com as principais orienta\u00e7\u00f5es e recomenda\u00e7\u00f5es para a utiliza\u00e7\u00e3o da t\u00e9cnica de prote\u00e7\u00e3o cat\u00f3dica em estruturas de concreto.<\/p>\t\t\t\t\t\t\t\t<\/div>\n\t\t\t\t<\/div>\n\t\t\t\t<\/div>\n\t\t<div class=\"elementor-element elementor-element-334a169 e-con-full elementor-hidden-mobile e-flex e-con e-child\" data-id=\"334a169\" data-element_type=\"container\">\n\t\t\t\t<\/div>\n\t\t\t\t\t<\/div>\n\t\t\t\t<\/div>\n\t\t<div class=\"elementor-element elementor-element-f330146 e-flex e-con-boxed e-con e-parent\" data-id=\"f330146\" data-element_type=\"container\">\n\t\t\t\t\t<div class=\"e-con-inner\">\n\t\t\t\t<div class=\"elementor-element elementor-element-51ad316 elementor-cta--layout-image-left elementor-cta--mobile-layout-image-above elementor-cta--valign-middle elementor-cta--skin-classic elementor-animated-content elementor-bg-transform elementor-bg-transform-zoom-in elementor-widget elementor-widget-call-to-action\" data-id=\"51ad316\" data-element_type=\"widget\" data-widget_type=\"call-to-action.default\">\n\t\t\t\t<div class=\"elementor-widget-container\">\n\t\t\t\t\t\t\t<div class=\"elementor-cta\">\n\t\t\t\t\t<div class=\"elementor-cta__bg-wrapper\">\n\t\t\t\t<div class=\"elementor-cta__bg elementor-bg\" style=\"background-image: url(https:\/\/abraco.org.br\/intercorr2025\/wp-content\/uploads\/2024\/11\/Imagem1.png);\" role=\"img\" aria-label=\"Image1\"><\/div>\n\t\t\t\t<div class=\"elementor-cta__bg-overlay\"><\/div>\n\t\t\t<\/div>\n\t\t\t\t\t\t\t<div class=\"elementor-cta__content\">\n\t\t\t\t\n\t\t\t\t\t\t\t\t\t<h2 class=\"elementor-cta__title elementor-cta__content-item elementor-content-item\">\n\t\t\t\t\t\tLuiz Paulo Gomes\t\t\t\t\t<\/h2>\n\t\t\t\t\n\t\t\t\t\t\t\t\t\t<div class=\"elementor-cta__description elementor-cta__content-item elementor-content-item\">\n\t\t\t\t\t\tEngenheiro pela UFF, com especializa\u00e7\u00e3o em Engenharia de Equipamentos de Petr\u00f3leo pela Petrobras, Diretor da IEC-Instala\u00e7\u00f5es e Engenharia de Corros\u00e3o, Coordenador do Grupo de Trabalho que est\u00e1 elaborando o Projeto de Norma ABNT sobre Prote\u00e7\u00e3o Cat\u00f3dica de Armaduras de A\u00e7o de Estruturas de Concreto, autor do livro Sistemas de Prote\u00e7\u00e3o Cat\u00f3dica e atual Presidente da ABRACO para o bi\u00eanio 2025\/2027.\n\n\t\t\t\t\t<\/div>\n\t\t\t\t\n\t\t\t\t\t\t\t<\/div>\n\t\t\t\t\t\t<\/div>\n\t\t\t\t\t\t<\/div>\n\t\t\t\t<\/div>\n\t\t\t\t\t<\/div>\n\t\t\t\t<\/div>\n\t\t\t\t<\/div>","protected":false},"excerpt":{"rendered":"<p>A Norma Brasileira sobre Prote\u00e7\u00e3o Cat\u00f3dica de Estruturas de Concreto As estruturas de concreto de um modo geral e em especial as influenciadas por cloretos s\u00e3o uma grande preocupa\u00e7\u00e3o dos engenheiros dedicados \u00e0 constru\u00e7\u00e3o civil. Pontes, viadutos, instala\u00e7\u00f5es portu\u00e1rias, p\u00ederes de atraca\u00e7\u00e3o de navios e edifica\u00e7\u00f5es residenciais, notadamente as constru\u00eddas pr\u00f3ximo ao mar, sofrem problemas [&hellip;]<\/p>","protected":false},"author":1,"featured_media":0,"parent":0,"menu_order":0,"comment_status":"closed","ping_status":"closed","template":"elementor_header_footer","meta":{"footnotes":""},"class_list":["post-3198","page","type-page","status-publish","hentry"],"_links":{"self":[{"href":"https:\/\/abraco.org.br\/intercorr2025\/en\/wp-json\/wp\/v2\/pages\/3198","targetHints":{"allow":["GET"]}}],"collection":[{"href":"https:\/\/abraco.org.br\/intercorr2025\/en\/wp-json\/wp\/v2\/pages"}],"about":[{"href":"https:\/\/abraco.org.br\/intercorr2025\/en\/wp-json\/wp\/v2\/types\/page"}],"author":[{"embeddable":true,"href":"https:\/\/abraco.org.br\/intercorr2025\/en\/wp-json\/wp\/v2\/users\/1"}],"replies":[{"embeddable":true,"href":"https:\/\/abraco.org.br\/intercorr2025\/en\/wp-json\/wp\/v2\/comments?post=3198"}],"version-history":[{"count":13,"href":"https:\/\/abraco.org.br\/intercorr2025\/en\/wp-json\/wp\/v2\/pages\/3198\/revisions"}],"predecessor-version":[{"id":3295,"href":"https:\/\/abraco.org.br\/intercorr2025\/en\/wp-json\/wp\/v2\/pages\/3198\/revisions\/3295"}],"wp:attachment":[{"href":"https:\/\/abraco.org.br\/intercorr2025\/en\/wp-json\/wp\/v2\/media?parent=3198"}],"curies":[{"name":"wp","href":"https:\/\/api.w.org\/{rel}","templated":true}]}}