{"id":3500,"date":"2025-05-02T22:39:53","date_gmt":"2025-05-02T22:39:53","guid":{"rendered":"https:\/\/abraco.org.br\/intercorr2025\/?page_id=3500"},"modified":"2025-05-02T22:43:17","modified_gmt":"2025-05-02T22:43:17","slug":"adriana-araujo","status":"publish","type":"page","link":"https:\/\/abraco.org.br\/intercorr2025\/en\/adriana-araujo\/","title":{"rendered":"Adriana Ara\u00fajo"},"content":{"rendered":"<div data-elementor-type=\"wp-page\" data-elementor-id=\"3500\" class=\"elementor elementor-3500\" data-elementor-post-type=\"page\">\n\t\t\t\t<div class=\"elementor-element elementor-element-0a813a3 e-flex e-con-boxed e-con e-parent\" data-id=\"0a813a3\" data-element_type=\"container\" data-settings=\"{&quot;background_background&quot;:&quot;classic&quot;}\">\n\t\t\t\t\t<div class=\"e-con-inner\">\n\t\t<div class=\"elementor-element elementor-element-ee90008 e-con-full e-flex e-con e-child\" data-id=\"ee90008\" data-element_type=\"container\">\n\t\t\t\t<div class=\"elementor-element elementor-element-e39af87 elementor-widget elementor-widget-heading\" data-id=\"e39af87\" data-element_type=\"widget\" data-widget_type=\"heading.default\">\n\t\t\t\t<div class=\"elementor-widget-container\">\n\t\t\t\t\t<h2 class=\"elementor-heading-title elementor-size-default\"><strong>CORROS\u00c3O DE ESTRUTURAS DE CONCRETO:<\/strong>                                             fundamenta\u00e7\u00e3o te\u00f3rica e procedimentos de ensaios e an\u00e1lises aplic\u00e1veis em campo e em estudos laboratoriais. <\/h2>\t\t\t\t<\/div>\n\t\t\t\t<\/div>\n\t\t\t\t<div class=\"elementor-element elementor-element-feab3f0 elementor-widget elementor-widget-text-editor\" data-id=\"feab3f0\" data-element_type=\"widget\" data-widget_type=\"text-editor.default\">\n\t\t\t\t<div class=\"elementor-widget-container\">\n\t\t\t\t\t\t\t\t\t<p>A corros\u00e3o \u00e9 uma das principais causas de degrada\u00e7\u00e3o das estruturas de concreto armado, frequentemente induzida pela penetra\u00e7\u00e3o de g\u00e1s carb\u00f4nico ou \u00edons cloreto no concreto de cobrimento, o que resulta na destrui\u00e7\u00e3o do filme passivo que protege as armaduras. A palestra iniciar\u00e1 com a explica\u00e7\u00e3o da a\u00e7\u00e3o desses agentes, os principais mecanismos da corros\u00e3o e seu impacto na vida \u00fatil das estruturas. Em seguida, ser\u00e3o apresentados os ensaios e an\u00e1lises aplic\u00e1veis para investigar a corros\u00e3o, tanto em campo quanto em estudos laboratoriais. A \u00eanfase ser\u00e1 dada aos m\u00e9todos desses ensaios, considerando as restri\u00e7\u00f5es das normas nacionais, al\u00e9m da import\u00e2ncia do conhecimento dos procedimentos de investiga\u00e7\u00e3o da corros\u00e3o e da avalia\u00e7\u00e3o de materiais e m\u00e9todos de prote\u00e7\u00e3o. Todo o conte\u00fado ser\u00e1 fundamentado no <em>Manual Gerdau 2025<\/em>, de mesmo tema, elaborado pela palestrante<strong>. <\/strong><\/p>\t\t\t\t\t\t\t\t<\/div>\n\t\t\t\t<\/div>\n\t\t\t\t<\/div>\n\t\t<div class=\"elementor-element elementor-element-334a169 e-con-full elementor-hidden-mobile e-flex e-con e-child\" data-id=\"334a169\" data-element_type=\"container\">\n\t\t\t\t<\/div>\n\t\t\t\t\t<\/div>\n\t\t\t\t<\/div>\n\t\t<div class=\"elementor-element elementor-element-f330146 e-flex e-con-boxed e-con e-parent\" data-id=\"f330146\" data-element_type=\"container\">\n\t\t\t\t\t<div class=\"e-con-inner\">\n\t\t\t\t<div class=\"elementor-element elementor-element-a83f93c elementor-cta--layout-image-left elementor-cta--mobile-layout-image-above elementor-cta--valign-middle elementor-cta--skin-classic elementor-animated-content elementor-bg-transform elementor-bg-transform-zoom-in elementor-widget elementor-widget-call-to-action\" data-id=\"a83f93c\" data-element_type=\"widget\" data-widget_type=\"call-to-action.default\">\n\t\t\t\t<div class=\"elementor-widget-container\">\n\t\t\t\t\t\t\t<div class=\"elementor-cta\">\n\t\t\t\t\t<div class=\"elementor-cta__bg-wrapper\">\n\t\t\t\t<div class=\"elementor-cta__bg elementor-bg\" style=\"background-image: url(https:\/\/abraco.org.br\/intercorr2025\/wp-content\/uploads\/2025\/05\/AARAUJO-FOTO-CV-2048x1365.jpg);\" role=\"img\" aria-label=\"AARAUJO-FOTO CV\"><\/div>\n\t\t\t\t<div class=\"elementor-cta__bg-overlay\"><\/div>\n\t\t\t<\/div>\n\t\t\t\t\t\t\t<div class=\"elementor-cta__content\">\n\t\t\t\t\n\t\t\t\t\t\t\t\t\t<h2 class=\"elementor-cta__title elementor-cta__content-item elementor-content-item\">\n\t\t\t\t\t\tAdriana Ara\u00fajo\t\t\t\t\t<\/h2>\n\t\t\t\t\n\t\t\t\t\t\t\t\t\t<div class=\"elementor-cta__description elementor-cta__content-item elementor-content-item\">\n\t\t\t\t\t\tArquiteta e Engenheiro pela Universidade Presbiteriana Mackenzie com mestrado no Instituto de Pesquisa Tecnol\u00f3gicas. Atua na ind\u00fastria da constru\u00e7\u00e3o civil h\u00e1 mais de 35 anos, com experi\u00eancia em corros\u00e3o de metais em diferentes meios, destacando-se na corros\u00e3o em estruturas de concreto armado. Como principais temas de atua\u00e7\u00e3o, incluem-se: patologia das constru\u00e7\u00f5es, inspe\u00e7\u00e3o e ensaios de caracteriza\u00e7\u00e3o e de desempenho de metais e de sistemas de preven\u00e7\u00e3o e de mitiga\u00e7\u00e3o da corros\u00e3o, reabilita\u00e7\u00e3o e monitoramento das estruturas, durabilidade, medidas eletroqu\u00edmicas, prote\u00e7\u00e3o cat\u00f3dica e revestimentos org\u00e2nicos. Desde 2002, atua no IPT-LCP, desempenhando atividades laboratoriais e em campo, voltadas para os grupos de pesquisa de Materiais avan\u00e7ados e de Materiais da Constru\u00e7\u00e3o Civil. \n\t\t\t\t\t<\/div>\n\t\t\t\t\n\t\t\t\t\t\t\t<\/div>\n\t\t\t\t\t\t<\/div>\n\t\t\t\t\t\t<\/div>\n\t\t\t\t<\/div>\n\t\t\t\t\t<\/div>\n\t\t\t\t<\/div>\n\t\t\t\t<\/div>","protected":false},"excerpt":{"rendered":"<p>CORROS\u00c3O DE ESTRUTURAS DE CONCRETO: fundamenta\u00e7\u00e3o te\u00f3rica e procedimentos de ensaios e an\u00e1lises aplic\u00e1veis em campo e em estudos laboratoriais. A corros\u00e3o \u00e9 uma das principais causas de degrada\u00e7\u00e3o das estruturas de concreto armado, frequentemente induzida pela penetra\u00e7\u00e3o de g\u00e1s carb\u00f4nico ou \u00edons cloreto no concreto de cobrimento, o que resulta na destrui\u00e7\u00e3o do filme [&hellip;]<\/p>","protected":false},"author":1,"featured_media":0,"parent":0,"menu_order":0,"comment_status":"closed","ping_status":"closed","template":"elementor_header_footer","meta":{"footnotes":""},"class_list":["post-3500","page","type-page","status-publish","hentry"],"_links":{"self":[{"href":"https:\/\/abraco.org.br\/intercorr2025\/en\/wp-json\/wp\/v2\/pages\/3500","targetHints":{"allow":["GET"]}}],"collection":[{"href":"https:\/\/abraco.org.br\/intercorr2025\/en\/wp-json\/wp\/v2\/pages"}],"about":[{"href":"https:\/\/abraco.org.br\/intercorr2025\/en\/wp-json\/wp\/v2\/types\/page"}],"author":[{"embeddable":true,"href":"https:\/\/abraco.org.br\/intercorr2025\/en\/wp-json\/wp\/v2\/users\/1"}],"replies":[{"embeddable":true,"href":"https:\/\/abraco.org.br\/intercorr2025\/en\/wp-json\/wp\/v2\/comments?post=3500"}],"version-history":[{"count":7,"href":"https:\/\/abraco.org.br\/intercorr2025\/en\/wp-json\/wp\/v2\/pages\/3500\/revisions"}],"predecessor-version":[{"id":3508,"href":"https:\/\/abraco.org.br\/intercorr2025\/en\/wp-json\/wp\/v2\/pages\/3500\/revisions\/3508"}],"wp:attachment":[{"href":"https:\/\/abraco.org.br\/intercorr2025\/en\/wp-json\/wp\/v2\/media?parent=3500"}],"curies":[{"name":"wp","href":"https:\/\/api.w.org\/{rel}","templated":true}]}}