{"id":3515,"date":"2025-05-02T22:51:40","date_gmt":"2025-05-02T22:51:40","guid":{"rendered":"https:\/\/abraco.org.br\/intercorr2025\/?page_id=3515"},"modified":"2025-05-02T22:54:55","modified_gmt":"2025-05-02T22:54:55","slug":"rafael-adriano-e-alexandre-campos","status":"publish","type":"page","link":"https:\/\/abraco.org.br\/intercorr2025\/en\/rafael-adriano-e-alexandre-campos\/","title":{"rendered":"Rafael Adriano e Alexandre Campos"},"content":{"rendered":"<div data-elementor-type=\"wp-page\" data-elementor-id=\"3515\" class=\"elementor elementor-3515\" data-elementor-post-type=\"page\">\n\t\t\t\t<div class=\"elementor-element elementor-element-0a813a3 e-flex e-con-boxed e-con e-parent\" data-id=\"0a813a3\" data-element_type=\"container\" data-settings=\"{&quot;background_background&quot;:&quot;classic&quot;}\">\n\t\t\t\t\t<div class=\"e-con-inner\">\n\t\t<div class=\"elementor-element elementor-element-ee90008 e-con-full e-flex e-con e-child\" data-id=\"ee90008\" data-element_type=\"container\">\n\t\t\t\t<div class=\"elementor-element elementor-element-e39af87 elementor-widget elementor-widget-heading\" data-id=\"e39af87\" data-element_type=\"widget\" data-widget_type=\"heading.default\">\n\t\t\t\t<div class=\"elementor-widget-container\">\n\t\t\t\t\t<h2 class=\"elementor-heading-title elementor-size-default\"><strong>Predi\u00e7\u00e3o de Corros\u00e3o <\/strong>\u2013 Abordagem de Inspe\u00e7\u00e3o Baseada em Risco<\/h2>\t\t\t\t<\/div>\n\t\t\t\t<\/div>\n\t\t\t\t<div class=\"elementor-element elementor-element-feab3f0 elementor-widget elementor-widget-text-editor\" data-id=\"feab3f0\" data-element_type=\"widget\" data-widget_type=\"text-editor.default\">\n\t\t\t\t<div class=\"elementor-widget-container\">\n\t\t\t\t\t\t\t\t\t<p style=\"font-weight: 400;\">A gest\u00e3o da integridade de um equipamento sujeito \u00e0 corros\u00e3o na \u00e1rea industrial \u00e9 realizada com base na an\u00e1lise multifatorial das vari\u00e1veis associadas aos mecanismos de deteriora\u00e7\u00e3o que este equipamento est\u00e1 sujeito ao longo da sua opera\u00e7\u00e3o. Um plano de inspe\u00e7\u00e3o adequado precisa ser capaz de detectar, quantificar e acompanhar as condi\u00e7\u00f5es f\u00edsicas, bem como estabelecer as recomenda\u00e7\u00f5es nos prazos adequados para mitigar os danos presentes.<\/p><p style=\"font-weight: 400;\">Dentre as diversas vari\u00e1veis poss\u00edveis de acompanhar, h\u00e1 a escolha da metodologia adequada para a defini\u00e7\u00e3o da susceptibilidade \u00e0 degrada\u00e7\u00e3o e do c\u00e1lculo das taxas de deteriora\u00e7\u00e3o do componente sujeito ao mecanismo de dano. Isto porque h\u00e1 uma diferen\u00e7a sutil, a qual ser\u00e1 discutida neste artigo, entre a determina\u00e7\u00e3o do dano atualmente instalado no equipamento (e suas causas) e o dano futuro que \u00e9 previsto ainda continuar reduzindo a sua capacidade de conten\u00e7\u00e3o prim\u00e1ria na pr\u00f3xima campanha.<\/p><p style=\"font-weight: 400;\">Neste artigo \u00e9 detalhado como determinar os prazos, m\u00e9todos e regi\u00f5es a serem ensaiadas no futuro deste equipamento sujeito \u00e0 corros\u00e3o, com base na metodologia de inspe\u00e7\u00e3o baseada em risco proposta no API RP 581 e que tais resultados s\u00e3o DIFERENTES e conservadores no aspecto de representar a realidade do que j\u00e1 aconteceu at\u00e9 ent\u00e3o no equipamento. Al\u00e9m disto, deixar claro que o objetivo de determinar o plano futuro \u00e9 distinto do objetivo de determinar as recomenda\u00e7\u00f5es de mitiga\u00e7\u00e3o dos danos presentes, deixando claro o escopo das normas envolvidas.<\/p>\t\t\t\t\t\t\t\t<\/div>\n\t\t\t\t<\/div>\n\t\t\t\t<\/div>\n\t\t<div class=\"elementor-element elementor-element-334a169 e-con-full elementor-hidden-mobile e-flex e-con e-child\" data-id=\"334a169\" data-element_type=\"container\">\n\t\t\t\t<\/div>\n\t\t\t\t\t<\/div>\n\t\t\t\t<\/div>\n\t\t<div class=\"elementor-element elementor-element-f330146 e-flex e-con-boxed e-con e-parent\" data-id=\"f330146\" data-element_type=\"container\">\n\t\t\t\t\t<div class=\"e-con-inner\">\n\t\t\t\t<div class=\"elementor-element elementor-element-a83f93c elementor-cta--layout-image-left elementor-cta--mobile-layout-image-above elementor-cta--valign-middle elementor-cta--skin-classic elementor-animated-content elementor-bg-transform elementor-bg-transform-zoom-in elementor-widget elementor-widget-call-to-action\" data-id=\"a83f93c\" data-element_type=\"widget\" data-widget_type=\"call-to-action.default\">\n\t\t\t\t<div class=\"elementor-widget-container\">\n\t\t\t\t\t\t\t<div class=\"elementor-cta\">\n\t\t\t\t\t<div class=\"elementor-cta__bg-wrapper\">\n\t\t\t\t<div class=\"elementor-cta__bg elementor-bg\" style=\"background-image: url(https:\/\/abraco.org.br\/intercorr2025\/wp-content\/uploads\/2025\/05\/Imagem1.jpg);\" role=\"img\" aria-label=\"Image1\"><\/div>\n\t\t\t\t<div class=\"elementor-cta__bg-overlay\"><\/div>\n\t\t\t<\/div>\n\t\t\t\t\t\t\t<div class=\"elementor-cta__content\">\n\t\t\t\t\n\t\t\t\t\t\t\t\t\t<h2 class=\"elementor-cta__title elementor-cta__content-item elementor-content-item\">\n\t\t\t\t\t\tRafael Adriano Guimar\u00e3es dos Reis \t\t\t\t\t<\/h2>\n\t\t\t\t\n\t\t\t\t\t\t\t\t\t<div class=\"elementor-cta__description elementor-cta__content-item elementor-content-item\">\n\t\t\t\t\t\tEngenheiro Mec\u00e2nico \u2013 2012 \u2013 Universidade Federal de Minas Gerais<br>\nT\u00e9cnico de Inspe\u00e7\u00e3o de Equipamentos na Petrobras\/REGAP desde 2008<br>\nDesenvolvimento e Participa\u00e7\u00e3o de An\u00e1lises de IBR em Tanques, com publica\u00e7\u00e3o de artigo sobre o tema no COTEQ 2013<br>\nConsultor na \u00e1rea de Corros\u00e3o e Inspe\u00e7\u00e3o Baseada em Risco desde 2022<br>\nInstrutor no Curso de IBR da Universidade Petrobras desde 2022<br>\nCertificado no API RP 580 (Risk Based Inspection)\t\t\t\t\t<\/div>\n\t\t\t\t\n\t\t\t\t\t\t\t<\/div>\n\t\t\t\t\t\t<\/div>\n\t\t\t\t\t\t<\/div>\n\t\t\t\t<\/div>\n\t\t\t\t\t<\/div>\n\t\t\t\t<\/div>\n\t\t<div class=\"elementor-element elementor-element-34e4e5d e-flex e-con-boxed e-con e-parent\" data-id=\"34e4e5d\" data-element_type=\"container\">\n\t\t\t\t\t<div class=\"e-con-inner\">\n\t\t\t\t<div class=\"elementor-element elementor-element-c5bffc9 elementor-cta--layout-image-left elementor-cta--mobile-layout-image-above elementor-cta--valign-middle elementor-cta--skin-classic elementor-animated-content elementor-bg-transform elementor-bg-transform-zoom-in elementor-widget elementor-widget-call-to-action\" data-id=\"c5bffc9\" data-element_type=\"widget\" data-widget_type=\"call-to-action.default\">\n\t\t\t\t<div class=\"elementor-widget-container\">\n\t\t\t\t\t\t\t<div class=\"elementor-cta\">\n\t\t\t\t\t<div class=\"elementor-cta__bg-wrapper\">\n\t\t\t\t<div class=\"elementor-cta__bg elementor-bg\" style=\"background-image: url(https:\/\/abraco.org.br\/intercorr2025\/wp-content\/uploads\/2025\/05\/Imagem2.png);\" role=\"img\" aria-label=\"Imagem2\"><\/div>\n\t\t\t\t<div class=\"elementor-cta__bg-overlay\"><\/div>\n\t\t\t<\/div>\n\t\t\t\t\t\t\t<div class=\"elementor-cta__content\">\n\t\t\t\t\n\t\t\t\t\t\t\t\t\t<h2 class=\"elementor-cta__title elementor-cta__content-item elementor-content-item\">\n\t\t\t\t\t\tAlexandre Campos Bezerra, D. Sc.\t\t\t\t\t<\/h2>\n\t\t\t\t\n\t\t\t\t\t\t\t\t\t<div class=\"elementor-cta__description elementor-cta__content-item elementor-content-item\">\n\t\t\t\t\t\tEngenheiro Mec\u00e2nico \u2013 1999 \u2013 Universidade Federal do Cear\u00e1<br>\nMestre em Engenharia e Ci\u00eancia de Materiais \u2013 2002 \u2013 Universidade Federal do Cear\u00e1<br>\nDoutor em Engenharia Mec\u00e2nica \u2013 2006 \u2013 Universidade Federal de Uberl\u00e2ndia<br>\nEngenheiro de Equipamentos da Petrobras\/REMAN desde 2006 e na Petrobras\/LUBNOR desde 2024<br>\nDesenvolvimento e Participa\u00e7\u00e3o de An\u00e1lises de IBR em Unidades de Processo desde 2007<br>\nInstrutor do curso de RBI da Universidade Petrobras desde 2010\n\t\t\t\t\t<\/div>\n\t\t\t\t\n\t\t\t\t\t\t\t<\/div>\n\t\t\t\t\t\t<\/div>\n\t\t\t\t\t\t<\/div>\n\t\t\t\t<\/div>\n\t\t\t\t\t<\/div>\n\t\t\t\t<\/div>\n\t\t\t\t<\/div>","protected":false},"excerpt":{"rendered":"<p>Predi\u00e7\u00e3o de Corros\u00e3o \u2013 Abordagem de Inspe\u00e7\u00e3o Baseada em Risco A gest\u00e3o da integridade de um equipamento sujeito \u00e0 corros\u00e3o na \u00e1rea industrial \u00e9 realizada com base na an\u00e1lise multifatorial das vari\u00e1veis associadas aos mecanismos de deteriora\u00e7\u00e3o que este equipamento est\u00e1 sujeito ao longo da sua opera\u00e7\u00e3o. Um plano de inspe\u00e7\u00e3o adequado precisa ser capaz [&hellip;]<\/p>","protected":false},"author":1,"featured_media":0,"parent":0,"menu_order":0,"comment_status":"closed","ping_status":"closed","template":"elementor_header_footer","meta":{"footnotes":""},"class_list":["post-3515","page","type-page","status-publish","hentry"],"_links":{"self":[{"href":"https:\/\/abraco.org.br\/intercorr2025\/en\/wp-json\/wp\/v2\/pages\/3515","targetHints":{"allow":["GET"]}}],"collection":[{"href":"https:\/\/abraco.org.br\/intercorr2025\/en\/wp-json\/wp\/v2\/pages"}],"about":[{"href":"https:\/\/abraco.org.br\/intercorr2025\/en\/wp-json\/wp\/v2\/types\/page"}],"author":[{"embeddable":true,"href":"https:\/\/abraco.org.br\/intercorr2025\/en\/wp-json\/wp\/v2\/users\/1"}],"replies":[{"embeddable":true,"href":"https:\/\/abraco.org.br\/intercorr2025\/en\/wp-json\/wp\/v2\/comments?post=3515"}],"version-history":[{"count":7,"href":"https:\/\/abraco.org.br\/intercorr2025\/en\/wp-json\/wp\/v2\/pages\/3515\/revisions"}],"predecessor-version":[{"id":3524,"href":"https:\/\/abraco.org.br\/intercorr2025\/en\/wp-json\/wp\/v2\/pages\/3515\/revisions\/3524"}],"wp:attachment":[{"href":"https:\/\/abraco.org.br\/intercorr2025\/en\/wp-json\/wp\/v2\/media?parent=3515"}],"curies":[{"name":"wp","href":"https:\/\/api.w.org\/{rel}","templated":true}]}}