{"id":3537,"date":"2025-05-02T23:03:42","date_gmt":"2025-05-02T23:03:42","guid":{"rendered":"https:\/\/abraco.org.br\/intercorr2025\/?page_id=3537"},"modified":"2025-05-19T20:38:49","modified_gmt":"2025-05-19T20:38:49","slug":"christian-sanches","status":"publish","type":"page","link":"https:\/\/abraco.org.br\/intercorr2025\/en\/christian-sanches\/","title":{"rendered":"Christian Sanches"},"content":{"rendered":"<div data-elementor-type=\"wp-page\" data-elementor-id=\"3537\" class=\"elementor elementor-3537\" data-elementor-post-type=\"page\">\n\t\t\t\t<div class=\"elementor-element elementor-element-0a813a3 e-flex e-con-boxed e-con e-parent\" data-id=\"0a813a3\" data-element_type=\"container\" data-settings=\"{&quot;background_background&quot;:&quot;classic&quot;}\">\n\t\t\t\t\t<div class=\"e-con-inner\">\n\t\t<div class=\"elementor-element elementor-element-ee90008 e-con-full e-flex e-con e-child\" data-id=\"ee90008\" data-element_type=\"container\">\n\t\t\t\t<div class=\"elementor-element elementor-element-e39af87 elementor-widget elementor-widget-heading\" data-id=\"e39af87\" data-element_type=\"widget\" data-widget_type=\"heading.default\">\n\t\t\t\t<div class=\"elementor-widget-container\">\n\t\t\t\t\t<h2 class=\"elementor-heading-title elementor-size-default\">Comportamento da Galvaniza\u00e7\u00e3o por Imers\u00e3o a Quente em situa\u00e7\u00e3o de inc\u00eandio<\/h2>\t\t\t\t<\/div>\n\t\t\t\t<\/div>\n\t\t\t\t<div class=\"elementor-element elementor-element-feab3f0 elementor-widget elementor-widget-text-editor\" data-id=\"feab3f0\" data-element_type=\"widget\" data-widget_type=\"text-editor.default\">\n\t\t\t\t<div class=\"elementor-widget-container\">\n\t\t\t\t\t\t\t\t\t<p>Describe como el galvanizado puede influir en un calentamiento m\u00e1s lento del acero frente al fuego a trav\u00e9s de la modificaci\u00f3n de la componente de radiaci\u00f3n en la transferencia de calor hacia el acero. Se muestran datos obtenidos en estudios en Europa con ejemplos y la experiencia en Chile.<\/p>\t\t\t\t\t\t\t\t<\/div>\n\t\t\t\t<\/div>\n\t\t\t\t<\/div>\n\t\t<div class=\"elementor-element elementor-element-334a169 e-con-full elementor-hidden-mobile e-flex e-con e-child\" data-id=\"334a169\" data-element_type=\"container\">\n\t\t\t\t<\/div>\n\t\t\t\t\t<\/div>\n\t\t\t\t<\/div>\n\t\t<div class=\"elementor-element elementor-element-f330146 e-flex e-con-boxed e-con e-parent\" data-id=\"f330146\" data-element_type=\"container\">\n\t\t\t\t\t<div class=\"e-con-inner\">\n\t\t\t\t<div class=\"elementor-element elementor-element-a83f93c elementor-cta--layout-image-left elementor-cta--mobile-layout-image-above elementor-cta--valign-middle elementor-cta--skin-classic elementor-animated-content elementor-bg-transform elementor-bg-transform-zoom-in elementor-widget elementor-widget-call-to-action\" data-id=\"a83f93c\" data-element_type=\"widget\" data-widget_type=\"call-to-action.default\">\n\t\t\t\t<div class=\"elementor-widget-container\">\n\t\t\t\t\t\t\t<div class=\"elementor-cta\">\n\t\t\t\t\t<div class=\"elementor-cta__bg-wrapper\">\n\t\t\t\t<div class=\"elementor-cta__bg elementor-bg\" style=\"background-image: url(https:\/\/abraco.org.br\/intercorr2025\/wp-content\/uploads\/2025\/05\/Foto-Christian-Sanches-e1747687117974-1967x2048.jpg);\" role=\"img\" aria-label=\"Foto Christian Sanches\"><\/div>\n\t\t\t\t<div class=\"elementor-cta__bg-overlay\"><\/div>\n\t\t\t<\/div>\n\t\t\t\t\t\t\t<div class=\"elementor-cta__content\">\n\t\t\t\t\n\t\t\t\t\t\t\t\t\t<h2 class=\"elementor-cta__title elementor-cta__content-item elementor-content-item\">\n\t\t\t\t\t\tChristian S\u00e1nchez Villa\t\t\t\t\t<\/h2>\n\t\t\t\t\n\t\t\t\t\t\t\t\t\t<div class=\"elementor-cta__description elementor-cta__content-item elementor-content-item\">\n\t\t\t\t\t\tIngeniero Civil en Metalurgia<br>\n\nMagister en Ciencias de la Ingenier\u00eda Menci\u00f3n Ciencia e Ingenier\u00eda de los Materiales<br>\n\nDoctor en Ciencias de la Ingenier\u00eda Menci\u00f3n Ciencia e Ingenier\u00eda de los Materiales<br>\n\nTodos los estudios realizado en la Universidad de Santiago de Chile<br><br>\n\n\n<strong>EXPERIENCIA LABORAL, EMPRESAS  Y  \u00c1REAS EN LAS QUE HA TRABAJADO<\/strong><br>\n\t\nCaracterizaci\u00f3n de materiales y an\u00e1lisis de falla, 22 a\u00f1os en operaciones de plantas de Galvanizado, desarrollo de mercado y postventa  <br><br>\n\n<strong>CARGO Y EMPRESA EN LA QUE SE DESEMPE\u00d1A ACTUALMENTE<\/strong><br>\n\t\nSoporte t\u00e9cnico Unidad de Recubrimientos BBosch S.A.\n\nProfesor  jornada parcial del Departamento de Ingenier\u00eda Metal\u00fargica, Facultad de Ingenier\u00eda, Universidad de Santiago de Chile\n\n\n\n\n\t\t\t\t\t<\/div>\n\t\t\t\t\n\t\t\t\t\t\t\t<\/div>\n\t\t\t\t\t\t<\/div>\n\t\t\t\t\t\t<\/div>\n\t\t\t\t<\/div>\n\t\t\t\t\t<\/div>\n\t\t\t\t<\/div>\n\t\t\t\t<\/div>","protected":false},"excerpt":{"rendered":"<p>Comportamento da Galvaniza\u00e7\u00e3o por Imers\u00e3o a Quente em situa\u00e7\u00e3o de inc\u00eandio Describe como el galvanizado puede influir en un calentamiento m\u00e1s lento del acero frente al fuego a trav\u00e9s de la modificaci\u00f3n de la componente de radiaci\u00f3n en la transferencia de calor hacia el acero. Se muestran datos obtenidos en estudios en Europa con ejemplos [&hellip;]<\/p>","protected":false},"author":1,"featured_media":0,"parent":0,"menu_order":0,"comment_status":"closed","ping_status":"closed","template":"elementor_header_footer","meta":{"footnotes":""},"class_list":["post-3537","page","type-page","status-publish","hentry"],"_links":{"self":[{"href":"https:\/\/abraco.org.br\/intercorr2025\/en\/wp-json\/wp\/v2\/pages\/3537","targetHints":{"allow":["GET"]}}],"collection":[{"href":"https:\/\/abraco.org.br\/intercorr2025\/en\/wp-json\/wp\/v2\/pages"}],"about":[{"href":"https:\/\/abraco.org.br\/intercorr2025\/en\/wp-json\/wp\/v2\/types\/page"}],"author":[{"embeddable":true,"href":"https:\/\/abraco.org.br\/intercorr2025\/en\/wp-json\/wp\/v2\/users\/1"}],"replies":[{"embeddable":true,"href":"https:\/\/abraco.org.br\/intercorr2025\/en\/wp-json\/wp\/v2\/comments?post=3537"}],"version-history":[{"count":10,"href":"https:\/\/abraco.org.br\/intercorr2025\/en\/wp-json\/wp\/v2\/pages\/3537\/revisions"}],"predecessor-version":[{"id":3905,"href":"https:\/\/abraco.org.br\/intercorr2025\/en\/wp-json\/wp\/v2\/pages\/3537\/revisions\/3905"}],"wp:attachment":[{"href":"https:\/\/abraco.org.br\/intercorr2025\/en\/wp-json\/wp\/v2\/media?parent=3537"}],"curies":[{"name":"wp","href":"https:\/\/api.w.org\/{rel}","templated":true}]}}