{"id":3689,"date":"2025-05-18T14:02:08","date_gmt":"2025-05-18T14:02:08","guid":{"rendered":"https:\/\/abraco.org.br\/intercorr2025\/?page_id=3689"},"modified":"2025-05-19T20:36:05","modified_gmt":"2025-05-19T20:36:05","slug":"christian-canales","status":"publish","type":"page","link":"https:\/\/abraco.org.br\/intercorr2025\/en\/christian-canales\/","title":{"rendered":"Christian Canales"},"content":{"rendered":"<div data-elementor-type=\"wp-page\" data-elementor-id=\"3689\" class=\"elementor elementor-3689\" data-elementor-post-type=\"page\">\n\t\t\t\t<div class=\"elementor-element elementor-element-0a813a3 e-flex e-con-boxed e-con e-parent\" data-id=\"0a813a3\" data-element_type=\"container\" data-settings=\"{&quot;background_background&quot;:&quot;classic&quot;}\">\n\t\t\t\t\t<div class=\"e-con-inner\">\n\t\t<div class=\"elementor-element elementor-element-ee90008 e-con-full e-flex e-con e-child\" data-id=\"ee90008\" data-element_type=\"container\">\n\t\t\t\t<div class=\"elementor-element elementor-element-e39af87 elementor-widget elementor-widget-heading\" data-id=\"e39af87\" data-element_type=\"widget\" data-widget_type=\"heading.default\">\n\t\t\t\t<div class=\"elementor-widget-container\">\n\t\t\t\t\t<h2 class=\"elementor-heading-title elementor-size-default\">A galvaniza\u00e7\u00e3o como fator de sustentabilidade, protegendo o a\u00e7o contra a corros\u00e3o <\/h2>\t\t\t\t<\/div>\n\t\t\t\t<\/div>\n\t\t\t\t<div class=\"elementor-element elementor-element-feab3f0 elementor-widget elementor-widget-text-editor\" data-id=\"feab3f0\" data-element_type=\"widget\" data-widget_type=\"text-editor.default\">\n\t\t\t\t<div class=\"elementor-widget-container\">\n\t\t\t\t\t\t\t\t\t<div class=\"zw-line-div\"><div class=\"zw-line-content\"><span class=\"zw-portion zw-text-portion\" data-text-len=\"73\">A palestra aborda o processo de Galvaniza\u00e7\u00e3o por Imers\u00e3o a Quente e sua <\/span><span class=\"zw-portion zw-text-portion\" data-text-len=\"81\">contribui\u00e7\u00e3o para aumentar a durabilidade das estruturas met\u00e1licas, protegendo-as\u00a0<\/span><span class=\"zw-portion zw-text-portion\" data-text-len=\"80\">contra\u00a0a\u00a0corros\u00e3o,\u00a0apresentando\u00a0tamb\u00e9m,\u00a0cases\u00a0de\u00a0sucesso\u00a0no\u00a0Brasil\u00a0e\u00a0no\u00a0exterior<\/span><span class=\"EOP-readonly EOP\">\u00a0<\/span><\/div><\/div>\t\t\t\t\t\t\t\t<\/div>\n\t\t\t\t<\/div>\n\t\t\t\t<\/div>\n\t\t<div class=\"elementor-element elementor-element-334a169 e-con-full elementor-hidden-mobile e-flex e-con e-child\" data-id=\"334a169\" data-element_type=\"container\">\n\t\t\t\t<\/div>\n\t\t\t\t\t<\/div>\n\t\t\t\t<\/div>\n\t\t<div class=\"elementor-element elementor-element-f330146 e-flex e-con-boxed e-con e-parent\" data-id=\"f330146\" data-element_type=\"container\">\n\t\t\t\t\t<div class=\"e-con-inner\">\n\t\t\t\t<div class=\"elementor-element elementor-element-51ad316 elementor-cta--layout-image-left elementor-cta--mobile-layout-image-above elementor-cta--valign-middle elementor-cta--skin-classic elementor-animated-content elementor-bg-transform elementor-bg-transform-zoom-in elementor-widget elementor-widget-call-to-action\" data-id=\"51ad316\" data-element_type=\"widget\" data-widget_type=\"call-to-action.default\">\n\t\t\t\t<div class=\"elementor-widget-container\">\n\t\t\t\t\t\t\t<div class=\"elementor-cta\">\n\t\t\t\t\t<div class=\"elementor-cta__bg-wrapper\">\n\t\t\t\t<div class=\"elementor-cta__bg elementor-bg\" style=\"background-image: url(https:\/\/abraco.org.br\/intercorr2025\/wp-content\/uploads\/2025\/05\/Imagem1-3.jpg);\" role=\"img\" aria-label=\"Image1\"><\/div>\n\t\t\t\t<div class=\"elementor-cta__bg-overlay\"><\/div>\n\t\t\t<\/div>\n\t\t\t\t\t\t\t<div class=\"elementor-cta__content\">\n\t\t\t\t\n\t\t\t\t\t\t\t\t\t<h2 class=\"elementor-cta__title elementor-cta__content-item elementor-content-item\">\n\t\t\t\t\t\tChristian Canales \t\t\t\t\t<\/h2>\n\t\t\t\t\n\t\t\t\t\t\t\t\t\t<div class=\"elementor-cta__description elementor-cta__content-item elementor-content-item\">\n\t\t\t\t\t\tGerente de neg\u00f3cios na bbosch Galvaniza\u00e7\u00e3o do Brasil.<br>\nEngenheiro metal\u00fargico da Universidade de Santiago de Chile.<br>\nP\u00f3s-gradua\u00e7\u00e3o em Gest\u00e3o Industrial na Funda\u00e7\u00e3o Get\u00falio Vargas.<br>\nExperi\u00eancia de 27 anos na ind\u00fastria de galvaniza\u00e7\u00e3o por imers\u00e3o a quente nos mercados do Chile e Brasil.<br>\nGerenciamento das \u00e1reas: industrial, comercial e de desenvolvimento de mercado.<br>\nCoordenador na revis\u00e3o da norma brasileira ABNT NBR 6323 de galvaniza\u00e7\u00e3o por imers\u00e3o a quente, 2024.\n\n\t\t\t\t\t<\/div>\n\t\t\t\t\n\t\t\t\t\t\t\t<\/div>\n\t\t\t\t\t\t<\/div>\n\t\t\t\t\t\t<\/div>\n\t\t\t\t<\/div>\n\t\t\t\t\t<\/div>\n\t\t\t\t<\/div>\n\t\t\t\t<\/div>","protected":false},"excerpt":{"rendered":"<p>A galvaniza\u00e7\u00e3o como fator de sustentabilidade, protegendo o a\u00e7o contra a corros\u00e3o A palestra aborda o processo de Galvaniza\u00e7\u00e3o por Imers\u00e3o a Quente e sua contribui\u00e7\u00e3o para aumentar a durabilidade das estruturas met\u00e1licas, protegendo-as\u00a0contra\u00a0a\u00a0corros\u00e3o,\u00a0apresentando\u00a0tamb\u00e9m,\u00a0cases\u00a0de\u00a0sucesso\u00a0no\u00a0Brasil\u00a0e\u00a0no\u00a0exterior\u00a0 Christian Canales Gerente de neg\u00f3cios na bbosch Galvaniza\u00e7\u00e3o do Brasil. Engenheiro metal\u00fargico da Universidade de Santiago de Chile. P\u00f3s-gradua\u00e7\u00e3o em Gest\u00e3o [&hellip;]<\/p>","protected":false},"author":1,"featured_media":0,"parent":0,"menu_order":0,"comment_status":"closed","ping_status":"closed","template":"elementor_header_footer","meta":{"footnotes":""},"class_list":["post-3689","page","type-page","status-publish","hentry"],"_links":{"self":[{"href":"https:\/\/abraco.org.br\/intercorr2025\/en\/wp-json\/wp\/v2\/pages\/3689","targetHints":{"allow":["GET"]}}],"collection":[{"href":"https:\/\/abraco.org.br\/intercorr2025\/en\/wp-json\/wp\/v2\/pages"}],"about":[{"href":"https:\/\/abraco.org.br\/intercorr2025\/en\/wp-json\/wp\/v2\/types\/page"}],"author":[{"embeddable":true,"href":"https:\/\/abraco.org.br\/intercorr2025\/en\/wp-json\/wp\/v2\/users\/1"}],"replies":[{"embeddable":true,"href":"https:\/\/abraco.org.br\/intercorr2025\/en\/wp-json\/wp\/v2\/comments?post=3689"}],"version-history":[{"count":13,"href":"https:\/\/abraco.org.br\/intercorr2025\/en\/wp-json\/wp\/v2\/pages\/3689\/revisions"}],"predecessor-version":[{"id":3899,"href":"https:\/\/abraco.org.br\/intercorr2025\/en\/wp-json\/wp\/v2\/pages\/3689\/revisions\/3899"}],"wp:attachment":[{"href":"https:\/\/abraco.org.br\/intercorr2025\/en\/wp-json\/wp\/v2\/media?parent=3689"}],"curies":[{"name":"wp","href":"https:\/\/api.w.org\/{rel}","templated":true}]}}