{"id":3741,"date":"2025-05-18T15:25:16","date_gmt":"2025-05-18T15:25:16","guid":{"rendered":"https:\/\/abraco.org.br\/intercorr2025\/?page_id=3741"},"modified":"2025-06-20T14:52:03","modified_gmt":"2025-06-20T14:52:03","slug":"elton-de-araujo","status":"publish","type":"page","link":"https:\/\/abraco.org.br\/intercorr2025\/en\/elton-de-araujo\/","title":{"rendered":"Elton de Ara\u00fajo"},"content":{"rendered":"<div data-elementor-type=\"wp-page\" data-elementor-id=\"3741\" class=\"elementor elementor-3741\" data-elementor-post-type=\"page\">\n\t\t\t\t<div class=\"elementor-element elementor-element-0a813a3 e-flex e-con-boxed e-con e-parent\" data-id=\"0a813a3\" data-element_type=\"container\" data-settings=\"{&quot;background_background&quot;:&quot;classic&quot;}\">\n\t\t\t\t\t<div class=\"e-con-inner\">\n\t\t<div class=\"elementor-element elementor-element-ee90008 e-con-full e-flex e-con e-child\" data-id=\"ee90008\" data-element_type=\"container\">\n\t\t\t\t<div class=\"elementor-element elementor-element-e39af87 elementor-widget elementor-widget-heading\" data-id=\"e39af87\" data-element_type=\"widget\" data-widget_type=\"heading.default\">\n\t\t\t\t<div class=\"elementor-widget-container\">\n\t\t\t\t\t<h2 class=\"elementor-heading-title elementor-size-default\">Borracha l\u00edquida \u2013 Aplica\u00e7\u00f5es e usos recomendados para tanques, tubula\u00e7\u00f5es, estruturas met\u00e1licas e \u00e1reas cr\u00edticas<\/h2>\t\t\t\t<\/div>\n\t\t\t\t<\/div>\n\t\t\t\t<div class=\"elementor-element elementor-element-feab3f0 elementor-widget elementor-widget-text-editor\" data-id=\"feab3f0\" data-element_type=\"widget\" data-widget_type=\"text-editor.default\">\n\t\t\t\t<div class=\"elementor-widget-container\">\n\t\t\t\t\t\t\t\t\t<p>A borracha l\u00edquida da HM Rubber representa uma solu\u00e7\u00e3o inovadora para prote\u00e7\u00e3o anticorrosiva e impermeabiliza\u00e7\u00e3o em ambientes industriais severos, como os encontrados em plataformas offshore, plantas qu\u00edmicas e galp\u00f5es de armazenagem. Composta por elast\u00f4meros reais \u2014 e n\u00e3o tintas modificadas \u2014 essa tecnologia oferece elevada elasticidade, mem\u00f3ria de recupera\u00e7\u00e3o, resist\u00eancia qu\u00edmica e isolamento t\u00e9rmico e ac\u00fastico. Testada segundo a ISO 12944 (ambiente C5), NBR 9442 e ASTM E662, demonstra desempenho comprovado em atmosferas agressivas. Os sistemas multicamadas compostos pelo HM BM B300 e HM BM Dupla Fun\u00e7\u00e3o Premium com grafeno proporcionam prote\u00e7\u00e3o eficaz em costados de tanques, flanges, tubula\u00e7\u00f5es e estruturas met\u00e1licas, mesmo aplicados sobre prepara\u00e7\u00e3o de superf\u00edcie manual (St 2 e St 3). A recente linha em aerossol e o revestimento termo isolante HM BM HI TEMP 1500 ampliam sua aplicabilidade, inclusive no combate \u00e0 corros\u00e3o sob isolamento (CUI). Com f\u00e1cil aplica\u00e7\u00e3o, manuten\u00e7\u00e3o localizada e conformidade t\u00e9cnica, a borracha l\u00edquida posiciona-se como uma alternativa sustent\u00e1vel e eficiente \u00e0s solu\u00e7\u00f5es convencionais, estendendo a vida \u00fatil de ativos e reduzindo custos operacionais.<\/p>\t\t\t\t\t\t\t\t<\/div>\n\t\t\t\t<\/div>\n\t\t\t\t<\/div>\n\t\t<div class=\"elementor-element elementor-element-334a169 e-con-full elementor-hidden-mobile e-flex e-con e-child\" data-id=\"334a169\" data-element_type=\"container\">\n\t\t\t\t<\/div>\n\t\t\t\t\t<\/div>\n\t\t\t\t<\/div>\n\t\t\t\t<\/div>","protected":false},"excerpt":{"rendered":"<p>Borracha l\u00edquida \u2013 Aplica\u00e7\u00f5es e usos recomendados para tanques, tubula\u00e7\u00f5es, estruturas met\u00e1licas e \u00e1reas cr\u00edticas A borracha l\u00edquida da HM Rubber representa uma solu\u00e7\u00e3o inovadora para prote\u00e7\u00e3o anticorrosiva e impermeabiliza\u00e7\u00e3o em ambientes industriais severos, como os encontrados em plataformas offshore, plantas qu\u00edmicas e galp\u00f5es de armazenagem. Composta por elast\u00f4meros reais \u2014 e n\u00e3o tintas modificadas [&hellip;]<\/p>","protected":false},"author":1,"featured_media":0,"parent":0,"menu_order":0,"comment_status":"closed","ping_status":"closed","template":"elementor_header_footer","meta":{"footnotes":""},"class_list":["post-3741","page","type-page","status-publish","hentry"],"_links":{"self":[{"href":"https:\/\/abraco.org.br\/intercorr2025\/en\/wp-json\/wp\/v2\/pages\/3741","targetHints":{"allow":["GET"]}}],"collection":[{"href":"https:\/\/abraco.org.br\/intercorr2025\/en\/wp-json\/wp\/v2\/pages"}],"about":[{"href":"https:\/\/abraco.org.br\/intercorr2025\/en\/wp-json\/wp\/v2\/types\/page"}],"author":[{"embeddable":true,"href":"https:\/\/abraco.org.br\/intercorr2025\/en\/wp-json\/wp\/v2\/users\/1"}],"replies":[{"embeddable":true,"href":"https:\/\/abraco.org.br\/intercorr2025\/en\/wp-json\/wp\/v2\/comments?post=3741"}],"version-history":[{"count":8,"href":"https:\/\/abraco.org.br\/intercorr2025\/en\/wp-json\/wp\/v2\/pages\/3741\/revisions"}],"predecessor-version":[{"id":4528,"href":"https:\/\/abraco.org.br\/intercorr2025\/en\/wp-json\/wp\/v2\/pages\/3741\/revisions\/4528"}],"wp:attachment":[{"href":"https:\/\/abraco.org.br\/intercorr2025\/en\/wp-json\/wp\/v2\/media?parent=3741"}],"curies":[{"name":"wp","href":"https:\/\/api.w.org\/{rel}","templated":true}]}}