{"id":3759,"date":"2025-05-18T20:43:58","date_gmt":"2025-05-18T20:43:58","guid":{"rendered":"https:\/\/abraco.org.br\/intercorr2025\/?page_id=3759"},"modified":"2025-05-18T20:46:07","modified_gmt":"2025-05-18T20:46:07","slug":"luiz-eduardo-cardoso","status":"publish","type":"page","link":"https:\/\/abraco.org.br\/intercorr2025\/en\/luiz-eduardo-cardoso\/","title":{"rendered":"Luiz Eduardo Cardoso"},"content":{"rendered":"<div data-elementor-type=\"wp-page\" data-elementor-id=\"3759\" class=\"elementor elementor-3759\" data-elementor-post-type=\"page\">\n\t\t\t\t<div class=\"elementor-element elementor-element-0a813a3 e-flex e-con-boxed e-con e-parent\" data-id=\"0a813a3\" data-element_type=\"container\" data-settings=\"{&quot;background_background&quot;:&quot;classic&quot;}\">\n\t\t\t\t\t<div class=\"e-con-inner\">\n\t\t<div class=\"elementor-element elementor-element-ee90008 e-con-full e-flex e-con e-child\" data-id=\"ee90008\" data-element_type=\"container\">\n\t\t\t\t<div class=\"elementor-element elementor-element-e39af87 elementor-widget elementor-widget-heading\" data-id=\"e39af87\" data-element_type=\"widget\" data-widget_type=\"heading.default\">\n\t\t\t\t<div class=\"elementor-widget-container\">\n\t\t\t\t\t<h2 class=\"elementor-heading-title elementor-size-default\">A vis\u00e3o do projetista de edifica\u00e7\u00f5es, verifica\u00e7\u00e3o estrutural e servi\u00e7os de recupera\u00e7\u00e3o de obras  de concreto<\/h2>\t\t\t\t<\/div>\n\t\t\t\t<\/div>\n\t\t\t\t<div class=\"elementor-element elementor-element-feab3f0 elementor-widget elementor-widget-text-editor\" data-id=\"feab3f0\" data-element_type=\"widget\" data-widget_type=\"text-editor.default\">\n\t\t\t\t<div class=\"elementor-widget-container\">\n\t\t\t\t\t\t\t\t\t<p>O projetista de novas obras e de servi\u00e7os de recupera\u00e7\u00e3o de estruturas de concreto, precisa conhecer os fundamentos da corros\u00e3o e os m\u00e9todos de prote\u00e7\u00e3o, incluindo a t\u00e9cnica de prote\u00e7\u00e3o cat\u00f3dica, para poder prevenir problemas futuros de corros\u00e3o, diagnosticar corretamente problemas existentes e especificar os m\u00e9todos mais indicados para a recupera\u00e7\u00e3o, reabilita\u00e7\u00e3o e refor\u00e7o da estrutura. Servi\u00e7os de recupera\u00e7\u00e3o, quando feitos inadequadamente, n\u00e3o s\u00e3o eficientes a longo prazo e significam desperd\u00edcio de recursos. Em muitas situa\u00e7\u00f5es, em especial onde o concreto j\u00e1 absorveu \u00e1gua e cloretos, os servi\u00e7os de reabilita\u00e7\u00e3o precisam feitos com o aux\u00edlio de anodos galv\u00e2nicos de prote\u00e7\u00e3o cat\u00f3dica. Nessa apresenta\u00e7\u00e3o o Prof. Cardoso vai mostrar v\u00e1rios exemplos de reabilita\u00e7\u00e3o de obras de concreto e os m\u00e9todos de prote\u00e7\u00e3o contra a corros\u00e3o utilizados em cada uma delas.<\/p>\t\t\t\t\t\t\t\t<\/div>\n\t\t\t\t<\/div>\n\t\t\t\t<\/div>\n\t\t<div class=\"elementor-element elementor-element-334a169 e-con-full elementor-hidden-mobile e-flex e-con e-child\" data-id=\"334a169\" data-element_type=\"container\">\n\t\t\t\t<\/div>\n\t\t\t\t\t<\/div>\n\t\t\t\t<\/div>\n\t\t<div class=\"elementor-element elementor-element-f330146 e-flex e-con-boxed e-con e-parent\" data-id=\"f330146\" data-element_type=\"container\">\n\t\t\t\t\t<div class=\"e-con-inner\">\n\t\t\t\t<div class=\"elementor-element elementor-element-a83f93c elementor-cta--layout-image-left elementor-cta--mobile-layout-image-above elementor-cta--valign-middle elementor-cta--skin-classic elementor-animated-content elementor-bg-transform elementor-bg-transform-zoom-in elementor-widget elementor-widget-call-to-action\" data-id=\"a83f93c\" data-element_type=\"widget\" data-widget_type=\"call-to-action.default\">\n\t\t\t\t<div class=\"elementor-widget-container\">\n\t\t\t\t\t\t\t<div class=\"elementor-cta\">\n\t\t\t\t\t<div class=\"elementor-cta__bg-wrapper\">\n\t\t\t\t<div class=\"elementor-cta__bg elementor-bg\" style=\"background-image: url(https:\/\/abraco.org.br\/intercorr2025\/wp-content\/uploads\/2025\/05\/Imagem1-1.jpg);\" role=\"img\" aria-label=\"Image1\"><\/div>\n\t\t\t\t<div class=\"elementor-cta__bg-overlay\"><\/div>\n\t\t\t<\/div>\n\t\t\t\t\t\t\t<div class=\"elementor-cta__content\">\n\t\t\t\t\n\t\t\t\t\t\t\t\t\t<h2 class=\"elementor-cta__title elementor-cta__content-item elementor-content-item\">\n\t\t\t\t\t\tLuiz Eduardo Cardoso\t\t\t\t\t<\/h2>\n\t\t\t\t\n\t\t\t\t\t\t\t\t\t<div class=\"elementor-cta__description elementor-cta__content-item elementor-content-item\">\n\t\t\t\t\t\tO Prof. Cardoso \u00e9 engenheiro civil, s\u00f3cio diretor da JLC Projetos, foi professor UERJ durante 20 anos, \u00e9 consultor da ABRACO para assuntos de estruturas de concreto, membro do Grupo de Trabalho que est\u00e1 elaborando o Projeto de Norma ABNT de Prote\u00e7\u00e3o Cat\u00f3dica Armaduras de Estruturas de Concreto e possui mais de 30 anos de experi\u00eancia nas atividades de projetos de novas obras, verifica\u00e7\u00e3o estrutural de obras j\u00e1 existentes e projetos de recupera\u00e7\u00e3o e refor\u00e7o de estruturas de concreto.  \t\t\t\t\t<\/div>\n\t\t\t\t\n\t\t\t\t\t\t\t<\/div>\n\t\t\t\t\t\t<\/div>\n\t\t\t\t\t\t<\/div>\n\t\t\t\t<\/div>\n\t\t\t\t\t<\/div>\n\t\t\t\t<\/div>\n\t\t\t\t<\/div>","protected":false},"excerpt":{"rendered":"<p>A vis\u00e3o do projetista de edifica\u00e7\u00f5es, verifica\u00e7\u00e3o estrutural e servi\u00e7os de recupera\u00e7\u00e3o de obras de concreto O projetista de novas obras e de servi\u00e7os de recupera\u00e7\u00e3o de estruturas de concreto, precisa conhecer os fundamentos da corros\u00e3o e os m\u00e9todos de prote\u00e7\u00e3o, incluindo a t\u00e9cnica de prote\u00e7\u00e3o cat\u00f3dica, para poder prevenir problemas futuros de corros\u00e3o, diagnosticar [&hellip;]<\/p>","protected":false},"author":1,"featured_media":0,"parent":0,"menu_order":0,"comment_status":"closed","ping_status":"closed","template":"elementor_header_footer","meta":{"footnotes":""},"class_list":["post-3759","page","type-page","status-publish","hentry"],"_links":{"self":[{"href":"https:\/\/abraco.org.br\/intercorr2025\/en\/wp-json\/wp\/v2\/pages\/3759","targetHints":{"allow":["GET"]}}],"collection":[{"href":"https:\/\/abraco.org.br\/intercorr2025\/en\/wp-json\/wp\/v2\/pages"}],"about":[{"href":"https:\/\/abraco.org.br\/intercorr2025\/en\/wp-json\/wp\/v2\/types\/page"}],"author":[{"embeddable":true,"href":"https:\/\/abraco.org.br\/intercorr2025\/en\/wp-json\/wp\/v2\/users\/1"}],"replies":[{"embeddable":true,"href":"https:\/\/abraco.org.br\/intercorr2025\/en\/wp-json\/wp\/v2\/comments?post=3759"}],"version-history":[{"count":4,"href":"https:\/\/abraco.org.br\/intercorr2025\/en\/wp-json\/wp\/v2\/pages\/3759\/revisions"}],"predecessor-version":[{"id":3764,"href":"https:\/\/abraco.org.br\/intercorr2025\/en\/wp-json\/wp\/v2\/pages\/3759\/revisions\/3764"}],"wp:attachment":[{"href":"https:\/\/abraco.org.br\/intercorr2025\/en\/wp-json\/wp\/v2\/media?parent=3759"}],"curies":[{"name":"wp","href":"https:\/\/api.w.org\/{rel}","templated":true}]}}