{"id":3790,"date":"2025-05-18T20:58:26","date_gmt":"2025-05-18T20:58:26","guid":{"rendered":"https:\/\/abraco.org.br\/intercorr2025\/?page_id=3790"},"modified":"2025-05-18T21:01:02","modified_gmt":"2025-05-18T21:01:02","slug":"jorge-fernando-pereira-coelho","status":"publish","type":"page","link":"https:\/\/abraco.org.br\/intercorr2025\/en\/jorge-fernando-pereira-coelho\/","title":{"rendered":"Jorge Fernando Pereira Coelho"},"content":{"rendered":"<div data-elementor-type=\"wp-page\" data-elementor-id=\"3790\" class=\"elementor elementor-3790\" data-elementor-post-type=\"page\">\n\t\t\t\t<div class=\"elementor-element elementor-element-0a813a3 e-flex e-con-boxed e-con e-parent\" data-id=\"0a813a3\" data-element_type=\"container\" data-settings=\"{&quot;background_background&quot;:&quot;classic&quot;}\">\n\t\t\t\t\t<div class=\"e-con-inner\">\n\t\t<div class=\"elementor-element elementor-element-ee90008 e-con-full e-flex e-con e-child\" data-id=\"ee90008\" data-element_type=\"container\">\n\t\t\t\t<div class=\"elementor-element elementor-element-e39af87 elementor-widget elementor-widget-heading\" data-id=\"e39af87\" data-element_type=\"widget\" data-widget_type=\"heading.default\">\n\t\t\t\t<div class=\"elementor-widget-container\">\n\t\t\t\t\t<h2 class=\"elementor-heading-title elementor-size-default\">Mitiga\u00e7\u00e3o da Interfer\u00eancia da Linha de Transmiss\u00e3o de Corrente Cont\u00ednua de Furnas sobre o Gasoduto Bol\u00edvia-Brasil<\/h2>\t\t\t\t<\/div>\n\t\t\t\t<\/div>\n\t\t\t\t<div class=\"elementor-element elementor-element-feab3f0 elementor-widget elementor-widget-text-editor\" data-id=\"feab3f0\" data-element_type=\"widget\" data-widget_type=\"text-editor.default\">\n\t\t\t\t<div class=\"elementor-widget-container\">\n\t\t\t\t\t\t\t\t\t<p>Durante a primeira inspe\u00e7\u00e3o por pig instrumentado no Trecho Sul do Gasoduto em 2006, foi detectada corros\u00e3o externa relevante no sub-trecho Paul\u00ednia-Cap\u00e3o Bonito, cuja causa foi determinada como corros\u00e3o eletrol\u00edtica causada pela passagem de corrente pelo solo durante opera\u00e7\u00f5es monopolares da Linha de Transmiss\u00e3o de Corrente Cont\u00ednua Foz do Igua\u00e7u-Ibi\u00fana de 600 kV, operada por Furnas Centrais El\u00e9tricas. Os registros de inspe\u00e7\u00f5es peri\u00f3dicas do sistema de prote\u00e7\u00e3o cat\u00f3dica (principalmente medi\u00e7\u00f5es de potencial tubo-solo) n\u00e3o mostraram os efeitos dessas correntes de interfer\u00eancia, visto que as opera\u00e7\u00f5es monopolares se restringiam aos finais de semana e feriados, sem o nosso conhecimento pr\u00e9vio e, consequentemente, sem o devido acompanhamento pelas equipes de campo da TBG.<br \/>Os estudos apontaram que a Linha de Transmiss\u00e3o de Corrente Cont\u00ednua de 600 kV estava injetando no solo, durante opera\u00e7\u00f5es monopolares sem o polo positivo, toda a corrente transmitida, funcionando como uma fonte de corrente de interfer\u00eancia de alto risco para o Gasoduto. Os anodos de aterramento da Linha de Transmiss\u00e3o se encontram a uma dist\u00e2ncia de 20 km do cruzamento com o Gasoduto, pr\u00f3ximo ao Ponto de Entrega de Ara\u00e7oiaba da Serra \u2013 S\u00e3o Paulo. A longo prazo, tais correntes de interfer\u00eancia causaram corros\u00e3o externa localizada do Gasoduto nesse ponto.<br \/>Os registros de campo, estudos do comportamento das correntes de interfer\u00eancia, seus efeitos no Gasoduto, os resultados das medidas de mitiga\u00e7\u00e3o adotadas, simula\u00e7\u00f5es e novos estudos sobre a\u00e7\u00f5es de mitiga\u00e7\u00e3o ser\u00e3o apresentados nesse painel.<\/p>\t\t\t\t\t\t\t\t<\/div>\n\t\t\t\t<\/div>\n\t\t\t\t<\/div>\n\t\t<div class=\"elementor-element elementor-element-334a169 e-con-full elementor-hidden-mobile e-flex e-con e-child\" data-id=\"334a169\" data-element_type=\"container\">\n\t\t\t\t<\/div>\n\t\t\t\t\t<\/div>\n\t\t\t\t<\/div>\n\t\t<div class=\"elementor-element elementor-element-f330146 e-flex e-con-boxed e-con e-parent\" data-id=\"f330146\" data-element_type=\"container\">\n\t\t\t\t\t<div class=\"e-con-inner\">\n\t\t\t\t<div class=\"elementor-element elementor-element-a83f93c elementor-cta--layout-image-left elementor-cta--mobile-layout-image-above elementor-cta--valign-middle elementor-cta--skin-classic elementor-animated-content elementor-bg-transform elementor-bg-transform-zoom-in elementor-widget elementor-widget-call-to-action\" data-id=\"a83f93c\" data-element_type=\"widget\" data-widget_type=\"call-to-action.default\">\n\t\t\t\t<div class=\"elementor-widget-container\">\n\t\t\t\t\t\t\t<div class=\"elementor-cta\">\n\t\t\t\t\t<div class=\"elementor-cta__bg-wrapper\">\n\t\t\t\t<div class=\"elementor-cta__bg elementor-bg\" style=\"background-image: url(https:\/\/abraco.org.br\/intercorr2025\/wp-content\/uploads\/2025\/05\/Foto-Coelho.jpg);\" role=\"img\" aria-label=\"Foto Coelho\"><\/div>\n\t\t\t\t<div class=\"elementor-cta__bg-overlay\"><\/div>\n\t\t\t<\/div>\n\t\t\t\t\t\t\t<div class=\"elementor-cta__content\">\n\t\t\t\t\n\t\t\t\t\t\t\t\t\t<h2 class=\"elementor-cta__title elementor-cta__content-item elementor-content-item\">\n\t\t\t\t\t\tJorge Fernando Pereira Coelho\t\t\t\t\t<\/h2>\n\t\t\t\t\n\t\t\t\t\t\t\t\t\t<div class=\"elementor-cta__description elementor-cta__content-item elementor-content-item\">\n\t\t\t\t\t\tEngenheiro eletricista graduado pela UFRJ em 1980, trabalhou na IEC - Instala\u00e7\u00f5es e Engenharia de Corros\u00e3o Ltda. de 1980 a 1989, foi Diretor T\u00e9cnico da FLAG Importa\u00e7\u00e3o e Exporta\u00e7\u00e3o Ltda. e FCCat\u00f3dica Ltda. de 1990 a 1998. <br>\nSe juntou a BBPP - Bolivia-Brasil Pipeline Project em 1999, como coordenador de corros\u00e3o, at\u00e9 o in\u00edcio de 2005. <br>\nFoi presidente da ABRACO \u2013 Associa\u00e7\u00e3o Brasileira de Corros\u00e3o no per\u00edodo 2005\/2006. <br>\nNo final de 2005 se juntou a ROSEN, como gerente da filial no Brasil.<br>\nIngressou na TBG - Transportadora Brasileira Gasoduto Bol\u00edvia-Brasil S.A. no final de 2006 e foi cedido a Engenharia da PETROBRAS at\u00e9 2016, onde exerceu as fun\u00e7\u00f5es de gerente setorial de constru\u00e7\u00e3o e montagem do Gasoduto Cabi\u00fanas-REDUC 38\u201d e coordenador de pesquisa e desenvolvimento, na qual recebeu 3 Pr\u00eamios Inventor do Centro de Pesquisas da Petrobras (CENPES) por dep\u00f3sito de patentes no INPI \u2013 Instituto Nacional de Propriedade Industrial. <br>\nAtualmente trabalha na \u00e1rea de integridade de ativos da Transportadora Brasileira Gasoduto Bol\u00edvia-Brasil S.A., como Engenheiro de Dutos S\u00eanior.\n\t\t\t\t\t<\/div>\n\t\t\t\t\n\t\t\t\t\t\t\t<\/div>\n\t\t\t\t\t\t<\/div>\n\t\t\t\t\t\t<\/div>\n\t\t\t\t<\/div>\n\t\t\t\t\t<\/div>\n\t\t\t\t<\/div>\n\t\t\t\t<\/div>","protected":false},"excerpt":{"rendered":"<p>Mitiga\u00e7\u00e3o da Interfer\u00eancia da Linha de Transmiss\u00e3o de Corrente Cont\u00ednua de Furnas sobre o Gasoduto Bol\u00edvia-Brasil Durante a primeira inspe\u00e7\u00e3o por pig instrumentado no Trecho Sul do Gasoduto em 2006, foi detectada corros\u00e3o externa relevante no sub-trecho Paul\u00ednia-Cap\u00e3o Bonito, cuja causa foi determinada como corros\u00e3o eletrol\u00edtica causada pela passagem de corrente pelo solo durante opera\u00e7\u00f5es [&hellip;]<\/p>","protected":false},"author":1,"featured_media":0,"parent":0,"menu_order":0,"comment_status":"closed","ping_status":"closed","template":"elementor_header_footer","meta":{"footnotes":""},"class_list":["post-3790","page","type-page","status-publish","hentry"],"_links":{"self":[{"href":"https:\/\/abraco.org.br\/intercorr2025\/en\/wp-json\/wp\/v2\/pages\/3790","targetHints":{"allow":["GET"]}}],"collection":[{"href":"https:\/\/abraco.org.br\/intercorr2025\/en\/wp-json\/wp\/v2\/pages"}],"about":[{"href":"https:\/\/abraco.org.br\/intercorr2025\/en\/wp-json\/wp\/v2\/types\/page"}],"author":[{"embeddable":true,"href":"https:\/\/abraco.org.br\/intercorr2025\/en\/wp-json\/wp\/v2\/users\/1"}],"replies":[{"embeddable":true,"href":"https:\/\/abraco.org.br\/intercorr2025\/en\/wp-json\/wp\/v2\/comments?post=3790"}],"version-history":[{"count":4,"href":"https:\/\/abraco.org.br\/intercorr2025\/en\/wp-json\/wp\/v2\/pages\/3790\/revisions"}],"predecessor-version":[{"id":3796,"href":"https:\/\/abraco.org.br\/intercorr2025\/en\/wp-json\/wp\/v2\/pages\/3790\/revisions\/3796"}],"wp:attachment":[{"href":"https:\/\/abraco.org.br\/intercorr2025\/en\/wp-json\/wp\/v2\/media?parent=3790"}],"curies":[{"name":"wp","href":"https:\/\/api.w.org\/{rel}","templated":true}]}}