{"id":651,"date":"2024-10-03T00:26:32","date_gmt":"2024-10-03T00:26:32","guid":{"rendered":"https:\/\/abraco.org.br\/intercorr2025\/?page_id=651"},"modified":"2025-02-12T15:11:57","modified_gmt":"2025-02-12T15:11:57","slug":"temas","status":"publish","type":"page","link":"https:\/\/abraco.org.br\/intercorr2025\/en\/temas\/","title":{"rendered":"Themes"},"content":{"rendered":"<div data-elementor-type=\"wp-page\" data-elementor-id=\"651\" class=\"elementor elementor-651\" data-elementor-post-type=\"page\">\n\t\t\t\t<div class=\"elementor-element elementor-element-5380ca1 e-flex e-con-boxed e-con e-parent\" data-id=\"5380ca1\" data-element_type=\"container\" data-settings=\"{&quot;background_background&quot;:&quot;classic&quot;}\">\n\t\t\t\t\t<div class=\"e-con-inner\">\n\t\t<div class=\"elementor-element elementor-element-782d581 e-con-full e-flex e-con e-child\" data-id=\"782d581\" data-element_type=\"container\">\n\t\t\t\t<div class=\"elementor-element elementor-element-fb60077 elementor-widget elementor-widget-heading\" data-id=\"fb60077\" data-element_type=\"widget\" data-widget_type=\"heading.default\">\n\t\t\t\t<div class=\"elementor-widget-container\">\n\t\t\t\t\t<h2 class=\"elementor-heading-title elementor-size-default\">Themes<\/h2>\t\t\t\t<\/div>\n\t\t\t\t<\/div>\n\t\t\t\t<div class=\"elementor-element elementor-element-c0c764c elementor-widget elementor-widget-icon-box\" data-id=\"c0c764c\" data-element_type=\"widget\" data-widget_type=\"icon-box.default\">\n\t\t\t\t<div class=\"elementor-widget-container\">\n\t\t\t\t\t\t\t<div class=\"elementor-icon-box-wrapper\">\n\n\t\t\t\n\t\t\t\t\t\t<div class=\"elementor-icon-box-content\">\n\n\t\t\t\t\n\t\t\t\t\t\t\t\t\t<p class=\"elementor-icon-box-description\">\n\t\t\t\t\t\t1. Atmospheric Corrosion<br>\n2. Cathodic and anodic protection<br>\n3. Corrosion and scale inhibitors<br>\n4. Corrosion Education<br>\n5. Corrosion in concrete<br>\n6. Corrosion in the oil and gas industry<br>\n7. Corrosion in the refining and petrochemical industry<br>\n8. Corrosion management and monitoring<br>\n9. Corrosion of archaeological and historical artefacts<br>\n10. Corrosion of non-ferrous metals<br>\n11. Electrochemical corrosion<br>\n12. Environmentally assisted cracking and hydrogen Embrittlement<br>\n13. High corrosion resistance materials<br>\n14. Internal corrosion of pipelines<br>\n15. Materials and coatings resistant to high temperatures<br>\n16. Metal coatings \u2013 Special Galvanizing Session<br>\n17. Metallic and inorganic coatings<br>\n18. Microbiological corrosion<br>\n19. Organic coatings<br>\n20. Others\n\t\t\t\t\t<\/p>\n\t\t\t\t\n\t\t\t<\/div>\n\t\t\t\n\t\t<\/div>\n\t\t\t\t\t\t<\/div>\n\t\t\t\t<\/div>\n\t\t\t\t<\/div>\n\t\t<div class=\"elementor-element elementor-element-29b2eba e-con-full elementor-hidden-mobile e-flex e-con e-child\" data-id=\"29b2eba\" data-element_type=\"container\">\n\t\t\t\t<\/div>\n\t\t\t\t\t<\/div>\n\t\t\t\t<\/div>\n\t\t\t\t<\/div>","protected":false},"excerpt":{"rendered":"<p>Temas 1. Corros\u00e3o associada a esfor\u00e7os mec\u00e2nicos e fragiliza\u00e7\u00e3o por hidrog\u00eanio 2. Corros\u00e3o atmosf\u00e9rica 3. Corros\u00e3o de artefatos arqueol\u00f3gicos e hist\u00f3ricos 4. Corros\u00e3o de metais n\u00e3o ferrosos 5. Corros\u00e3o eletroqu\u00edmica 6. Corros\u00e3o em concreto 7. Corros\u00e3o interna de dutos 8. Corros\u00e3o microbiol\u00f3gica 9. Corros\u00e3o na ind\u00fastria de \u00f3leo e g\u00e1s 10. Corros\u00e3o na ind\u00fastria de [&hellip;]<\/p>","protected":false},"author":1,"featured_media":0,"parent":0,"menu_order":0,"comment_status":"closed","ping_status":"closed","template":"elementor_header_footer","meta":{"footnotes":""},"class_list":["post-651","page","type-page","status-publish","hentry"],"_links":{"self":[{"href":"https:\/\/abraco.org.br\/intercorr2025\/en\/wp-json\/wp\/v2\/pages\/651","targetHints":{"allow":["GET"]}}],"collection":[{"href":"https:\/\/abraco.org.br\/intercorr2025\/en\/wp-json\/wp\/v2\/pages"}],"about":[{"href":"https:\/\/abraco.org.br\/intercorr2025\/en\/wp-json\/wp\/v2\/types\/page"}],"author":[{"embeddable":true,"href":"https:\/\/abraco.org.br\/intercorr2025\/en\/wp-json\/wp\/v2\/users\/1"}],"replies":[{"embeddable":true,"href":"https:\/\/abraco.org.br\/intercorr2025\/en\/wp-json\/wp\/v2\/comments?post=651"}],"version-history":[{"count":58,"href":"https:\/\/abraco.org.br\/intercorr2025\/en\/wp-json\/wp\/v2\/pages\/651\/revisions"}],"predecessor-version":[{"id":2692,"href":"https:\/\/abraco.org.br\/intercorr2025\/en\/wp-json\/wp\/v2\/pages\/651\/revisions\/2692"}],"wp:attachment":[{"href":"https:\/\/abraco.org.br\/intercorr2025\/en\/wp-json\/wp\/v2\/media?parent=651"}],"curies":[{"name":"wp","href":"https:\/\/api.w.org\/{rel}","templated":true}]}}