{"id":153,"date":"2024-09-24T01:17:26","date_gmt":"2024-09-24T01:17:26","guid":{"rendered":"https:\/\/abraco.org.br\/intercorr2025\/?page_id=153"},"modified":"2025-07-23T18:38:18","modified_gmt":"2025-07-23T18:38:18","slug":"premiacoes","status":"publish","type":"page","link":"https:\/\/abraco.org.br\/intercorr2025\/premiacoes\/","title":{"rendered":"Premia\u00e7\u00f5es"},"content":{"rendered":"\t\t<div data-elementor-type=\"wp-page\" data-elementor-id=\"153\" class=\"elementor elementor-153\" data-elementor-post-type=\"page\">\n\t\t\t\t<div class=\"elementor-element elementor-element-6380542 e-flex e-con-boxed e-con e-parent\" data-id=\"6380542\" data-element_type=\"container\" data-settings=\"{&quot;background_background&quot;:&quot;classic&quot;}\">\n\t\t\t\t\t<div class=\"e-con-inner\">\n\t\t<div class=\"elementor-element elementor-element-8370774 e-con-full e-flex e-con e-child\" data-id=\"8370774\" data-element_type=\"container\">\n\t\t\t\t<div class=\"elementor-element elementor-element-6ac8d07 elementor-widget elementor-widget-heading\" data-id=\"6ac8d07\" data-element_type=\"widget\" data-widget_type=\"heading.default\">\n\t\t\t\t<div class=\"elementor-widget-container\">\n\t\t\t\t\t<h2 class=\"elementor-heading-title elementor-size-default\">Premia\u00e7\u00f5es<\/h2>\t\t\t\t<\/div>\n\t\t\t\t<\/div>\n\t\t\t\t<div class=\"elementor-element elementor-element-82ae867 elementor-widget elementor-widget-text-editor\" data-id=\"82ae867\" data-element_type=\"widget\" data-widget_type=\"text-editor.default\">\n\t\t\t\t<div class=\"elementor-widget-container\">\n\t\t\t\t\t\t\t\t\t<p><strong>a. Pr\u00eamio Prof. Vicente Gentil<\/strong><\/p>\t\t\t\t\t\t\t\t<\/div>\n\t\t\t\t<\/div>\n\t\t\t\t<div class=\"elementor-element elementor-element-feab3f0 elementor-widget elementor-widget-text-editor\" data-id=\"feab3f0\" data-element_type=\"widget\" data-widget_type=\"text-editor.default\">\n\t\t\t\t<div class=\"elementor-widget-container\">\n\t\t\t\t\t\t\t\t\t<p style=\"font-weight: 400;\"><strong>Trabalho premiado<\/strong><\/p><p style=\"font-weight: 400;\">InterCorr2025_054 &#8211; Anticorrosive Behavior of Automotive Coolants Measured by Potentiodynamic Polarization Technique<br \/>and Electrochemical Impedance Spectroscopy<\/p><p style=\"font-weight: 400;\">Apresentador: Marcelo Rosa Dumont \u2013 CEFET MG<\/p>\t\t\t\t\t\t\t\t<\/div>\n\t\t\t\t<\/div>\n\t\t\t\t<div class=\"elementor-element elementor-element-3e0c894 elementor-widget elementor-widget-text-editor\" data-id=\"3e0c894\" data-element_type=\"widget\" data-widget_type=\"text-editor.default\">\n\t\t\t\t<div class=\"elementor-widget-container\">\n\t\t\t\t\t\t\t\t\t<p>Pr\u00eamio Excel\u00eancia \u2013 Trabalho em p\u00f4ster<\/p>\t\t\t\t\t\t\t\t<\/div>\n\t\t\t\t<\/div>\n\t\t\t\t<div class=\"elementor-element elementor-element-ab3a4c7 elementor-widget elementor-widget-text-editor\" data-id=\"ab3a4c7\" data-element_type=\"widget\" data-widget_type=\"text-editor.default\">\n\t\t\t\t<div class=\"elementor-widget-container\">\n\t\t\t\t\t\t\t\t\t<p style=\"font-weight: 400;\"><strong>Trabalho premiado<\/strong><\/p><p style=\"font-weight: 400;\">InterCorr 2025_037 &#8211; The effect of low CO2 partial pressures on the development of corrosion products in a simulated confined space<\/p><p style=\"font-weight: 400;\">Apresentador: Tiago Falcade &#8211; UFRGS<\/p>\t\t\t\t\t\t\t\t<\/div>\n\t\t\t\t<\/div>\n\t\t\t\t<\/div>\n\t\t<div class=\"elementor-element elementor-element-3c44cf7 e-con-full elementor-hidden-mobile e-flex e-con e-child\" data-id=\"3c44cf7\" data-element_type=\"container\">\n\t\t\t\t<\/div>\n\t\t\t\t\t<\/div>\n\t\t\t\t<\/div>\n\t\t\t\t<\/div>\n\t\t","protected":false},"excerpt":{"rendered":"<p>Premia\u00e7\u00f5es a. Pr\u00eamio Prof. Vicente Gentil Trabalho premiado InterCorr2025_054 &#8211; Anticorrosive Behavior of Automotive Coolants Measured by Potentiodynamic Polarization Techniqueand Electrochemical Impedance Spectroscopy Apresentador: Marcelo Rosa Dumont \u2013 CEFET MG Pr\u00eamio Excel\u00eancia \u2013 Trabalho em p\u00f4ster Trabalho premiado InterCorr 2025_037 &#8211; The effect of low CO2 partial pressures on the development of corrosion products in [&hellip;]<\/p>\n","protected":false},"author":1,"featured_media":0,"parent":0,"menu_order":0,"comment_status":"closed","ping_status":"closed","template":"elementor_header_footer","meta":{"footnotes":""},"class_list":["post-153","page","type-page","status-publish","hentry"],"_links":{"self":[{"href":"https:\/\/abraco.org.br\/intercorr2025\/wp-json\/wp\/v2\/pages\/153","targetHints":{"allow":["GET"]}}],"collection":[{"href":"https:\/\/abraco.org.br\/intercorr2025\/wp-json\/wp\/v2\/pages"}],"about":[{"href":"https:\/\/abraco.org.br\/intercorr2025\/wp-json\/wp\/v2\/types\/page"}],"author":[{"embeddable":true,"href":"https:\/\/abraco.org.br\/intercorr2025\/wp-json\/wp\/v2\/users\/1"}],"replies":[{"embeddable":true,"href":"https:\/\/abraco.org.br\/intercorr2025\/wp-json\/wp\/v2\/comments?post=153"}],"version-history":[{"count":100,"href":"https:\/\/abraco.org.br\/intercorr2025\/wp-json\/wp\/v2\/pages\/153\/revisions"}],"predecessor-version":[{"id":4670,"href":"https:\/\/abraco.org.br\/intercorr2025\/wp-json\/wp\/v2\/pages\/153\/revisions\/4670"}],"wp:attachment":[{"href":"https:\/\/abraco.org.br\/intercorr2025\/wp-json\/wp\/v2\/media?parent=153"}],"curies":[{"name":"wp","href":"https:\/\/api.w.org\/{rel}","templated":true}]}}