{"id":158,"date":"2024-09-24T01:21:20","date_gmt":"2024-09-24T01:21:20","guid":{"rendered":"https:\/\/abraco.org.br\/intercorr2025\/?page_id=158"},"modified":"2025-07-31T11:59:15","modified_gmt":"2025-07-31T11:59:15","slug":"concurso-de-fotografia","status":"publish","type":"page","link":"https:\/\/abraco.org.br\/intercorr2025\/concurso-de-fotografia\/","title":{"rendered":"Concurso de Fotografia"},"content":{"rendered":"\t\t<div data-elementor-type=\"wp-page\" data-elementor-id=\"158\" class=\"elementor elementor-158\" data-elementor-post-type=\"page\">\n\t\t\t\t<div class=\"elementor-element elementor-element-6c59c66 e-flex e-con-boxed e-con e-parent\" data-id=\"6c59c66\" data-element_type=\"container\" data-settings=\"{&quot;background_background&quot;:&quot;classic&quot;}\">\n\t\t\t\t\t<div class=\"e-con-inner\">\n\t\t<div class=\"elementor-element elementor-element-26fa426 e-con-full e-flex e-con e-child\" data-id=\"26fa426\" data-element_type=\"container\">\n\t\t\t\t<div class=\"elementor-element elementor-element-0b59928 elementor-widget elementor-widget-heading\" data-id=\"0b59928\" data-element_type=\"widget\" data-widget_type=\"heading.default\">\n\t\t\t\t<div class=\"elementor-widget-container\">\n\t\t\t\t\t<h2 class=\"elementor-heading-title elementor-size-default\">Concurso de Fotografia<\/h2>\t\t\t\t<\/div>\n\t\t\t\t<\/div>\n\t\t\t\t<div class=\"elementor-element elementor-element-1413125 elementor-widget elementor-widget-text-editor\" data-id=\"1413125\" data-element_type=\"widget\" data-widget_type=\"text-editor.default\">\n\t\t\t\t<div class=\"elementor-widget-container\">\n\t\t\t\t\t\t\t\t\t<p><b>Participa\u00e7\u00e3o encerrada<\/b><\/p>\t\t\t\t\t\t\t\t<\/div>\n\t\t\t\t<\/div>\n\t\t\t\t<div class=\"elementor-element elementor-element-f0fbd78 elementor-widget elementor-widget-text-editor\" data-id=\"f0fbd78\" data-element_type=\"widget\" data-widget_type=\"text-editor.default\">\n\t\t\t\t<div class=\"elementor-widget-container\">\n\t\t\t\t\t\t\t\t\t<p><strong>Participe do 22\u00ba Concurso de Fotografia de Corros\u00e3o e Degrada\u00e7\u00e3o de Materiais.<\/strong><\/p><p>Capture o impacto da corros\u00e3o, compartilhe sua perspectiva e concorra a pr\u00eamios incr\u00edveis!<\/p><p>As tr\u00eas imagens mais votadas durante o congresso ser\u00e3o premiadas!<\/p>\t\t\t\t\t\t\t\t<\/div>\n\t\t\t\t<\/div>\n\t\t\t\t<div class=\"elementor-element elementor-element-1a377a4 elementor-widget elementor-widget-icon-box\" data-id=\"1a377a4\" data-element_type=\"widget\" data-widget_type=\"icon-box.default\">\n\t\t\t\t<div class=\"elementor-widget-container\">\n\t\t\t\t\t\t\t<div class=\"elementor-icon-box-wrapper\">\n\n\t\t\t\n\t\t\t\t\t\t<div class=\"elementor-icon-box-content\">\n\n\t\t\t\t\t\t\t\t\t<h3 class=\"elementor-icon-box-title\">\n\t\t\t\t\t\t<span  >\n\t\t\t\t\t\t\t<STRONG>1\u00ba lugar <\/STRONG>- InterCorr 2025\t\t\t\t\t\t<\/span>\n\t\t\t\t\t<\/h3>\n\t\t\t\t\n\t\t\t\t\n\t\t\t<\/div>\n\t\t\t\n\t\t<\/div>\n\t\t\t\t\t\t<\/div>\n\t\t\t\t<\/div>\n\t\t\t\t<div class=\"elementor-element elementor-element-0fa73c3 elementor-widget elementor-widget-image\" data-id=\"0fa73c3\" data-element_type=\"widget\" data-widget_type=\"image.default\">\n\t\t\t\t<div class=\"elementor-widget-container\">\n\t\t\t\t\t\t\t\t\t\t\t\t\t\t\t<img fetchpriority=\"high\" decoding=\"async\" width=\"800\" height=\"618\" src=\"https:\/\/abraco.org.br\/intercorr2025\/wp-content\/uploads\/2025\/07\/1o-lugar-InterCorr-2025.pdf-1024x791.jpg\" class=\"attachment-large size-large wp-image-5397\" alt=\"\" srcset=\"https:\/\/abraco.org.br\/intercorr2025\/wp-content\/uploads\/2025\/07\/1o-lugar-InterCorr-2025.pdf-1024x791.jpg 1024w, https:\/\/abraco.org.br\/intercorr2025\/wp-content\/uploads\/2025\/07\/1o-lugar-InterCorr-2025.pdf-300x232.jpg 300w, https:\/\/abraco.org.br\/intercorr2025\/wp-content\/uploads\/2025\/07\/1o-lugar-InterCorr-2025.pdf-768x593.jpg 768w, https:\/\/abraco.org.br\/intercorr2025\/wp-content\/uploads\/2025\/07\/1o-lugar-InterCorr-2025.pdf-1536x1187.jpg 1536w, https:\/\/abraco.org.br\/intercorr2025\/wp-content\/uploads\/2025\/07\/1o-lugar-InterCorr-2025.pdf-16x12.jpg 16w, https:\/\/abraco.org.br\/intercorr2025\/wp-content\/uploads\/2025\/07\/1o-lugar-InterCorr-2025.pdf-600x464.jpg 600w, https:\/\/abraco.org.br\/intercorr2025\/wp-content\/uploads\/2025\/07\/1o-lugar-InterCorr-2025.pdf.jpg 2000w\" sizes=\"(max-width: 800px) 100vw, 800px\" \/>\t\t\t\t\t\t\t\t\t\t\t\t\t\t\t<\/div>\n\t\t\t\t<\/div>\n\t\t\t\t<div class=\"elementor-element elementor-element-fec276b elementor-widget elementor-widget-icon-box\" data-id=\"fec276b\" data-element_type=\"widget\" data-widget_type=\"icon-box.default\">\n\t\t\t\t<div class=\"elementor-widget-container\">\n\t\t\t\t\t\t\t<div class=\"elementor-icon-box-wrapper\">\n\n\t\t\t\n\t\t\t\t\t\t<div class=\"elementor-icon-box-content\">\n\n\t\t\t\t\t\t\t\t\t<h3 class=\"elementor-icon-box-title\">\n\t\t\t\t\t\t<span  >\n\t\t\t\t\t\t\t<STRONG>2\u00ba lugar <\/STRONG>- InterCorr 2025\t\t\t\t\t\t<\/span>\n\t\t\t\t\t<\/h3>\n\t\t\t\t\n\t\t\t\t\n\t\t\t<\/div>\n\t\t\t\n\t\t<\/div>\n\t\t\t\t\t\t<\/div>\n\t\t\t\t<\/div>\n\t\t\t\t<div class=\"elementor-element elementor-element-2de0f5e elementor-widget elementor-widget-image\" data-id=\"2de0f5e\" data-element_type=\"widget\" data-widget_type=\"image.default\">\n\t\t\t\t<div class=\"elementor-widget-container\">\n\t\t\t\t\t\t\t\t\t\t\t\t\t\t\t<img decoding=\"async\" width=\"800\" height=\"618\" src=\"https:\/\/abraco.org.br\/intercorr2025\/wp-content\/uploads\/2025\/07\/2o-lugar-InterCorr-2025.pdf-1024x791.jpg\" class=\"attachment-large size-large wp-image-5398\" alt=\"\" srcset=\"https:\/\/abraco.org.br\/intercorr2025\/wp-content\/uploads\/2025\/07\/2o-lugar-InterCorr-2025.pdf-1024x791.jpg 1024w, https:\/\/abraco.org.br\/intercorr2025\/wp-content\/uploads\/2025\/07\/2o-lugar-InterCorr-2025.pdf-300x232.jpg 300w, https:\/\/abraco.org.br\/intercorr2025\/wp-content\/uploads\/2025\/07\/2o-lugar-InterCorr-2025.pdf-768x593.jpg 768w, https:\/\/abraco.org.br\/intercorr2025\/wp-content\/uploads\/2025\/07\/2o-lugar-InterCorr-2025.pdf-1536x1187.jpg 1536w, https:\/\/abraco.org.br\/intercorr2025\/wp-content\/uploads\/2025\/07\/2o-lugar-InterCorr-2025.pdf-16x12.jpg 16w, https:\/\/abraco.org.br\/intercorr2025\/wp-content\/uploads\/2025\/07\/2o-lugar-InterCorr-2025.pdf-600x464.jpg 600w, https:\/\/abraco.org.br\/intercorr2025\/wp-content\/uploads\/2025\/07\/2o-lugar-InterCorr-2025.pdf.jpg 2000w\" sizes=\"(max-width: 800px) 100vw, 800px\" \/>\t\t\t\t\t\t\t\t\t\t\t\t\t\t\t<\/div>\n\t\t\t\t<\/div>\n\t\t\t\t<div class=\"elementor-element elementor-element-93e6ec0 elementor-widget elementor-widget-icon-box\" data-id=\"93e6ec0\" data-element_type=\"widget\" data-widget_type=\"icon-box.default\">\n\t\t\t\t<div class=\"elementor-widget-container\">\n\t\t\t\t\t\t\t<div class=\"elementor-icon-box-wrapper\">\n\n\t\t\t\n\t\t\t\t\t\t<div class=\"elementor-icon-box-content\">\n\n\t\t\t\t\t\t\t\t\t<h3 class=\"elementor-icon-box-title\">\n\t\t\t\t\t\t<span  >\n\t\t\t\t\t\t\t<STRONG>3\u00ba lugar <\/STRONG>- InterCorr 2025\t\t\t\t\t\t<\/span>\n\t\t\t\t\t<\/h3>\n\t\t\t\t\n\t\t\t\t\n\t\t\t<\/div>\n\t\t\t\n\t\t<\/div>\n\t\t\t\t\t\t<\/div>\n\t\t\t\t<\/div>\n\t\t\t\t<div class=\"elementor-element elementor-element-7f4b853 elementor-widget elementor-widget-image\" data-id=\"7f4b853\" data-element_type=\"widget\" data-widget_type=\"image.default\">\n\t\t\t\t<div class=\"elementor-widget-container\">\n\t\t\t\t\t\t\t\t\t\t\t\t\t\t\t<img decoding=\"async\" width=\"800\" height=\"618\" src=\"https:\/\/abraco.org.br\/intercorr2025\/wp-content\/uploads\/2025\/07\/3o-lugar-InterCorr-2025.pdf-1024x791.jpg\" class=\"attachment-large size-large wp-image-5399\" alt=\"\" srcset=\"https:\/\/abraco.org.br\/intercorr2025\/wp-content\/uploads\/2025\/07\/3o-lugar-InterCorr-2025.pdf-1024x791.jpg 1024w, https:\/\/abraco.org.br\/intercorr2025\/wp-content\/uploads\/2025\/07\/3o-lugar-InterCorr-2025.pdf-300x232.jpg 300w, https:\/\/abraco.org.br\/intercorr2025\/wp-content\/uploads\/2025\/07\/3o-lugar-InterCorr-2025.pdf-768x593.jpg 768w, https:\/\/abraco.org.br\/intercorr2025\/wp-content\/uploads\/2025\/07\/3o-lugar-InterCorr-2025.pdf-1536x1187.jpg 1536w, https:\/\/abraco.org.br\/intercorr2025\/wp-content\/uploads\/2025\/07\/3o-lugar-InterCorr-2025.pdf-16x12.jpg 16w, https:\/\/abraco.org.br\/intercorr2025\/wp-content\/uploads\/2025\/07\/3o-lugar-InterCorr-2025.pdf-600x464.jpg 600w, https:\/\/abraco.org.br\/intercorr2025\/wp-content\/uploads\/2025\/07\/3o-lugar-InterCorr-2025.pdf.jpg 2000w\" sizes=\"(max-width: 800px) 100vw, 800px\" \/>\t\t\t\t\t\t\t\t\t\t\t\t\t\t\t<\/div>\n\t\t\t\t<\/div>\n\t\t\t\t<\/div>\n\t\t\t\t\t<\/div>\n\t\t\t\t<\/div>\n\t\t\t\t<\/div>\n\t\t","protected":false},"excerpt":{"rendered":"<p>Concurso de Fotografia Participa\u00e7\u00e3o encerrada Participe do 22\u00ba Concurso de Fotografia de Corros\u00e3o e Degrada\u00e7\u00e3o de Materiais. Capture o impacto da corros\u00e3o, compartilhe sua perspectiva e concorra a pr\u00eamios incr\u00edveis! As tr\u00eas imagens mais votadas durante o congresso ser\u00e3o premiadas! 1\u00ba lugar &#8211; InterCorr 2025 2\u00ba lugar &#8211; InterCorr 2025 3\u00ba lugar &#8211; InterCorr 2025<\/p>\n","protected":false},"author":1,"featured_media":0,"parent":0,"menu_order":0,"comment_status":"closed","ping_status":"closed","template":"elementor_header_footer","meta":{"footnotes":""},"class_list":["post-158","page","type-page","status-publish","hentry"],"_links":{"self":[{"href":"https:\/\/abraco.org.br\/intercorr2025\/wp-json\/wp\/v2\/pages\/158","targetHints":{"allow":["GET"]}}],"collection":[{"href":"https:\/\/abraco.org.br\/intercorr2025\/wp-json\/wp\/v2\/pages"}],"about":[{"href":"https:\/\/abraco.org.br\/intercorr2025\/wp-json\/wp\/v2\/types\/page"}],"author":[{"embeddable":true,"href":"https:\/\/abraco.org.br\/intercorr2025\/wp-json\/wp\/v2\/users\/1"}],"replies":[{"embeddable":true,"href":"https:\/\/abraco.org.br\/intercorr2025\/wp-json\/wp\/v2\/comments?post=158"}],"version-history":[{"count":88,"href":"https:\/\/abraco.org.br\/intercorr2025\/wp-json\/wp\/v2\/pages\/158\/revisions"}],"predecessor-version":[{"id":5402,"href":"https:\/\/abraco.org.br\/intercorr2025\/wp-json\/wp\/v2\/pages\/158\/revisions\/5402"}],"wp:attachment":[{"href":"https:\/\/abraco.org.br\/intercorr2025\/wp-json\/wp\/v2\/media?parent=158"}],"curies":[{"name":"wp","href":"https:\/\/api.w.org\/{rel}","templated":true}]}}