{"id":176,"date":"2024-09-24T01:26:04","date_gmt":"2024-09-24T01:26:04","guid":{"rendered":"https:\/\/abraco.org.br\/intercorr2025\/?page_id=176"},"modified":"2025-01-23T17:21:07","modified_gmt":"2025-01-23T17:21:07","slug":"patrocinador","status":"publish","type":"page","link":"https:\/\/abraco.org.br\/intercorr2025\/patrocinador\/","title":{"rendered":"Patrocinador"},"content":{"rendered":"\t\t<div data-elementor-type=\"wp-page\" data-elementor-id=\"176\" class=\"elementor elementor-176\" data-elementor-post-type=\"page\">\n\t\t\t\t<div class=\"elementor-element elementor-element-7dda489 e-flex e-con-boxed e-con e-parent\" data-id=\"7dda489\" data-element_type=\"container\" data-settings=\"{&quot;background_background&quot;:&quot;classic&quot;}\">\n\t\t\t\t\t<div class=\"e-con-inner\">\n\t\t<div class=\"elementor-element elementor-element-a46cf2c e-con-full e-flex e-con e-child\" data-id=\"a46cf2c\" data-element_type=\"container\">\n\t\t\t\t<div class=\"elementor-element elementor-element-18ff278 elementor-widget elementor-widget-heading\" data-id=\"18ff278\" data-element_type=\"widget\" data-widget_type=\"heading.default\">\n\t\t\t\t<div class=\"elementor-widget-container\">\n\t\t\t\t\t<h2 class=\"elementor-heading-title elementor-size-default\">Patrocinador<\/h2>\t\t\t\t<\/div>\n\t\t\t\t<\/div>\n\t\t\t\t<div class=\"elementor-element elementor-element-32048d5 elementor-widget elementor-widget-text-editor\" data-id=\"32048d5\" data-element_type=\"widget\" data-widget_type=\"text-editor.default\">\n\t\t\t\t<div class=\"elementor-widget-container\">\n\t\t\t\t\t\t\t\t\t<p>Patrocinar o <strong>InterCorr 2025<\/strong> oferece uma oportunidade \u00fanica para sua empresa se conectar com profissionais, pesquisadores e empresas l\u00edderes no setor, aumentando sua visibilidade, consolidando sua marca e gerando oportunidades de neg\u00f3cios.<\/p><p>N\u00e3o perca a chance de posicionar sua marca no centro das inova\u00e7\u00f5es do setor.<\/p><p>Patrocine o InterCorr 2025 e fa\u00e7a parte desse impacto transformador!<\/p>\t\t\t\t\t\t\t\t<\/div>\n\t\t\t\t<\/div>\n\t\t\t\t<div class=\"elementor-element elementor-element-a4a2c4e elementor-widget elementor-widget-n-accordion\" data-id=\"a4a2c4e\" data-element_type=\"widget\" data-settings=\"{&quot;default_state&quot;:&quot;expanded&quot;,&quot;max_items_expended&quot;:&quot;one&quot;,&quot;n_accordion_animation_duration&quot;:{&quot;unit&quot;:&quot;ms&quot;,&quot;size&quot;:400,&quot;sizes&quot;:[]}}\" data-widget_type=\"nested-accordion.default\">\n\t\t\t\t<div class=\"elementor-widget-container\">\n\t\t\t\t\t\t\t<div class=\"e-n-accordion\" aria-label=\"Accordion. Open links with Enter or Space, close with Escape, and navigate with Arrow Keys\">\n\t\t\t\t\t\t<details id=\"e-n-accordion-item-1720\" class=\"e-n-accordion-item\" open>\n\t\t\t\t<summary class=\"e-n-accordion-item-title\" data-accordion-index=\"1\" tabindex=\"0\" aria-expanded=\"true\" aria-controls=\"e-n-accordion-item-1720\" >\n\t\t\t\t\t<span class='e-n-accordion-item-title-header'><div class=\"e-n-accordion-item-title-text\"> PLATINA <\/div><\/span>\n\t\t\t\t\t\t\t<span class='e-n-accordion-item-title-icon'>\n\t\t\t<span class='e-opened' ><svg aria-hidden=\"true\" class=\"e-font-icon-svg e-fas-minus\" viewBox=\"0 0 448 512\" xmlns=\"http:\/\/www.w3.org\/2000\/svg\"><path d=\"M416 208H32c-17.67 0-32 14.33-32 32v32c0 17.67 14.33 32 32 32h384c17.67 0 32-14.33 32-32v-32c0-17.67-14.33-32-32-32z\"><\/path><\/svg><\/span>\n\t\t\t<span class='e-closed'><svg aria-hidden=\"true\" class=\"e-font-icon-svg e-fas-plus\" viewBox=\"0 0 448 512\" xmlns=\"http:\/\/www.w3.org\/2000\/svg\"><path d=\"M416 208H272V64c0-17.67-14.33-32-32-32h-32c-17.67 0-32 14.33-32 32v144H32c-17.67 0-32 14.33-32 32v32c0 17.67 14.33 32 32 32h144v144c0 17.67 14.33 32 32 32h32c17.67 0 32-14.33 32-32V304h144c17.67 0 32-14.33 32-32v-32c0-17.67-14.33-32-32-32z\"><\/path><\/svg><\/span>\n\t\t<\/span>\n\n\t\t\t\t\t\t<\/summary>\n\t\t\t\t<div role=\"region\" aria-labelledby=\"e-n-accordion-item-1720\" class=\"elementor-element elementor-element-914ff20 e-con-full e-flex e-con e-child\" data-id=\"914ff20\" data-element_type=\"container\">\n\t\t<div role=\"region\" aria-labelledby=\"e-n-accordion-item-1720\" class=\"elementor-element elementor-element-2e587c3 e-flex e-con-boxed e-con e-child\" data-id=\"2e587c3\" data-element_type=\"container\">\n\t\t\t\t\t<div class=\"e-con-inner\">\n\t\t\t\t<div class=\"elementor-element elementor-element-3c4bae7 elementor-widget elementor-widget-icon-box\" data-id=\"3c4bae7\" data-element_type=\"widget\" data-widget_type=\"icon-box.default\">\n\t\t\t\t<div class=\"elementor-widget-container\">\n\t\t\t\t\t\t\t<div class=\"elementor-icon-box-wrapper\">\n\n\t\t\t\n\t\t\t\t\t\t<div class=\"elementor-icon-box-content\">\n\n\t\t\t\t\n\t\t\t\t\t\t\t\t\t<p class=\"elementor-icon-box-description\">\n\t\t\t\t\t\t- Um estande padr\u00e3o - 3 m x 2 m.<br>\n- 12 inscri\u00e7\u00f5es completas para o evento.<br>\n- Apresenta\u00e7\u00e3o de v\u00eddeo institucional do patrocinador em todos os dias do evento (1x\/dia).<br>\n- Logotipo do patrocinador nas canetas.<br>\n- Espa\u00e7o para uma apresenta\u00e7\u00e3o de 40 minutos durante o evento. A apresenta\u00e7\u00e3o deve ser aprovada pela ABRACO.<br>\n- An\u00fancio de p\u00e1gina inteira no Programa - Final do evento (arte fornecida pelo patrocinador).<br>\n- An\u00fancio de uma p\u00e1gina na Revista Corros\u00e3o &amp; Prote\u00e7\u00e3o, na edi\u00e7\u00e3o ap\u00f3s o evento (arte fornecida pelo patrocinador).<br>\n- Inclus\u00e3o de material promocional da empresa na pasta oficial do evento (material fornecido pela patrocinadora).<br>\n- Nome e logotipo da empresa em todos os materiais promocionais do evento: site, programa, redes sociais etc.<br>\n- Aplica\u00e7\u00e3o da logomarca do patrocinador na sinaliza\u00e7\u00e3o dos audit\u00f3rios e da exposi\u00e7\u00e3o.<br>\n- Veicula\u00e7\u00e3o da logomarca do patrocinador na tela dos audit\u00f3rios<br>\n- Placa de reconhecimento.\t\t\t\t\t<\/p>\n\t\t\t\t\n\t\t\t<\/div>\n\t\t\t\n\t\t<\/div>\n\t\t\t\t\t\t<\/div>\n\t\t\t\t<\/div>\n\t\t\t\t\t<\/div>\n\t\t\t\t<\/div>\n\t\t\t\t<\/div>\n\t\t\t\t\t<\/details>\n\t\t\t\t\t\t<details id=\"e-n-accordion-item-1721\" class=\"e-n-accordion-item\" >\n\t\t\t\t<summary class=\"e-n-accordion-item-title\" data-accordion-index=\"2\" tabindex=\"-1\" aria-expanded=\"false\" aria-controls=\"e-n-accordion-item-1721\" >\n\t\t\t\t\t<span class='e-n-accordion-item-title-header'><div class=\"e-n-accordion-item-title-text\"> OURO <\/div><\/span>\n\t\t\t\t\t\t\t<span class='e-n-accordion-item-title-icon'>\n\t\t\t<span class='e-opened' ><svg aria-hidden=\"true\" class=\"e-font-icon-svg e-fas-minus\" viewBox=\"0 0 448 512\" xmlns=\"http:\/\/www.w3.org\/2000\/svg\"><path d=\"M416 208H32c-17.67 0-32 14.33-32 32v32c0 17.67 14.33 32 32 32h384c17.67 0 32-14.33 32-32v-32c0-17.67-14.33-32-32-32z\"><\/path><\/svg><\/span>\n\t\t\t<span class='e-closed'><svg aria-hidden=\"true\" class=\"e-font-icon-svg e-fas-plus\" viewBox=\"0 0 448 512\" xmlns=\"http:\/\/www.w3.org\/2000\/svg\"><path d=\"M416 208H272V64c0-17.67-14.33-32-32-32h-32c-17.67 0-32 14.33-32 32v144H32c-17.67 0-32 14.33-32 32v32c0 17.67 14.33 32 32 32h144v144c0 17.67 14.33 32 32 32h32c17.67 0 32-14.33 32-32V304h144c17.67 0 32-14.33 32-32v-32c0-17.67-14.33-32-32-32z\"><\/path><\/svg><\/span>\n\t\t<\/span>\n\n\t\t\t\t\t\t<\/summary>\n\t\t\t\t<div role=\"region\" aria-labelledby=\"e-n-accordion-item-1721\" class=\"elementor-element elementor-element-9f88f4c e-con-full e-flex e-con e-child\" data-id=\"9f88f4c\" data-element_type=\"container\">\n\t\t<div role=\"region\" aria-labelledby=\"e-n-accordion-item-1721\" class=\"elementor-element elementor-element-b95c2be e-flex e-con-boxed e-con e-child\" data-id=\"b95c2be\" data-element_type=\"container\">\n\t\t\t\t\t<div class=\"e-con-inner\">\n\t\t\t\t<div class=\"elementor-element elementor-element-71bc0e8 elementor-widget elementor-widget-icon-box\" data-id=\"71bc0e8\" data-element_type=\"widget\" data-widget_type=\"icon-box.default\">\n\t\t\t\t<div class=\"elementor-widget-container\">\n\t\t\t\t\t\t\t<div class=\"elementor-icon-box-wrapper\">\n\n\t\t\t\n\t\t\t\t\t\t<div class=\"elementor-icon-box-content\">\n\n\t\t\t\t\n\t\t\t\t\t\t\t\t\t<p class=\"elementor-icon-box-description\">\n\t\t\t\t\t\t- Um estande padr\u00e3o - 3 m x 2 m.<br>\n- 8 inscri\u00e7\u00f5es completas para o evento.<br>\n- Espa\u00e7o para uma apresenta\u00e7\u00e3o de 20 minutos durante o evento. A apresenta\u00e7\u00e3o deve ser aprovada pela ABRACO.<br>\n- An\u00fancio de \u00bd p\u00e1gina no Programa - Final do evento (arte fornecida pelo patrocinador).<br>\n- An\u00fancio de \u00bd p\u00e1gina na Revista Corros\u00e3o &amp; Prote\u00e7\u00e3o, na edi\u00e7\u00e3o ap\u00f3s o evento (arte fornecida pelo patrocinador).<br>\n- Inclus\u00e3o de material promocional da empresa na pasta oficial do evento (material fornecido pela patrocinadora).<br>\n- Nome e logotipo da empresa em todos os materiais promocionais do evento: site, programa, redes sociais etc.<br>\n- Aplica\u00e7\u00e3o da logomarca do patrocinador na sinaliza\u00e7\u00e3o dos audit\u00f3rios e da exposi\u00e7\u00e3o.<br>\n- Veicula\u00e7\u00e3o da logomarca do patrocinador na tela dos audit\u00f3rios<br>\n- Placa de reconhecimento.\t\t\t\t\t<\/p>\n\t\t\t\t\n\t\t\t<\/div>\n\t\t\t\n\t\t<\/div>\n\t\t\t\t\t\t<\/div>\n\t\t\t\t<\/div>\n\t\t\t\t\t<\/div>\n\t\t\t\t<\/div>\n\t\t\t\t<\/div>\n\t\t\t\t\t<\/details>\n\t\t\t\t\t\t<details id=\"e-n-accordion-item-1722\" class=\"e-n-accordion-item\" >\n\t\t\t\t<summary class=\"e-n-accordion-item-title\" data-accordion-index=\"3\" tabindex=\"-1\" aria-expanded=\"false\" aria-controls=\"e-n-accordion-item-1722\" >\n\t\t\t\t\t<span class='e-n-accordion-item-title-header'><div class=\"e-n-accordion-item-title-text\"> PRATA <\/div><\/span>\n\t\t\t\t\t\t\t<span class='e-n-accordion-item-title-icon'>\n\t\t\t<span class='e-opened' ><svg aria-hidden=\"true\" class=\"e-font-icon-svg e-fas-minus\" viewBox=\"0 0 448 512\" xmlns=\"http:\/\/www.w3.org\/2000\/svg\"><path d=\"M416 208H32c-17.67 0-32 14.33-32 32v32c0 17.67 14.33 32 32 32h384c17.67 0 32-14.33 32-32v-32c0-17.67-14.33-32-32-32z\"><\/path><\/svg><\/span>\n\t\t\t<span class='e-closed'><svg aria-hidden=\"true\" class=\"e-font-icon-svg e-fas-plus\" viewBox=\"0 0 448 512\" xmlns=\"http:\/\/www.w3.org\/2000\/svg\"><path d=\"M416 208H272V64c0-17.67-14.33-32-32-32h-32c-17.67 0-32 14.33-32 32v144H32c-17.67 0-32 14.33-32 32v32c0 17.67 14.33 32 32 32h144v144c0 17.67 14.33 32 32 32h32c17.67 0 32-14.33 32-32V304h144c17.67 0 32-14.33 32-32v-32c0-17.67-14.33-32-32-32z\"><\/path><\/svg><\/span>\n\t\t<\/span>\n\n\t\t\t\t\t\t<\/summary>\n\t\t\t\t<div role=\"region\" aria-labelledby=\"e-n-accordion-item-1722\" class=\"elementor-element elementor-element-1908b44 e-con-full e-flex e-con e-child\" data-id=\"1908b44\" data-element_type=\"container\">\n\t\t<div role=\"region\" aria-labelledby=\"e-n-accordion-item-1722\" class=\"elementor-element elementor-element-a5c5bf5 e-flex e-con-boxed e-con e-child\" data-id=\"a5c5bf5\" data-element_type=\"container\">\n\t\t\t\t\t<div class=\"e-con-inner\">\n\t\t\t\t<div class=\"elementor-element elementor-element-b868370 elementor-widget elementor-widget-icon-box\" data-id=\"b868370\" data-element_type=\"widget\" data-widget_type=\"icon-box.default\">\n\t\t\t\t<div class=\"elementor-widget-container\">\n\t\t\t\t\t\t\t<div class=\"elementor-icon-box-wrapper\">\n\n\t\t\t\n\t\t\t\t\t\t<div class=\"elementor-icon-box-content\">\n\n\t\t\t\t\n\t\t\t\t\t\t\t\t\t<p class=\"elementor-icon-box-description\">\n\t\t\t\t\t\t- Um estande padr\u00e3o - 3 m x 2 m.<br>\n- 5 inscri\u00e7\u00f5es completas para o evento.<br>\n- An\u00fancio de \u00bc p\u00e1gina na Revista Corros\u00e3o &amp; Prote\u00e7\u00e3o, na edi\u00e7\u00e3o ap\u00f3s o evento (arte fornecida pelo patrocinador).<br>\n- Inclus\u00e3o de material promocional da empresa na pasta oficial do evento (material fornecido pela patrocinadora).<br>\n- Nome e logotipo da empresa em todos os materiais promocionais do evento: site, programa, redes sociais etc.<br>\n- Aplica\u00e7\u00e3o da logomarca do patrocinador na sinaliza\u00e7\u00e3o dos audit\u00f3rios e da exposi\u00e7\u00e3o.<br>\n- Veicula\u00e7\u00e3o da logomarca do patrocinador na tela dos audit\u00f3rios<br>\n- Placa de reconhecimento.\t\t\t\t\t<\/p>\n\t\t\t\t\n\t\t\t<\/div>\n\t\t\t\n\t\t<\/div>\n\t\t\t\t\t\t<\/div>\n\t\t\t\t<\/div>\n\t\t\t\t\t<\/div>\n\t\t\t\t<\/div>\n\t\t\t\t<\/div>\n\t\t\t\t\t<\/details>\n\t\t\t\t\t\t<details id=\"e-n-accordion-item-1723\" class=\"e-n-accordion-item\" >\n\t\t\t\t<summary class=\"e-n-accordion-item-title\" data-accordion-index=\"4\" tabindex=\"-1\" aria-expanded=\"false\" aria-controls=\"e-n-accordion-item-1723\" >\n\t\t\t\t\t<span class='e-n-accordion-item-title-header'><div class=\"e-n-accordion-item-title-text\"> BRONZE <\/div><\/span>\n\t\t\t\t\t\t\t<span class='e-n-accordion-item-title-icon'>\n\t\t\t<span class='e-opened' ><svg aria-hidden=\"true\" class=\"e-font-icon-svg e-fas-minus\" viewBox=\"0 0 448 512\" xmlns=\"http:\/\/www.w3.org\/2000\/svg\"><path d=\"M416 208H32c-17.67 0-32 14.33-32 32v32c0 17.67 14.33 32 32 32h384c17.67 0 32-14.33 32-32v-32c0-17.67-14.33-32-32-32z\"><\/path><\/svg><\/span>\n\t\t\t<span class='e-closed'><svg aria-hidden=\"true\" class=\"e-font-icon-svg e-fas-plus\" viewBox=\"0 0 448 512\" xmlns=\"http:\/\/www.w3.org\/2000\/svg\"><path d=\"M416 208H272V64c0-17.67-14.33-32-32-32h-32c-17.67 0-32 14.33-32 32v144H32c-17.67 0-32 14.33-32 32v32c0 17.67 14.33 32 32 32h144v144c0 17.67 14.33 32 32 32h32c17.67 0 32-14.33 32-32V304h144c17.67 0 32-14.33 32-32v-32c0-17.67-14.33-32-32-32z\"><\/path><\/svg><\/span>\n\t\t<\/span>\n\n\t\t\t\t\t\t<\/summary>\n\t\t\t\t<div role=\"region\" aria-labelledby=\"e-n-accordion-item-1723\" class=\"elementor-element elementor-element-3f3784c e-con-full e-flex e-con e-child\" data-id=\"3f3784c\" data-element_type=\"container\">\n\t\t<div role=\"region\" aria-labelledby=\"e-n-accordion-item-1723\" class=\"elementor-element elementor-element-ec9e3bf e-flex e-con-boxed e-con e-child\" data-id=\"ec9e3bf\" data-element_type=\"container\">\n\t\t\t\t\t<div class=\"e-con-inner\">\n\t\t\t\t<div class=\"elementor-element elementor-element-1b49ad1 elementor-widget elementor-widget-icon-box\" data-id=\"1b49ad1\" data-element_type=\"widget\" data-widget_type=\"icon-box.default\">\n\t\t\t\t<div class=\"elementor-widget-container\">\n\t\t\t\t\t\t\t<div class=\"elementor-icon-box-wrapper\">\n\n\t\t\t\n\t\t\t\t\t\t<div class=\"elementor-icon-box-content\">\n\n\t\t\t\t\n\t\t\t\t\t\t\t\t\t<p class=\"elementor-icon-box-description\">\n\t\t\t\t\t\t- 3 inscri\u00e7\u00f5es completas para o evento.<br>\n\n- Inclus\u00e3o de material promocional da empresa na pasta oficial do evento (material fornecido pela patrocinadora).<br>\n- Nome e logotipo da empresa em todos os materiais promocionais do evento: site, programa, redes sociais etc.<br>\n- Aplica\u00e7\u00e3o da logomarca do patrocinador na sinaliza\u00e7\u00e3o dos audit\u00f3rios e da exposi\u00e7\u00e3o.<br>\n- Veicula\u00e7\u00e3o da logomarca do patrocinador na tela dos audit\u00f3rios<br>\n- Placa de reconhecimento.\t\t\t\t\t<\/p>\n\t\t\t\t\n\t\t\t<\/div>\n\t\t\t\n\t\t<\/div>\n\t\t\t\t\t\t<\/div>\n\t\t\t\t<\/div>\n\t\t\t\t\t<\/div>\n\t\t\t\t<\/div>\n\t\t\t\t<\/div>\n\t\t\t\t\t<\/details>\n\t\t\t\t\t\t<details id=\"e-n-accordion-item-1724\" class=\"e-n-accordion-item\" >\n\t\t\t\t<summary class=\"e-n-accordion-item-title\" data-accordion-index=\"5\" tabindex=\"-1\" aria-expanded=\"false\" aria-controls=\"e-n-accordion-item-1724\" >\n\t\t\t\t\t<span class='e-n-accordion-item-title-header'><div class=\"e-n-accordion-item-title-text\"> SOMENTE ESTANDE <\/div><\/span>\n\t\t\t\t\t\t\t<span class='e-n-accordion-item-title-icon'>\n\t\t\t<span class='e-opened' ><svg aria-hidden=\"true\" class=\"e-font-icon-svg e-fas-minus\" viewBox=\"0 0 448 512\" xmlns=\"http:\/\/www.w3.org\/2000\/svg\"><path d=\"M416 208H32c-17.67 0-32 14.33-32 32v32c0 17.67 14.33 32 32 32h384c17.67 0 32-14.33 32-32v-32c0-17.67-14.33-32-32-32z\"><\/path><\/svg><\/span>\n\t\t\t<span class='e-closed'><svg aria-hidden=\"true\" class=\"e-font-icon-svg e-fas-plus\" viewBox=\"0 0 448 512\" xmlns=\"http:\/\/www.w3.org\/2000\/svg\"><path d=\"M416 208H272V64c0-17.67-14.33-32-32-32h-32c-17.67 0-32 14.33-32 32v144H32c-17.67 0-32 14.33-32 32v32c0 17.67 14.33 32 32 32h144v144c0 17.67 14.33 32 32 32h32c17.67 0 32-14.33 32-32V304h144c17.67 0 32-14.33 32-32v-32c0-17.67-14.33-32-32-32z\"><\/path><\/svg><\/span>\n\t\t<\/span>\n\n\t\t\t\t\t\t<\/summary>\n\t\t\t\t<div role=\"region\" aria-labelledby=\"e-n-accordion-item-1724\" class=\"elementor-element elementor-element-d5c0b8f e-con-full e-flex e-con e-child\" data-id=\"d5c0b8f\" data-element_type=\"container\">\n\t\t<div role=\"region\" aria-labelledby=\"e-n-accordion-item-1724\" class=\"elementor-element elementor-element-a1dacef e-flex e-con-boxed e-con e-child\" data-id=\"a1dacef\" data-element_type=\"container\">\n\t\t\t\t\t<div class=\"e-con-inner\">\n\t\t\t\t<div class=\"elementor-element elementor-element-d9526d5 elementor-widget elementor-widget-icon-box\" data-id=\"d9526d5\" data-element_type=\"widget\" data-widget_type=\"icon-box.default\">\n\t\t\t\t<div class=\"elementor-widget-container\">\n\t\t\t\t\t\t\t<div class=\"elementor-icon-box-wrapper\">\n\n\t\t\t\n\t\t\t\t\t\t<div class=\"elementor-icon-box-content\">\n\n\t\t\t\t\n\t\t\t\t\t\t\t\t\t<p class=\"elementor-icon-box-description\">\n\t\t\t\t\t\t- Um estande padr\u00e3o - 3 m x 2 m.<br>\n- 1 incri\u00e7\u00e3o completa para o evento.<br>\n- Informa\u00e7\u00f5es da empresa na planta baixa da p\u00e1gina dos expositores.<br>\n- Nome e logotipo da empresa em todos os materiais promocionais do evento: site, programa, redes sociais etc.<br>\n\t\t\t\t\t<\/p>\n\t\t\t\t\n\t\t\t<\/div>\n\t\t\t\n\t\t<\/div>\n\t\t\t\t\t\t<\/div>\n\t\t\t\t<\/div>\n\t\t<div role=\"region\" aria-labelledby=\"e-n-accordion-item-1724\" class=\"elementor-element elementor-element-4a5ae8a e-grid e-con-full e-con e-child\" data-id=\"4a5ae8a\" data-element_type=\"container\">\n\t\t\t\t<div class=\"elementor-element elementor-element-db4d184 elementor-widget elementor-widget-image\" data-id=\"db4d184\" data-element_type=\"widget\" data-widget_type=\"image.default\">\n\t\t\t\t<div class=\"elementor-widget-container\">\n\t\t\t\t\t\t\t\t\t\t\t\t\t\t\t<img fetchpriority=\"high\" decoding=\"async\" width=\"499\" height=\"325\" src=\"https:\/\/abraco.org.br\/intercorr2025\/wp-content\/uploads\/2024\/11\/Imagem1.jpg\" class=\"attachment-large size-large wp-image-1563\" alt=\"\" srcset=\"https:\/\/abraco.org.br\/intercorr2025\/wp-content\/uploads\/2024\/11\/Imagem1.jpg 499w, https:\/\/abraco.org.br\/intercorr2025\/wp-content\/uploads\/2024\/11\/Imagem1-300x195.jpg 300w\" sizes=\"(max-width: 499px) 100vw, 499px\" \/>\t\t\t\t\t\t\t\t\t\t\t\t\t\t\t<\/div>\n\t\t\t\t<\/div>\n\t\t\t\t<div class=\"elementor-element elementor-element-ab5598e elementor-widget elementor-widget-icon-box\" data-id=\"ab5598e\" data-element_type=\"widget\" data-widget_type=\"icon-box.default\">\n\t\t\t\t<div class=\"elementor-widget-container\">\n\t\t\t\t\t\t\t<div class=\"elementor-icon-box-wrapper\">\n\n\t\t\t\n\t\t\t\t\t\t<div class=\"elementor-icon-box-content\">\n\n\t\t\t\t\t\t\t\t\t<h3 class=\"elementor-icon-box-title\">\n\t\t\t\t\t\t<span  >\n\t\t\t\t\t\t\tCada estande 3 m x 2 m receber\u00e1:\t\t\t\t\t\t<\/span>\n\t\t\t\t\t<\/h3>\n\t\t\t\t\n\t\t\t\t\t\t\t\t\t<p class=\"elementor-icon-box-description\">\n\t\t\t\t\t\t- Backdrop (impress\u00e3o n\u00e3o inclu\u00edda);<br>\n- Carpete;<br>\n- Balc\u00e3o com arm\u00e1rio;<br>\n- Mesa com 3 cadeiras;<br>\n- 1 cesto de lixo.\t\t\t\t\t<\/p>\n\t\t\t\t\n\t\t\t<\/div>\n\t\t\t\n\t\t<\/div>\n\t\t\t\t\t\t<\/div>\n\t\t\t\t<\/div>\n\t\t\t\t<\/div>\n\t\t\t\t\t<\/div>\n\t\t\t\t<\/div>\n\t\t\t\t<\/div>\n\t\t\t\t\t<\/details>\n\t\t\t\t\t<\/div>\n\t\t\t\t\t\t<\/div>\n\t\t\t\t<\/div>\n\t\t\t\t<div class=\"elementor-element elementor-element-00b456f elementor-align-left elementor-widget elementor-widget-button\" data-id=\"00b456f\" data-element_type=\"widget\" data-widget_type=\"button.default\">\n\t\t\t\t<div class=\"elementor-widget-container\">\n\t\t\t\t\t\t\t\t\t<div class=\"elementor-button-wrapper\">\n\t\t\t\t\t<a class=\"elementor-button elementor-button-link elementor-size-sm\" href=\"mailto:eventos@abraco.org.br%20\">\n\t\t\t\t\t\t<span class=\"elementor-button-content-wrapper\">\n\t\t\t\t\t\t\t\t\t<span class=\"elementor-button-text\">Para patrocinar, clique aqui<\/span>\n\t\t\t\t\t<\/span>\n\t\t\t\t\t<\/a>\n\t\t\t\t<\/div>\n\t\t\t\t\t\t\t\t<\/div>\n\t\t\t\t<\/div>\n\t\t\t\t<\/div>\n\t\t<div class=\"elementor-element elementor-element-b81301c e-con-full elementor-hidden-mobile e-flex e-con e-child\" data-id=\"b81301c\" data-element_type=\"container\">\n\t\t\t\t<\/div>\n\t\t\t\t\t<\/div>\n\t\t\t\t<\/div>\n\t\t\t\t<\/div>\n\t\t","protected":false},"excerpt":{"rendered":"<p>Patrocinador Patrocinar o InterCorr 2025 oferece uma oportunidade \u00fanica para sua empresa se conectar com profissionais, pesquisadores e empresas l\u00edderes no setor, aumentando sua visibilidade, consolidando sua marca e gerando oportunidades de neg\u00f3cios. N\u00e3o perca a chance de posicionar sua marca no centro das inova\u00e7\u00f5es do setor. Patrocine o InterCorr 2025 e fa\u00e7a parte desse [&hellip;]<\/p>\n","protected":false},"author":1,"featured_media":0,"parent":0,"menu_order":0,"comment_status":"closed","ping_status":"closed","template":"elementor_header_footer","meta":{"footnotes":""},"class_list":["post-176","page","type-page","status-publish","hentry"],"_links":{"self":[{"href":"https:\/\/abraco.org.br\/intercorr2025\/wp-json\/wp\/v2\/pages\/176","targetHints":{"allow":["GET"]}}],"collection":[{"href":"https:\/\/abraco.org.br\/intercorr2025\/wp-json\/wp\/v2\/pages"}],"about":[{"href":"https:\/\/abraco.org.br\/intercorr2025\/wp-json\/wp\/v2\/types\/page"}],"author":[{"embeddable":true,"href":"https:\/\/abraco.org.br\/intercorr2025\/wp-json\/wp\/v2\/users\/1"}],"replies":[{"embeddable":true,"href":"https:\/\/abraco.org.br\/intercorr2025\/wp-json\/wp\/v2\/comments?post=176"}],"version-history":[{"count":80,"href":"https:\/\/abraco.org.br\/intercorr2025\/wp-json\/wp\/v2\/pages\/176\/revisions"}],"predecessor-version":[{"id":2923,"href":"https:\/\/abraco.org.br\/intercorr2025\/wp-json\/wp\/v2\/pages\/176\/revisions\/2923"}],"wp:attachment":[{"href":"https:\/\/abraco.org.br\/intercorr2025\/wp-json\/wp\/v2\/media?parent=176"}],"curies":[{"name":"wp","href":"https:\/\/api.w.org\/{rel}","templated":true}]}}