{"id":256,"date":"2024-09-24T01:52:19","date_gmt":"2024-09-24T01:52:19","guid":{"rendered":"https:\/\/abraco.org.br\/intercorr2025\/?page_id=256"},"modified":"2025-01-15T14:25:12","modified_gmt":"2025-01-15T14:25:12","slug":"sobre-sao-paulo","status":"publish","type":"page","link":"https:\/\/abraco.org.br\/intercorr2025\/sobre-sao-paulo\/","title":{"rendered":"Sobre S\u00e3o Paulo"},"content":{"rendered":"\t\t<div data-elementor-type=\"wp-page\" data-elementor-id=\"256\" class=\"elementor elementor-256\" data-elementor-post-type=\"page\">\n\t\t\t\t<div class=\"elementor-element elementor-element-3ps6nxl elementor-hidden-mobile e-flex e-con-boxed e-con e-parent\" data-id=\"3ps6nxl\" data-element_type=\"container\" data-settings=\"{&quot;background_background&quot;:&quot;classic&quot;}\">\n\t\t\t\t\t<div class=\"e-con-inner\">\n\t\t<div class=\"elementor-element elementor-element-566fc8b e-con-full e-flex e-con e-child\" data-id=\"566fc8b\" data-element_type=\"container\">\n\t\t\t\t<div class=\"elementor-element elementor-element-889ae92 elementor-widget elementor-widget-heading\" data-id=\"889ae92\" data-element_type=\"widget\" data-widget_type=\"heading.default\">\n\t\t\t\t<div class=\"elementor-widget-container\">\n\t\t\t\t\t<h1 class=\"elementor-heading-title elementor-size-default\">Sobre S\u00e3o Paulo<\/h1>\t\t\t\t<\/div>\n\t\t\t\t<\/div>\n\t\t\t\t<div class=\"elementor-element elementor-element-41cc183 elementor-widget elementor-widget-text-editor\" data-id=\"41cc183\" data-element_type=\"widget\" data-widget_type=\"text-editor.default\">\n\t\t\t\t<div class=\"elementor-widget-container\">\n\t\t\t\t\t\t\t\t\t<p>Uma cidade vanguardista e inovadora, que preserva na arquitetura, nas artes e na gastronomia um passado composto pela uni\u00e3o de mais de 70 nacionalidades. E, ao mesmo tempo em que preserva tradi\u00e7\u00f5es, n\u00e3o se deixa ultrapassar. Antenada \u00e9 a palavra certa para descrev\u00ea-la. Para conhec\u00ea-la melhor \u00e9 preciso apenas duas coisas: mente aberta e disposi\u00e7\u00e3o para mergulhar de cabe\u00e7a nessa cidade que nunca dorme.<\/p>\t\t\t\t\t\t\t\t<\/div>\n\t\t\t\t<\/div>\n\t\t\t\t<div class=\"elementor-element elementor-element-a3d674e elementor-widget elementor-widget-text-editor\" data-id=\"a3d674e\" data-element_type=\"widget\" data-widget_type=\"text-editor.default\">\n\t\t\t\t<div class=\"elementor-widget-container\">\n\t\t\t\t\t\t\t\t\t<p>Fonte do conte\u00fado: <strong><a href=\"https:\/\/visitesaopaulo.com\/descubra\/cidade-de-sp\/\">Visite S\u00e3o Paulo<\/a><\/strong><\/p>\t\t\t\t\t\t\t\t<\/div>\n\t\t\t\t<\/div>\n\t\t\t\t<\/div>\n\t\t\t\t\t<\/div>\n\t\t\t\t<\/div>\n\t\t<div class=\"elementor-element elementor-element-76d8a6f elementor-hidden-desktop elementor-hidden-tablet e-flex e-con-boxed e-con e-parent\" data-id=\"76d8a6f\" data-element_type=\"container\" data-settings=\"{&quot;background_background&quot;:&quot;classic&quot;}\">\n\t\t\t\t\t<div class=\"e-con-inner\">\n\t\t<div class=\"elementor-element elementor-element-71d2b1c e-con-full e-flex e-con e-child\" data-id=\"71d2b1c\" data-element_type=\"container\">\n\t\t\t\t<div class=\"elementor-element elementor-element-bed0437 elementor-widget elementor-widget-heading\" data-id=\"bed0437\" data-element_type=\"widget\" data-widget_type=\"heading.default\">\n\t\t\t\t<div class=\"elementor-widget-container\">\n\t\t\t\t\t<h1 class=\"elementor-heading-title elementor-size-default\">Sobre S\u00e3o Paulo<\/h1>\t\t\t\t<\/div>\n\t\t\t\t<\/div>\n\t\t\t\t<div class=\"elementor-element elementor-element-5125a53 elementor-widget elementor-widget-text-editor\" data-id=\"5125a53\" data-element_type=\"widget\" data-widget_type=\"text-editor.default\">\n\t\t\t\t<div class=\"elementor-widget-container\">\n\t\t\t\t\t\t\t\t\t<p>Uma cidade vanguardista e inovadora, que preserva na arquitetura, nas artes e na gastronomia um passado composto pela uni\u00e3o de mais de 70 nacionalidades. E, ao mesmo tempo em que preserva tradi\u00e7\u00f5es, n\u00e3o se deixa ultrapassar. Antenada \u00e9 a palavra certa para descrev\u00ea-la. Para conhec\u00ea-la melhor \u00e9 preciso apenas duas coisas: mente aberta e disposi\u00e7\u00e3o para mergulhar de cabe\u00e7a nessa cidade que nunca dorme.<\/p>\t\t\t\t\t\t\t\t<\/div>\n\t\t\t\t<\/div>\n\t\t\t\t<div class=\"elementor-element elementor-element-b9f16aa elementor-widget elementor-widget-text-editor\" data-id=\"b9f16aa\" data-element_type=\"widget\" data-widget_type=\"text-editor.default\">\n\t\t\t\t<div class=\"elementor-widget-container\">\n\t\t\t\t\t\t\t\t\t<p>Fonte do conte\u00fado: <strong><a href=\"https:\/\/visitesaopaulo.com\/descubra\/cidade-de-sp\/\">Visite S\u00e3o Paulo<\/a><\/strong><\/p>\t\t\t\t\t\t\t\t<\/div>\n\t\t\t\t<\/div>\n\t\t\t\t<\/div>\n\t\t\t\t\t<\/div>\n\t\t\t\t<\/div>\n\t\t<div class=\"elementor-element elementor-element-40f5ca9 e-flex e-con-boxed e-con e-parent\" data-id=\"40f5ca9\" data-element_type=\"container\" data-settings=\"{&quot;background_background&quot;:&quot;classic&quot;}\">\n\t\t\t\t\t<div class=\"e-con-inner\">\n\t\t<div class=\"elementor-element elementor-element-7bfd473 e-con-full e-flex e-con e-child\" data-id=\"7bfd473\" data-element_type=\"container\" data-settings=\"{&quot;background_background&quot;:&quot;classic&quot;}\">\n\t\t<div class=\"elementor-element elementor-element-253d763 e-con-full e-flex e-con e-child\" data-id=\"253d763\" data-element_type=\"container\" data-settings=\"{&quot;background_background&quot;:&quot;classic&quot;}\">\n\t\t\t\t<div class=\"elementor-element elementor-element-b9cebce elementor-widget elementor-widget-heading\" data-id=\"b9cebce\" data-element_type=\"widget\" data-widget_type=\"heading.default\">\n\t\t\t\t<div class=\"elementor-widget-container\">\n\t\t\t\t\t<h2 class=\"elementor-heading-title elementor-size-default\">O que curtir em S\u00e3o Paulo\n<\/h2>\t\t\t\t<\/div>\n\t\t\t\t<\/div>\n\t\t\t\t<div class=\"elementor-element elementor-element-3b15d0c elementor-widget elementor-widget-image-box\" data-id=\"3b15d0c\" data-element_type=\"widget\" data-widget_type=\"image-box.default\">\n\t\t\t\t<div class=\"elementor-widget-container\">\n\t\t\t\t\t<div class=\"elementor-image-box-wrapper\"><div class=\"elementor-image-box-content\"><h2 class=\"elementor-image-box-title\">Gastronomia diversa<\/h2><p class=\"elementor-image-box-description\">Gastronomia riqu\u00edssima e diversificada. Isso \u00e9 o que se encontra em S\u00e3o Paulo. A cidade re\u00fane alguns dos melhores restaurantes da Am\u00e9rica Latina e do mundo, entre seus mais de 15 mil restaurantes e 20 mil bares. H\u00e1 op\u00e7\u00f5es nacionais e internacionais, que atendem a todos os bolsos. Al\u00e9m da culin\u00e1ria de 52 pa\u00edses, S\u00e3o Paulo \u00e9 famosa pelos food trucks e \u201cfeirinhas gastron\u00f4micas\u201d, que hoje tomam as ruas da cidade.<\/p><\/div><\/div>\t\t\t\t<\/div>\n\t\t\t\t<\/div>\n\t\t\t\t<\/div>\n\t\t\t\t<\/div>\n\t\t<div class=\"elementor-element elementor-element-36106df e-con-full e-flex e-con e-child\" data-id=\"36106df\" data-element_type=\"container\" data-settings=\"{&quot;background_background&quot;:&quot;classic&quot;}\">\n\t\t\t\t<div class=\"elementor-element elementor-element-0c3aa8e elementor-widget elementor-widget-spacer\" data-id=\"0c3aa8e\" data-element_type=\"widget\" data-widget_type=\"spacer.default\">\n\t\t\t\t<div class=\"elementor-widget-container\">\n\t\t\t\t\t\t\t<div class=\"elementor-spacer\">\n\t\t\t<div class=\"elementor-spacer-inner\"><\/div>\n\t\t<\/div>\n\t\t\t\t\t\t<\/div>\n\t\t\t\t<\/div>\n\t\t\t\t<\/div>\n\t\t\t\t\t<\/div>\n\t\t\t\t<\/div>\n\t\t<div class=\"elementor-element elementor-element-715743a e-flex e-con-boxed e-con e-parent\" data-id=\"715743a\" data-element_type=\"container\" data-settings=\"{&quot;background_background&quot;:&quot;classic&quot;}\">\n\t\t\t\t\t<div class=\"e-con-inner\">\n\t\t<div class=\"elementor-element elementor-element-ff1f4e9 e-con-full e-flex e-con e-child\" data-id=\"ff1f4e9\" data-element_type=\"container\" data-settings=\"{&quot;background_background&quot;:&quot;classic&quot;}\">\n\t\t\t\t<div class=\"elementor-element elementor-element-708879f elementor-widget elementor-widget-spacer\" data-id=\"708879f\" data-element_type=\"widget\" data-widget_type=\"spacer.default\">\n\t\t\t\t<div class=\"elementor-widget-container\">\n\t\t\t\t\t\t\t<div class=\"elementor-spacer\">\n\t\t\t<div class=\"elementor-spacer-inner\"><\/div>\n\t\t<\/div>\n\t\t\t\t\t\t<\/div>\n\t\t\t\t<\/div>\n\t\t\t\t<\/div>\n\t\t<div class=\"elementor-element elementor-element-bc48da6 e-con-full e-flex e-con e-child\" data-id=\"bc48da6\" data-element_type=\"container\" data-settings=\"{&quot;background_background&quot;:&quot;classic&quot;}\">\n\t\t\t\t<div class=\"elementor-element elementor-element-aa9332c elementor-widget elementor-widget-image-box\" data-id=\"aa9332c\" data-element_type=\"widget\" data-widget_type=\"image-box.default\">\n\t\t\t\t<div class=\"elementor-widget-container\">\n\t\t\t\t\t<div class=\"elementor-image-box-wrapper\"><div class=\"elementor-image-box-content\"><h2 class=\"elementor-image-box-title\">Atra\u00e7\u00f5es Culturais<\/h2><p class=\"elementor-image-box-description\">O mundo das artes e espet\u00e1culo tamb\u00e9m ferve em S\u00e3o Paulo. Centro cultural da Am\u00e9rica Latina, S\u00e3o Paulo possui 101 museus, 282 salas de cinema, 146 bibliotecas e cerca de 40 centros culturais, al\u00e9m das in\u00fameras festas populares e feiras que acontecem em suas ruas. Al\u00e9m disso, a cidade possui 182 teatros. S\u00e3o espa\u00e7os para a montagem de espet\u00e1culos de todas as linhas art\u00edsticas, que v\u00e3o das superprodu\u00e7\u00f5es dos musicais da Broadway ao teatro de vanguarda.<\/p><\/div><\/div>\t\t\t\t<\/div>\n\t\t\t\t<\/div>\n\t\t\t\t<\/div>\n\t\t\t\t\t<\/div>\n\t\t\t\t<\/div>\n\t\t<div class=\"elementor-element elementor-element-1ca378a e-flex e-con-boxed e-con e-parent\" data-id=\"1ca378a\" data-element_type=\"container\">\n\t\t\t\t\t<div class=\"e-con-inner\">\n\t\t<div class=\"elementor-element elementor-element-70b65d8 e-con-full e-flex e-con e-child\" data-id=\"70b65d8\" data-element_type=\"container\" data-settings=\"{&quot;background_background&quot;:&quot;classic&quot;}\">\n\t\t<div class=\"elementor-element elementor-element-dd81c56 e-con-full e-flex e-con e-child\" data-id=\"dd81c56\" data-element_type=\"container\" data-settings=\"{&quot;background_background&quot;:&quot;classic&quot;}\">\n\t\t\t\t<div class=\"elementor-element elementor-element-dc10b2e elementor-widget elementor-widget-image-box\" data-id=\"dc10b2e\" data-element_type=\"widget\" data-widget_type=\"image-box.default\">\n\t\t\t\t<div class=\"elementor-widget-container\">\n\t\t\t\t\t<div class=\"elementor-image-box-wrapper\"><div class=\"elementor-image-box-content\"><h2 class=\"elementor-image-box-title\">Vida noturna agitada<\/h2><p class=\"elementor-image-box-description\">A vida noturna em S\u00e3o Paulo \u00e9 um retrato fiel da cidade: fren\u00e9tica, criativa e democr\u00e1tica. Em 2014, o colunista Mark Manson, da CNN, elegeu a capital paulista como um dos dez melhores locais do mundo no que se refere a festas, baladas e demais divers\u00f5es noturnas. S\u00e3o Paulo foi a \u00fanica cidade brasileira a ser apontada na lista. Tem espa\u00e7o para todos, desde sertanejo, R&B (Rhythm and Blues), rock e samba, at\u00e9 m\u00fasica eletr\u00f4nica, pop e forr\u00f3. Vila Madalena, Itaim Bibi, Vila Ol\u00edmpia, Centro e Barra Funda s\u00e3o alguns dos bairros mais frequentados por quem gosta de aproveitar a noite na capital.\n\n<\/p><\/div><\/div>\t\t\t\t<\/div>\n\t\t\t\t<\/div>\n\t\t\t\t<\/div>\n\t\t\t\t<\/div>\n\t\t<div class=\"elementor-element elementor-element-3329946 e-con-full e-flex e-con e-child\" data-id=\"3329946\" data-element_type=\"container\" data-settings=\"{&quot;background_background&quot;:&quot;classic&quot;}\">\n\t\t\t\t<div class=\"elementor-element elementor-element-1685f9f elementor-widget elementor-widget-spacer\" data-id=\"1685f9f\" data-element_type=\"widget\" data-widget_type=\"spacer.default\">\n\t\t\t\t<div class=\"elementor-widget-container\">\n\t\t\t\t\t\t\t<div class=\"elementor-spacer\">\n\t\t\t<div class=\"elementor-spacer-inner\"><\/div>\n\t\t<\/div>\n\t\t\t\t\t\t<\/div>\n\t\t\t\t<\/div>\n\t\t\t\t<\/div>\n\t\t\t\t\t<\/div>\n\t\t\t\t<\/div>\n\t\t<div class=\"elementor-element elementor-element-596b40c e-flex e-con-boxed e-con e-parent\" data-id=\"596b40c\" data-element_type=\"container\" data-settings=\"{&quot;background_background&quot;:&quot;classic&quot;}\">\n\t\t\t\t\t<div class=\"e-con-inner\">\n\t\t<div class=\"elementor-element elementor-element-43832df e-con-full e-flex e-con e-child\" data-id=\"43832df\" data-element_type=\"container\" data-settings=\"{&quot;background_background&quot;:&quot;classic&quot;}\">\n\t\t\t\t<div class=\"elementor-element elementor-element-12e8681 elementor-widget elementor-widget-spacer\" data-id=\"12e8681\" data-element_type=\"widget\" data-widget_type=\"spacer.default\">\n\t\t\t\t<div class=\"elementor-widget-container\">\n\t\t\t\t\t\t\t<div class=\"elementor-spacer\">\n\t\t\t<div class=\"elementor-spacer-inner\"><\/div>\n\t\t<\/div>\n\t\t\t\t\t\t<\/div>\n\t\t\t\t<\/div>\n\t\t\t\t<\/div>\n\t\t<div class=\"elementor-element elementor-element-f9aa74d e-con-full e-flex e-con e-child\" data-id=\"f9aa74d\" data-element_type=\"container\" data-settings=\"{&quot;background_background&quot;:&quot;classic&quot;}\">\n\t\t\t\t<div class=\"elementor-element elementor-element-677f0dc elementor-widget elementor-widget-image-box\" data-id=\"677f0dc\" data-element_type=\"widget\" data-widget_type=\"image-box.default\">\n\t\t\t\t<div class=\"elementor-widget-container\">\n\t\t\t\t\t<div class=\"elementor-image-box-wrapper\"><div class=\"elementor-image-box-content\"><h2 class=\"elementor-image-box-title\">Compras<\/h2><p class=\"elementor-image-box-description\">A capital paulista \u00e9 o principal destino para turismo de compras no pa\u00eds, com op\u00e7\u00f5es luxuosas e centros de compras super acess\u00edveis. S\u00e3o mais de 50 shoppings centers e cerca de 60 ruas de com\u00e9rcio tem\u00e1tico.Um dos endere\u00e7os mais charmosos de S\u00e3o Paulo \u00e9 a rua Oscar Freire. S\u00e3o mais de 200 lojas de renomadas grifes nacionais e internacionais. Se o intuito \u00e9 garantir boas pechinchas, h\u00e1 a Rua 25 de mar\u00e7o, o maior conglomerado comercial popular a c\u00e9u aberto da Am\u00e9rica Latina, com mais de tr\u00eas mil lojas. Tamb\u00e9m na regi\u00e3o central, o Bom Retiro e o Br\u00e1s s\u00e3o bairros fortes em confec\u00e7\u00f5es. E no Itaim, na Rua Jo\u00e3o Cachoeira, e em Moema, na Rua Bem-Te-Vi, est\u00e3o algumas pontas de estoque excelentes.<\/p><\/div><\/div>\t\t\t\t<\/div>\n\t\t\t\t<\/div>\n\t\t\t\t<\/div>\n\t\t\t\t\t<\/div>\n\t\t\t\t<\/div>\n\t\t<div class=\"elementor-element elementor-element-3c971f8 e-flex e-con-boxed e-con e-parent\" data-id=\"3c971f8\" data-element_type=\"container\">\n\t\t\t\t\t<div class=\"e-con-inner\">\n\t\t<div class=\"elementor-element elementor-element-35e3ac2 e-con-full e-flex e-con e-child\" data-id=\"35e3ac2\" data-element_type=\"container\" data-settings=\"{&quot;background_background&quot;:&quot;classic&quot;}\">\n\t\t<div class=\"elementor-element elementor-element-e22e3bd e-con-full e-flex e-con e-child\" data-id=\"e22e3bd\" data-element_type=\"container\" data-settings=\"{&quot;background_background&quot;:&quot;classic&quot;}\">\n\t\t\t\t<div class=\"elementor-element elementor-element-21e753e elementor-widget elementor-widget-image-box\" data-id=\"21e753e\" data-element_type=\"widget\" data-widget_type=\"image-box.default\">\n\t\t\t\t<div class=\"elementor-widget-container\">\n\t\t\t\t\t<div class=\"elementor-image-box-wrapper\"><div class=\"elementor-image-box-content\"><h2 class=\"elementor-image-box-title\">Cidade dos Geeks e Nerds<\/h2><p class=\"elementor-image-box-description\">Al\u00e9m de reunir as mais diversas nacionalidades, culturas e tribos urbanas, S\u00e3o Paulo \u00e9 tamb\u00e9m o maior reduto geek e nerd em territ\u00f3rio nacional. O n\u00famero de aficionados por este curioso universo cresce a cada dia e h\u00e1 sempre novidades relacionadas ao tema. Para os f\u00e3s dessa cultura, a cidade \u00e9 um para\u00edso. <\/p><\/div><\/div>\t\t\t\t<\/div>\n\t\t\t\t<\/div>\n\t\t\t\t<\/div>\n\t\t\t\t<\/div>\n\t\t<div class=\"elementor-element elementor-element-50ec752 e-con-full e-flex e-con e-child\" data-id=\"50ec752\" data-element_type=\"container\" data-settings=\"{&quot;background_background&quot;:&quot;classic&quot;}\">\n\t\t\t\t<div class=\"elementor-element elementor-element-e1f4552 elementor-widget elementor-widget-spacer\" data-id=\"e1f4552\" data-element_type=\"widget\" data-widget_type=\"spacer.default\">\n\t\t\t\t<div class=\"elementor-widget-container\">\n\t\t\t\t\t\t\t<div class=\"elementor-spacer\">\n\t\t\t<div class=\"elementor-spacer-inner\"><\/div>\n\t\t<\/div>\n\t\t\t\t\t\t<\/div>\n\t\t\t\t<\/div>\n\t\t\t\t<\/div>\n\t\t\t\t\t<\/div>\n\t\t\t\t<\/div>\n\t\t<div class=\"elementor-element elementor-element-970d64b e-flex e-con-boxed e-con e-parent\" data-id=\"970d64b\" data-element_type=\"container\" data-settings=\"{&quot;background_background&quot;:&quot;classic&quot;}\">\n\t\t\t\t\t<div class=\"e-con-inner\">\n\t\t<div class=\"elementor-element elementor-element-16429f0 e-con-full e-flex e-con e-child\" data-id=\"16429f0\" data-element_type=\"container\" data-settings=\"{&quot;background_background&quot;:&quot;classic&quot;}\">\n\t\t\t\t<div class=\"elementor-element elementor-element-10c52d2 elementor-widget elementor-widget-spacer\" data-id=\"10c52d2\" data-element_type=\"widget\" data-widget_type=\"spacer.default\">\n\t\t\t\t<div class=\"elementor-widget-container\">\n\t\t\t\t\t\t\t<div class=\"elementor-spacer\">\n\t\t\t<div class=\"elementor-spacer-inner\"><\/div>\n\t\t<\/div>\n\t\t\t\t\t\t<\/div>\n\t\t\t\t<\/div>\n\t\t\t\t<\/div>\n\t\t<div class=\"elementor-element elementor-element-05e9aa0 e-con-full e-flex e-con e-child\" data-id=\"05e9aa0\" data-element_type=\"container\" data-settings=\"{&quot;background_background&quot;:&quot;classic&quot;}\">\n\t\t\t\t<div class=\"elementor-element elementor-element-9f8c591 elementor-widget elementor-widget-image-box\" data-id=\"9f8c591\" data-element_type=\"widget\" data-widget_type=\"image-box.default\">\n\t\t\t\t<div class=\"elementor-widget-container\">\n\t\t\t\t\t<div class=\"elementor-image-box-wrapper\"><div class=\"elementor-image-box-content\"><h2 class=\"elementor-image-box-title\">Natureza<\/h2><p class=\"elementor-image-box-description\">Mesmo sendo o maior centro econ\u00f4mico do Brasil, e uma metr\u00f3pole predominantemente urbana, S\u00e3o Paulo preserva suas \u00e1reas de contato com a natureza, onde \u00e9 poss\u00edvel praticar esportes, passar um tempo ao ar livre e conhecer diversas esp\u00e9cies de animais. Alguns desses lugares s\u00e3o o Zool\u00f3gico de S\u00e3o Paulo, o Aqu\u00e1rio, o Instituto Butantan e os 111 parques espalhados pela cidade, como o Ibirapuera, o da Juventude, da \u00c1gua Branca e o Parque Estadual da Cantareira.<\/p><\/div><\/div>\t\t\t\t<\/div>\n\t\t\t\t<\/div>\n\t\t\t\t<\/div>\n\t\t\t\t\t<\/div>\n\t\t\t\t<\/div>\n\t\t\t\t<\/div>\n\t\t","protected":false},"excerpt":{"rendered":"<p>Sobre S\u00e3o Paulo Uma cidade vanguardista e inovadora, que preserva na arquitetura, nas artes e na gastronomia um passado composto pela uni\u00e3o de mais de 70 nacionalidades. E, ao mesmo tempo em que preserva tradi\u00e7\u00f5es, n\u00e3o se deixa ultrapassar. Antenada \u00e9 a palavra certa para descrev\u00ea-la. Para conhec\u00ea-la melhor \u00e9 preciso apenas duas coisas: mente [&hellip;]<\/p>\n","protected":false},"author":1,"featured_media":0,"parent":0,"menu_order":0,"comment_status":"closed","ping_status":"closed","template":"elementor_header_footer","meta":{"footnotes":""},"class_list":["post-256","page","type-page","status-publish","hentry"],"_links":{"self":[{"href":"https:\/\/abraco.org.br\/intercorr2025\/wp-json\/wp\/v2\/pages\/256","targetHints":{"allow":["GET"]}}],"collection":[{"href":"https:\/\/abraco.org.br\/intercorr2025\/wp-json\/wp\/v2\/pages"}],"about":[{"href":"https:\/\/abraco.org.br\/intercorr2025\/wp-json\/wp\/v2\/types\/page"}],"author":[{"embeddable":true,"href":"https:\/\/abraco.org.br\/intercorr2025\/wp-json\/wp\/v2\/users\/1"}],"replies":[{"embeddable":true,"href":"https:\/\/abraco.org.br\/intercorr2025\/wp-json\/wp\/v2\/comments?post=256"}],"version-history":[{"count":76,"href":"https:\/\/abraco.org.br\/intercorr2025\/wp-json\/wp\/v2\/pages\/256\/revisions"}],"predecessor-version":[{"id":2088,"href":"https:\/\/abraco.org.br\/intercorr2025\/wp-json\/wp\/v2\/pages\/256\/revisions\/2088"}],"wp:attachment":[{"href":"https:\/\/abraco.org.br\/intercorr2025\/wp-json\/wp\/v2\/media?parent=256"}],"curies":[{"name":"wp","href":"https:\/\/api.w.org\/{rel}","templated":true}]}}