{"id":3199,"date":"2025-04-13T23:54:39","date_gmt":"2025-04-13T23:54:39","guid":{"rendered":"https:\/\/abraco.org.br\/intercorr2025\/?page_id=3199"},"modified":"2025-04-14T15:37:18","modified_gmt":"2025-04-14T15:37:18","slug":"prof-guilherme-yuuki-koga","status":"publish","type":"page","link":"https:\/\/abraco.org.br\/intercorr2025\/prof-guilherme-yuuki-koga\/","title":{"rendered":"Prof. Guilherme Yuuki Koga"},"content":{"rendered":"\t\t<div data-elementor-type=\"wp-page\" data-elementor-id=\"3199\" class=\"elementor elementor-3199\" data-elementor-post-type=\"page\">\n\t\t\t\t<div class=\"elementor-element elementor-element-0a813a3 e-flex e-con-boxed e-con e-parent\" data-id=\"0a813a3\" data-element_type=\"container\" data-settings=\"{&quot;background_background&quot;:&quot;classic&quot;}\">\n\t\t\t\t\t<div class=\"e-con-inner\">\n\t\t<div class=\"elementor-element elementor-element-ee90008 e-con-full e-flex e-con e-child\" data-id=\"ee90008\" data-element_type=\"container\">\n\t\t\t\t<div class=\"elementor-element elementor-element-e39af87 elementor-widget elementor-widget-heading\" data-id=\"e39af87\" data-element_type=\"widget\" data-widget_type=\"heading.default\">\n\t\t\t\t<div class=\"elementor-widget-container\">\n\t\t\t\t\t<h2 class=\"elementor-heading-title elementor-size-default\">Explorando a Tecnologia Laser para Produ\u00e7\u00e3o de A\u00e7os Inoxid\u00e1veis Resistentes \u00e0 Corros\u00e3o e ao Desgaste\t<\/h2>\t\t\t\t<\/div>\n\t\t\t\t<\/div>\n\t\t\t\t<div class=\"elementor-element elementor-element-feab3f0 elementor-widget elementor-widget-text-editor\" data-id=\"feab3f0\" data-element_type=\"widget\" data-widget_type=\"text-editor.default\">\n\t\t\t\t<div class=\"elementor-widget-container\">\n\t\t\t\t\t\t\t\t\t<p>A tecnologia laser tem se destacado como uma ferramenta inovadora para melhorar a resist\u00eancia \u00e0 corros\u00e3o e ao desgaste em a\u00e7os inoxid\u00e1veis, permitindo refinamento microestrutural e modifica\u00e7\u00e3o superficial controlados. Esta apresenta\u00e7\u00e3o aborda a aplica\u00e7\u00e3o de t\u00e9cnicas a laser, como Laser Powder Bed Fusion (LPBF) e Laser Surface Remelting(LSR), para produzir a\u00e7os inoxid\u00e1veis avan\u00e7ados com propriedades mec\u00e2nicas e eletroqu\u00edmicas aprimorados. No primeiro estudo, a\u00e7os inoxid\u00e1veis duplex (DSS) com adi\u00e7\u00e3o de boro foram fabricados via LPBF, apresentado microestruturas ultrafinas com nanoboretos de Cr\u2082B, aumentando significativamente a dureza, resist\u00eancia ao desgaste e \u00e0 corros\u00e3o por pite em compara\u00e7\u00e3o com DSS convencionais laminados a quente. O segundo estudo demonstra que o LSR reduz eficientemente inclus\u00f5es de sulfeto de mangan\u00eas (MnS) no a\u00e7o inoxid\u00e1vel 316L, promovendo uma microestrutura refinada e uma camada passiva mais espessa e rica em Cr\u2082O\u2083, melhorando a resist\u00eancia \u00e0 corros\u00e3o localizada. O terceiro estudo destaca os benef\u00edcios do tratamento superficial a laser em a\u00e7os martens\u00edticos da s\u00e9rie 400, nos quais a refus\u00e3o resulta em uma microestrutura martens\u00edtica-austen\u00edtica refinada, aumento da dureza e redu\u00e7\u00e3o de 3 a 4 vezes na taxa de desgaste, al\u00e9m de maior resist\u00eancia \u00e0 corros\u00e3o. Coletivamente, esses estudos evidenciam o potencial da tecnologia laser para produzir a\u00e7os inoxid\u00e1veis com excelente resist\u00eancia ao desgaste e \u00e0 corros\u00e3o, adequados para aplica\u00e7\u00f5es industriais em ambientes agressivos. Os resultados destacam os efeitos sin\u00e9rgicos do processamento a laser no refinamento microestrutural, na forma\u00e7\u00e3o de camadas passivas aprimoradas e no desempenho tribol\u00f3gico superior, abrindo caminho para estrat\u00e9gias inovadoras em engenharia de materiais e tratamento de superf\u00edcies.<\/p>\t\t\t\t\t\t\t\t<\/div>\n\t\t\t\t<\/div>\n\t\t\t\t<\/div>\n\t\t<div class=\"elementor-element elementor-element-334a169 e-con-full elementor-hidden-mobile e-flex e-con e-child\" data-id=\"334a169\" data-element_type=\"container\">\n\t\t\t\t<\/div>\n\t\t\t\t\t<\/div>\n\t\t\t\t<\/div>\n\t\t<div class=\"elementor-element elementor-element-f330146 e-flex e-con-boxed e-con e-parent\" data-id=\"f330146\" data-element_type=\"container\">\n\t\t\t\t\t<div class=\"e-con-inner\">\n\t\t\t\t<div class=\"elementor-element elementor-element-305b31c elementor-cta--layout-image-left elementor-cta--mobile-layout-image-above elementor-cta--valign-middle elementor-cta--skin-classic elementor-animated-content elementor-bg-transform elementor-bg-transform-zoom-in elementor-widget elementor-widget-call-to-action\" data-id=\"305b31c\" data-element_type=\"widget\" data-widget_type=\"call-to-action.default\">\n\t\t\t\t<div class=\"elementor-widget-container\">\n\t\t\t\t\t\t\t<div class=\"elementor-cta\">\n\t\t\t\t\t<div class=\"elementor-cta__bg-wrapper\">\n\t\t\t\t<div class=\"elementor-cta__bg elementor-bg\" style=\"background-image: url(https:\/\/abraco.org.br\/intercorr2025\/wp-content\/uploads\/2025\/04\/FOTO-GUILHERME-KOGA.jpeg);\" role=\"img\" aria-label=\"FOTO GUILHERME KOGA\"><\/div>\n\t\t\t\t<div class=\"elementor-cta__bg-overlay\"><\/div>\n\t\t\t<\/div>\n\t\t\t\t\t\t\t<div class=\"elementor-cta__content\">\n\t\t\t\t\n\t\t\t\t\t\t\t\t\t<h2 class=\"elementor-cta__title elementor-cta__content-item elementor-content-item\">\n\t\t\t\t\t\tProf. Guilherme Yuuki Koga\t\t\t\t\t<\/h2>\n\t\t\t\t\n\t\t\t\t\t\t\t\t\t<div class=\"elementor-cta__description elementor-cta__content-item elementor-content-item\">\n\t\t\t\t\t\tProfessor Adjunto no Departamento de Engenharia de Materiais da Universidade Federal de S\u00e3o Carlos. Diretor T\u00e9cnico do Centro de Caracteriza\u00e7\u00e3o e Desenvolvimento de Materiais. Possui doutorado em Engenharia de Materiais pela Universit\u00e9 Grenoble Alpes, mestrado em Engenharia de Materiais pelo PPG-CEM\/UFSCar, e gradua\u00e7\u00e3o em Engenharia de Materiais pela UFSCar com gradua\u00e7\u00e3o sandu\u00edche na Universit\u00e9 Joseph Fourier. Atuou durante 3 anos como engenheiro de PDI no Holcim Innovation Center, Fran\u00e7a. De Abril de 2022 a Junho de 2024 foi Coordenador da \u00c1rea de Materiais Met\u00e1licos do DEMa\/UFSCar e desde Julho de 2024 \u00e9 Chefe de Departamento. Corpo editorial do jornal Discover Materials (SpringerNature). Possui experi\u00eancia nas \u00e1reas de Metalurgia, Corros\u00e3o, Desgaste e Materiais Ciment\u00edcios, com foco em pesquisas Interdisciplinares, Multiescala e Aplicadas sobre Materiais Dur\u00e1veis para Ambientes Extremos. Lidera o \"eXtreme MATerials Group (XMAT Group)\" e o Grupo de Pesquisa do CNPq \"Eletroqu\u00edmica e Tribologia de Materiais\".\t\t\t\t\t<\/div>\n\t\t\t\t\n\t\t\t\t\t\t\t<\/div>\n\t\t\t\t\t\t<\/div>\n\t\t\t\t\t\t<\/div>\n\t\t\t\t<\/div>\n\t\t\t\t\t<\/div>\n\t\t\t\t<\/div>\n\t\t\t\t<\/div>\n\t\t","protected":false},"excerpt":{"rendered":"<p>Explorando a Tecnologia Laser para Produ\u00e7\u00e3o de A\u00e7os Inoxid\u00e1veis Resistentes \u00e0 Corros\u00e3o e ao Desgaste A tecnologia laser tem se destacado como uma ferramenta inovadora para melhorar a resist\u00eancia \u00e0 corros\u00e3o e ao desgaste em a\u00e7os inoxid\u00e1veis, permitindo refinamento microestrutural e modifica\u00e7\u00e3o superficial controlados. Esta apresenta\u00e7\u00e3o aborda a aplica\u00e7\u00e3o de t\u00e9cnicas a laser, como Laser [&hellip;]<\/p>\n","protected":false},"author":1,"featured_media":0,"parent":0,"menu_order":0,"comment_status":"closed","ping_status":"closed","template":"elementor_header_footer","meta":{"footnotes":""},"class_list":["post-3199","page","type-page","status-publish","hentry"],"_links":{"self":[{"href":"https:\/\/abraco.org.br\/intercorr2025\/wp-json\/wp\/v2\/pages\/3199","targetHints":{"allow":["GET"]}}],"collection":[{"href":"https:\/\/abraco.org.br\/intercorr2025\/wp-json\/wp\/v2\/pages"}],"about":[{"href":"https:\/\/abraco.org.br\/intercorr2025\/wp-json\/wp\/v2\/types\/page"}],"author":[{"embeddable":true,"href":"https:\/\/abraco.org.br\/intercorr2025\/wp-json\/wp\/v2\/users\/1"}],"replies":[{"embeddable":true,"href":"https:\/\/abraco.org.br\/intercorr2025\/wp-json\/wp\/v2\/comments?post=3199"}],"version-history":[{"count":13,"href":"https:\/\/abraco.org.br\/intercorr2025\/wp-json\/wp\/v2\/pages\/3199\/revisions"}],"predecessor-version":[{"id":3313,"href":"https:\/\/abraco.org.br\/intercorr2025\/wp-json\/wp\/v2\/pages\/3199\/revisions\/3313"}],"wp:attachment":[{"href":"https:\/\/abraco.org.br\/intercorr2025\/wp-json\/wp\/v2\/media?parent=3199"}],"curies":[{"name":"wp","href":"https:\/\/api.w.org\/{rel}","templated":true}]}}