{"id":3245,"date":"2025-04-14T00:05:50","date_gmt":"2025-04-14T00:05:50","guid":{"rendered":"https:\/\/abraco.org.br\/intercorr2025\/?page_id=3245"},"modified":"2025-04-14T14:42:18","modified_gmt":"2025-04-14T14:42:18","slug":"prof-dr-daniel-veras-ribeiro","status":"publish","type":"page","link":"https:\/\/abraco.org.br\/intercorr2025\/prof-dr-daniel-veras-ribeiro\/","title":{"rendered":"Prof. Dr. Daniel V\u00e9ras Ribeiro"},"content":{"rendered":"\t\t<div data-elementor-type=\"wp-page\" data-elementor-id=\"3245\" class=\"elementor elementor-3245\" data-elementor-post-type=\"page\">\n\t\t\t\t<div class=\"elementor-element elementor-element-0a813a3 e-flex e-con-boxed e-con e-parent\" data-id=\"0a813a3\" data-element_type=\"container\" data-settings=\"{&quot;background_background&quot;:&quot;classic&quot;}\">\n\t\t\t\t\t<div class=\"e-con-inner\">\n\t\t<div class=\"elementor-element elementor-element-ee90008 e-con-full e-flex e-con e-child\" data-id=\"ee90008\" data-element_type=\"container\">\n\t\t\t\t<div class=\"elementor-element elementor-element-e39af87 elementor-widget elementor-widget-heading\" data-id=\"e39af87\" data-element_type=\"widget\" data-widget_type=\"heading.default\">\n\t\t\t\t<div class=\"elementor-widget-container\">\n\t\t\t\t\t<h2 class=\"elementor-heading-title elementor-size-default\">Mecanismos de Corros\u00e3o em Estruturas de Concreto Armado e Import\u00e2ncia da Prote\u00e7\u00e3o Cat\u00f3dica\t<\/h2>\t\t\t\t<\/div>\n\t\t\t\t<\/div>\n\t\t\t\t<div class=\"elementor-element elementor-element-feab3f0 elementor-widget elementor-widget-text-editor\" data-id=\"feab3f0\" data-element_type=\"widget\" data-widget_type=\"text-editor.default\">\n\t\t\t\t<div class=\"elementor-widget-container\">\n\t\t\t\t\t\t\t\t\t<p>O emprego da prote\u00e7\u00e3o cat\u00f3dica para as estruturas de concreto esteve por muito tempo limitado \u00e0s tubula\u00e7\u00f5es enterradas de concreto armado ou protendido. Esses sistemas utilizavam materiais convencionais, iguais aos utilizados na prote\u00e7\u00e3o cat\u00f3dica de tubula\u00e7\u00f5es de a\u00e7o. O desenvolvimento de novas t\u00e9cnicas e materiais para a prote\u00e7\u00e3o cat\u00f3dica de armaduras de estruturas a\u00e9reas de concreto ocorreu devido \u00e0 preocupa\u00e7\u00e3o com os graves problemas de corros\u00e3o nas estradas, pontes e viadutos. A instala\u00e7\u00e3o de anodos de prote\u00e7\u00e3o cat\u00f3dica, sejam galv\u00e2nicos ou inertes, permite a preven\u00e7\u00e3o e a prote\u00e7\u00e3o contra a corros\u00e3o de armaduras de estruturas de concreto a\u00e9reas, enterradas ou submersas, em especial quando influenciadas por umidade, poluentes, bact\u00e9rias, gases industriais, cloretos, di\u00f3xido de carbono ou quando influenciadas por correntes de fuga provenientes de sistemas de tra\u00e7\u00e3o eletrificada, como os trens urbanos e os metros existentes nas grandes cidades. A palestra busca tratar de conceitos b\u00e1sicos que envolvem a prote\u00e7\u00e3o cat\u00f3dica, disseminando o conhecimento o conhecimento a respeito dessa importante t\u00e9cnica, que foi tema de uma das Pr\u00e1ticas Recomendadas IBRACON \/ ALCONPAT, lan\u00e7ada em 2024.<\/p>\t\t\t\t\t\t\t\t<\/div>\n\t\t\t\t<\/div>\n\t\t\t\t<\/div>\n\t\t<div class=\"elementor-element elementor-element-334a169 e-con-full elementor-hidden-mobile e-flex e-con e-child\" data-id=\"334a169\" data-element_type=\"container\">\n\t\t\t\t<\/div>\n\t\t\t\t\t<\/div>\n\t\t\t\t<\/div>\n\t\t<div class=\"elementor-element elementor-element-f330146 e-flex e-con-boxed e-con e-parent\" data-id=\"f330146\" data-element_type=\"container\">\n\t\t\t\t\t<div class=\"e-con-inner\">\n\t\t\t\t<div class=\"elementor-element elementor-element-7e6dda3 elementor-cta--layout-image-left elementor-cta--mobile-layout-image-above elementor-cta--valign-middle elementor-cta--skin-classic elementor-animated-content elementor-bg-transform elementor-bg-transform-zoom-in elementor-widget elementor-widget-call-to-action\" data-id=\"7e6dda3\" data-element_type=\"widget\" data-widget_type=\"call-to-action.default\">\n\t\t\t\t<div class=\"elementor-widget-container\">\n\t\t\t\t\t\t\t<div class=\"elementor-cta\">\n\t\t\t\t\t<div class=\"elementor-cta__bg-wrapper\">\n\t\t\t\t<div class=\"elementor-cta__bg elementor-bg\" style=\"background-image: url(https:\/\/abraco.org.br\/intercorr2025\/wp-content\/uploads\/2025\/04\/Imagem1.jpg);\" role=\"img\" aria-label=\"Imagem1\"><\/div>\n\t\t\t\t<div class=\"elementor-cta__bg-overlay\"><\/div>\n\t\t\t<\/div>\n\t\t\t\t\t\t\t<div class=\"elementor-cta__content\">\n\t\t\t\t\n\t\t\t\t\t\t\t\t\t<h2 class=\"elementor-cta__title elementor-cta__content-item elementor-content-item\">\n\t\t\t\t\t\tProf. Dr. Daniel V\u00e9ras Ribeiro\t\t\t\t\t<\/h2>\n\t\t\t\t\n\t\t\t\t\t\t\t\t\t<div class=\"elementor-cta__description elementor-cta__content-item elementor-content-item\">\n\t\t\t\t\t\tEngenheiro Civil (UFBA) com mestrado, doutorado e p\u00f3s-doutorado em Ci\u00eancia e Engenharia de Materiais (UFSCar). Atualmente atua como Professor Associado III da Escola Polit\u00e9cnica da UFBA, sendo coordenador do Laborat\u00f3rio de Ensaios em Durabilidade dos Materiais (LEDMa) e Coordenador do CT 702 IBRACON\/ALCONPAT (Procedimentos para Ensaios de Avalia\u00e7\u00e3o da Durabilidade de Estruturas de Concreto). Autor de 13 livros na \u00e1rea, incluindo as 10 Pr\u00e1ticas Recomendadas IBRACON sobre Ensaios em Durabilidade do Concreto e de mais de 110 artigos em revistas cient\u00edficas e mais de 150 artigos em eventos nacionais e internacionais. Foi reconhecido pela Elsevier entre os 2% mais influentes pesquisadores em engenharia do mundo em 2022 e 2023.\t\t\t\t\t<\/div>\n\t\t\t\t\n\t\t\t\t\t\t\t<\/div>\n\t\t\t\t\t\t<\/div>\n\t\t\t\t\t\t<\/div>\n\t\t\t\t<\/div>\n\t\t\t\t\t<\/div>\n\t\t\t\t<\/div>\n\t\t\t\t<\/div>\n\t\t","protected":false},"excerpt":{"rendered":"<p>Mecanismos de Corros\u00e3o em Estruturas de Concreto Armado e Import\u00e2ncia da Prote\u00e7\u00e3o Cat\u00f3dica O emprego da prote\u00e7\u00e3o cat\u00f3dica para as estruturas de concreto esteve por muito tempo limitado \u00e0s tubula\u00e7\u00f5es enterradas de concreto armado ou protendido. Esses sistemas utilizavam materiais convencionais, iguais aos utilizados na prote\u00e7\u00e3o cat\u00f3dica de tubula\u00e7\u00f5es de a\u00e7o. O desenvolvimento de novas [&hellip;]<\/p>\n","protected":false},"author":1,"featured_media":0,"parent":0,"menu_order":0,"comment_status":"closed","ping_status":"closed","template":"elementor_header_footer","meta":{"footnotes":""},"class_list":["post-3245","page","type-page","status-publish","hentry"],"_links":{"self":[{"href":"https:\/\/abraco.org.br\/intercorr2025\/wp-json\/wp\/v2\/pages\/3245","targetHints":{"allow":["GET"]}}],"collection":[{"href":"https:\/\/abraco.org.br\/intercorr2025\/wp-json\/wp\/v2\/pages"}],"about":[{"href":"https:\/\/abraco.org.br\/intercorr2025\/wp-json\/wp\/v2\/types\/page"}],"author":[{"embeddable":true,"href":"https:\/\/abraco.org.br\/intercorr2025\/wp-json\/wp\/v2\/users\/1"}],"replies":[{"embeddable":true,"href":"https:\/\/abraco.org.br\/intercorr2025\/wp-json\/wp\/v2\/comments?post=3245"}],"version-history":[{"count":7,"href":"https:\/\/abraco.org.br\/intercorr2025\/wp-json\/wp\/v2\/pages\/3245\/revisions"}],"predecessor-version":[{"id":3286,"href":"https:\/\/abraco.org.br\/intercorr2025\/wp-json\/wp\/v2\/pages\/3245\/revisions\/3286"}],"wp:attachment":[{"href":"https:\/\/abraco.org.br\/intercorr2025\/wp-json\/wp\/v2\/media?parent=3245"}],"curies":[{"name":"wp","href":"https:\/\/api.w.org\/{rel}","templated":true}]}}