{"id":3251,"date":"2025-04-14T00:07:54","date_gmt":"2025-04-14T00:07:54","guid":{"rendered":"https:\/\/abraco.org.br\/intercorr2025\/?page_id=3251"},"modified":"2025-04-17T16:17:34","modified_gmt":"2025-04-17T16:17:34","slug":"prof-manoel-carreira-neto","status":"publish","type":"page","link":"https:\/\/abraco.org.br\/intercorr2025\/prof-manoel-carreira-neto\/","title":{"rendered":"Prof. Manoel Carreira Neto"},"content":{"rendered":"\t\t<div data-elementor-type=\"wp-page\" data-elementor-id=\"3251\" class=\"elementor elementor-3251\" data-elementor-post-type=\"page\">\n\t\t\t\t<div class=\"elementor-element elementor-element-0a813a3 e-flex e-con-boxed e-con e-parent\" data-id=\"0a813a3\" data-element_type=\"container\" data-settings=\"{&quot;background_background&quot;:&quot;classic&quot;}\">\n\t\t\t\t\t<div class=\"e-con-inner\">\n\t\t<div class=\"elementor-element elementor-element-ee90008 e-con-full e-flex e-con e-child\" data-id=\"ee90008\" data-element_type=\"container\">\n\t\t\t\t<div class=\"elementor-element elementor-element-e39af87 elementor-widget elementor-widget-heading\" data-id=\"e39af87\" data-element_type=\"widget\" data-widget_type=\"heading.default\">\n\t\t\t\t<div class=\"elementor-widget-container\">\n\t\t\t\t\t<h2 class=\"elementor-heading-title elementor-size-default\">T\u00e9cnicas de mitiga\u00e7\u00e3o do processo corrosivo e suas aplicabilidades no refino do petr\u00f3leo\t<\/h2>\t\t\t\t<\/div>\n\t\t\t\t<\/div>\n\t\t\t\t<div class=\"elementor-element elementor-element-feab3f0 elementor-widget elementor-widget-text-editor\" data-id=\"feab3f0\" data-element_type=\"widget\" data-widget_type=\"text-editor.default\">\n\t\t\t\t<div class=\"elementor-widget-container\">\n\t\t\t\t\t\t\t\t\t<p>A palestra ir\u00e1 explorar, por meio de exemplos pr\u00e1ticos, as principais estrat\u00e9gias de mitiga\u00e7\u00e3o da corros\u00e3o em v\u00e1rias unidades de uma refinaria de petr\u00f3leo. A preven\u00e7\u00e3o da corros\u00e3o \u00e9 crucial na ind\u00fastria petroqu\u00edmica, uma vez que assegura a seguran\u00e7a, efici\u00eancia e longevidade das instala\u00e7\u00f5es e equipamentos. A corros\u00e3o pode levar a falhas catastr\u00f3ficas, vazamentos, elevados custos de manuten\u00e7\u00e3o e reparo, al\u00e9m de preju\u00edzos na produ\u00e7\u00e3o. Para minimizar esses riscos, diversas estrat\u00e9gias s\u00e3o implementadas:<br><b>&#8211; Escolha de Materiais:&nbsp;Utiliza\u00e7\u00e3o de materiais resistentes \u00e0 corros\u00e3o, como ligas especiais e a\u00e7os inoxid\u00e1veis.<br>&#8211; Revestimentos Protetores:&nbsp;Aplica\u00e7\u00e3o de revestimentos que incluem metais nobres, tintas e pol\u00edmeros.<br>&#8211; Inibidores de Corros\u00e3o:&nbsp;Emprego de compostos qu\u00edmicos que formam uma pel\u00edcula protetora sobre as superf\u00edcies met\u00e1licas.<br>&#8211; Prote\u00e7\u00e3o Cat\u00f3dica:&nbsp;Implementa\u00e7\u00e3o de sistemas que direcionam a corros\u00e3o para \u00e2nodos menos importantes.<br>&#8211; Melhorias de Design:&nbsp;Projetos que consideram a drenagem e evitam a reten\u00e7\u00e3o de l\u00edquidos, reduzindo riscos de corros\u00e3o.<br>&#8211; Inspe\u00e7\u00f5es e Monitoramento:&nbsp;Realiza\u00e7\u00e3o de inspe\u00e7\u00f5es regulares e monitoramento da integridade das instala\u00e7\u00f5es.<\/b><br>A integra\u00e7\u00e3o dessas abordagens em um programa de gerenciamento da corros\u00e3o \u00e9 fundamental para a redu\u00e7\u00e3o de danos e para o prolongamento da vida \u00fatil dos ativos na ind\u00fastria petroqu\u00edmica. A sele\u00e7\u00e3o da estrat\u00e9gia mais apropriada depende de uma an\u00e1lise cuidadosa de fatores t\u00e9cnicos e econ\u00f4micos.<\/p>\t\t\t\t\t\t\t\t<\/div>\n\t\t\t\t<\/div>\n\t\t\t\t<\/div>\n\t\t<div class=\"elementor-element elementor-element-334a169 e-con-full elementor-hidden-mobile e-flex e-con e-child\" data-id=\"334a169\" data-element_type=\"container\">\n\t\t\t\t<\/div>\n\t\t\t\t\t<\/div>\n\t\t\t\t<\/div>\n\t\t<div class=\"elementor-element elementor-element-f330146 e-flex e-con-boxed e-con e-parent\" data-id=\"f330146\" data-element_type=\"container\">\n\t\t\t\t\t<div class=\"e-con-inner\">\n\t\t\t\t<div class=\"elementor-element elementor-element-9fefa00 elementor-cta--layout-image-left elementor-cta--mobile-layout-image-above elementor-cta--valign-middle elementor-cta--skin-classic elementor-animated-content elementor-bg-transform elementor-bg-transform-zoom-in elementor-widget elementor-widget-call-to-action\" data-id=\"9fefa00\" data-element_type=\"widget\" data-widget_type=\"call-to-action.default\">\n\t\t\t\t<div class=\"elementor-widget-container\">\n\t\t\t\t\t\t\t<div class=\"elementor-cta\">\n\t\t\t\t\t<div class=\"elementor-cta__bg-wrapper\">\n\t\t\t\t<div class=\"elementor-cta__bg elementor-bg\" style=\"background-image: url(https:\/\/abraco.org.br\/intercorr2025\/wp-content\/uploads\/2025\/04\/Foto-para-Intercorr-1536x2048.jpg);\" role=\"img\" aria-label=\"Foto para Intercorr\"><\/div>\n\t\t\t\t<div class=\"elementor-cta__bg-overlay\"><\/div>\n\t\t\t<\/div>\n\t\t\t\t\t\t\t<div class=\"elementor-cta__content\">\n\t\t\t\t\n\t\t\t\t\t\t\t\t\t<h2 class=\"elementor-cta__title elementor-cta__content-item elementor-content-item\">\n\t\t\t\t\t\tProf. Manoel Carreira Neto\t\t\t\t\t<\/h2>\n\t\t\t\t\n\t\t\t\t\t\t\t\t\t<div class=\"elementor-cta__description elementor-cta__content-item elementor-content-item\">\n\t\t\t\t\t\tProfissional graduado em Engenharia de Materiais com s\u00f3lidos conhecimentos em Soldagem, Metalurgia e Corros\u00e3o;\nExperi\u00eancia atuando diretamente na \u00e1rea de petr\u00f3leo e g\u00e1s em projetos de inova\u00e7\u00e3o e em planta de refino;\nExperi\u00eancia em desenvolvimento de CCD API 970 e aplica\u00e7\u00e3o de API 571 Identifica\u00e7\u00e3o de Mecanismos de Danos;\n14 anos de experi\u00eancia na Ind\u00fastria automotiva, destacando mais de 11 anos como Executivo, gerenciando equipe t\u00e9cnica de desenvolvimento de produto;\nEspecialista nas \u00e1reas de Prote\u00e7\u00e3o a Corros\u00e3o, Metalurgia, Soldagem e Fasteners;\nExperi\u00eancia acad\u00eamica como professor universit\u00e1rio de gradua\u00e7\u00e3o e p\u00f3s-gradua\u00e7\u00e3o nas \u00e1reas de Soldagem, Metalurgia, Materiais e Processos de Fabrica\u00e7\u00e3o. Orientador de 6 Trabalhos de Mestrado conclu\u00eddos; Experi\u00eancia com a gest\u00e3o de uma Fundi\u00e7\u00e3o de Alum\u00ednio com 25 funcion\u00e1rios; Certifica\u00e7\u00e3o Green Belt; Experi\u00eancia Internacional em pa\u00edses como Estados Unidos, Alemanha, B\u00e9lgica, China, \u00cdndia. \t\t\t\t\t<\/div>\n\t\t\t\t\n\t\t\t\t\t\t\t<\/div>\n\t\t\t\t\t\t<\/div>\n\t\t\t\t\t\t<\/div>\n\t\t\t\t<\/div>\n\t\t\t\t\t<\/div>\n\t\t\t\t<\/div>\n\t\t\t\t<\/div>\n\t\t","protected":false},"excerpt":{"rendered":"<p>T\u00e9cnicas de mitiga\u00e7\u00e3o do processo corrosivo e suas aplicabilidades no refino do petr\u00f3leo A palestra ir\u00e1 explorar, por meio de exemplos pr\u00e1ticos, as principais estrat\u00e9gias de mitiga\u00e7\u00e3o da corros\u00e3o em v\u00e1rias unidades de uma refinaria de petr\u00f3leo. A preven\u00e7\u00e3o da corros\u00e3o \u00e9 crucial na ind\u00fastria petroqu\u00edmica, uma vez que assegura a seguran\u00e7a, efici\u00eancia e longevidade [&hellip;]<\/p>\n","protected":false},"author":1,"featured_media":0,"parent":0,"menu_order":0,"comment_status":"closed","ping_status":"closed","template":"elementor_header_footer","meta":{"footnotes":""},"class_list":["post-3251","page","type-page","status-publish","hentry"],"_links":{"self":[{"href":"https:\/\/abraco.org.br\/intercorr2025\/wp-json\/wp\/v2\/pages\/3251","targetHints":{"allow":["GET"]}}],"collection":[{"href":"https:\/\/abraco.org.br\/intercorr2025\/wp-json\/wp\/v2\/pages"}],"about":[{"href":"https:\/\/abraco.org.br\/intercorr2025\/wp-json\/wp\/v2\/types\/page"}],"author":[{"embeddable":true,"href":"https:\/\/abraco.org.br\/intercorr2025\/wp-json\/wp\/v2\/users\/1"}],"replies":[{"embeddable":true,"href":"https:\/\/abraco.org.br\/intercorr2025\/wp-json\/wp\/v2\/comments?post=3251"}],"version-history":[{"count":10,"href":"https:\/\/abraco.org.br\/intercorr2025\/wp-json\/wp\/v2\/pages\/3251\/revisions"}],"predecessor-version":[{"id":3330,"href":"https:\/\/abraco.org.br\/intercorr2025\/wp-json\/wp\/v2\/pages\/3251\/revisions\/3330"}],"wp:attachment":[{"href":"https:\/\/abraco.org.br\/intercorr2025\/wp-json\/wp\/v2\/media?parent=3251"}],"curies":[{"name":"wp","href":"https:\/\/api.w.org\/{rel}","templated":true}]}}