{"id":3637,"date":"2025-05-12T13:31:33","date_gmt":"2025-05-12T13:31:33","guid":{"rendered":"https:\/\/abraco.org.br\/intercorr2025\/?page_id=3637"},"modified":"2025-05-12T13:34:04","modified_gmt":"2025-05-12T13:34:04","slug":"visitante","status":"publish","type":"page","link":"https:\/\/abraco.org.br\/intercorr2025\/visitante\/","title":{"rendered":"Visitante"},"content":{"rendered":"\t\t<div data-elementor-type=\"wp-page\" data-elementor-id=\"3637\" class=\"elementor elementor-3637\" data-elementor-post-type=\"page\">\n\t\t\t\t<div class=\"elementor-element elementor-element-3e4f29f e-flex e-con-boxed e-con e-parent\" data-id=\"3e4f29f\" data-element_type=\"container\" data-settings=\"{&quot;background_background&quot;:&quot;classic&quot;}\">\n\t\t\t\t\t<div class=\"e-con-inner\">\n\t\t<div class=\"elementor-element elementor-element-454ab66 e-con-full e-flex e-con e-child\" data-id=\"454ab66\" data-element_type=\"container\">\n\t\t\t\t<div class=\"elementor-element elementor-element-8c3553e elementor-widget elementor-widget-heading\" data-id=\"8c3553e\" data-element_type=\"widget\" data-widget_type=\"heading.default\">\n\t\t\t\t<div class=\"elementor-widget-container\">\n\t\t\t\t\t<h2 class=\"elementor-heading-title elementor-size-default\">Visite a nossa exposi\u00e7\u00e3o\n\n<\/h2>\t\t\t\t<\/div>\n\t\t\t\t<\/div>\n\t\t\t\t<div class=\"elementor-element elementor-element-26b3dcc elementor-widget elementor-widget-text-editor\" data-id=\"26b3dcc\" data-element_type=\"widget\" data-widget_type=\"text-editor.default\">\n\t\t\t\t<div class=\"elementor-widget-container\">\n\t\t\t\t\t\t\t\t\t<p style=\"font-weight: 400;\"><strong>39\u00aa\u00a0Exposi\u00e7\u00e3o\u00a0de\u00a0Tecnologias\u00a0para\u00a0Preven\u00e7\u00e3o\u00a0e\u00a0Controle\u00a0da\u00a0Corros\u00e3o.<\/strong><\/p>\t\t\t\t\t\t\t\t<\/div>\n\t\t\t\t<\/div>\n\t\t\t\t<div class=\"elementor-element elementor-element-1cb22d8 elementor-widget elementor-widget-text-editor\" data-id=\"1cb22d8\" data-element_type=\"widget\" data-widget_type=\"text-editor.default\">\n\t\t\t\t<div class=\"elementor-widget-container\">\n\t\t\t\t\t\t\t\t\t<p style=\"font-weight: 400;\">Descubra as principais inova\u00e7\u00f5es do setor, conecte-se com profissionais da \u00e1rea e visite os estandes das maiores empresas do mercado.<\/p><p style=\"font-weight: 400;\">Fa\u00e7a seu cadastro\u00a0<strong>gratuitamente<\/strong>\u00a0e venha nos fazer uma visita.<\/p>\t\t\t\t\t\t\t\t<\/div>\n\t\t\t\t<\/div>\n\t\t\t\t<div class=\"elementor-element elementor-element-788034c elementor-align-left elementor-widget elementor-widget-button\" data-id=\"788034c\" data-element_type=\"widget\" data-widget_type=\"button.default\">\n\t\t\t\t<div class=\"elementor-widget-container\">\n\t\t\t\t\t\t\t\t\t<div class=\"elementor-button-wrapper\">\n\t\t\t\t\t<a class=\"elementor-button elementor-button-link elementor-size-sm\" href=\"http:\/\/eventos.abraco.org.br\">\n\t\t\t\t\t\t<span class=\"elementor-button-content-wrapper\">\n\t\t\t\t\t\t\t\t\t<span class=\"elementor-button-text\">Crie seu cadastro<\/span>\n\t\t\t\t\t<\/span>\n\t\t\t\t\t<\/a>\n\t\t\t\t<\/div>\n\t\t\t\t\t\t\t\t<\/div>\n\t\t\t\t<\/div>\n\t\t\t\t<div class=\"elementor-element elementor-element-23943da elementor-widget elementor-widget-text-editor\" data-id=\"23943da\" data-element_type=\"widget\" data-widget_type=\"text-editor.default\">\n\t\t\t\t<div class=\"elementor-widget-container\">\n\t\t\t\t\t\t\t\t\t<p style=\"font-weight: 400;\">No menu \u00e0 esquerda, clique em congresso &gt;&gt; InterCorr 2025 &gt;&gt; Visitantes<\/p>\t\t\t\t\t\t\t\t<\/div>\n\t\t\t\t<\/div>\n\t\t\t\t<div class=\"elementor-element elementor-element-06db86c elementor-align-left elementor-mobile-align-center elementor-widget__width-inherit elementor-icon-list--layout-traditional elementor-list-item-link-full_width elementor-widget elementor-widget-icon-list\" data-id=\"06db86c\" data-element_type=\"widget\" data-widget_type=\"icon-list.default\">\n\t\t\t\t<div class=\"elementor-widget-container\">\n\t\t\t\t\t\t\t<ul class=\"elementor-icon-list-items\">\n\t\t\t\t\t\t\t<li class=\"elementor-icon-list-item\">\n\t\t\t\t\t\t\t\t\t\t\t<span class=\"elementor-icon-list-icon\">\n\t\t\t\t\t\t\t<svg aria-hidden=\"true\" class=\"e-font-icon-svg e-fas-clock\" viewBox=\"0 0 512 512\" xmlns=\"http:\/\/www.w3.org\/2000\/svg\"><path d=\"M256,8C119,8,8,119,8,256S119,504,256,504,504,393,504,256,393,8,256,8Zm92.49,313h0l-20,25a16,16,0,0,1-22.49,2.5h0l-67-49.72a40,40,0,0,1-15-31.23V112a16,16,0,0,1,16-16h32a16,16,0,0,1,16,16V256l58,42.5A16,16,0,0,1,348.49,321Z\"><\/path><\/svg>\t\t\t\t\t\t<\/span>\n\t\t\t\t\t\t\t\t\t\t<span class=\"elementor-icon-list-text\"><strong>Per\u00edodo da visita\u00e7\u00e3o*:<\/strong> 8 a 10 de julho \u2013 a partir das 16h30<\/span>\n\t\t\t\t\t\t\t\t\t<\/li>\n\t\t\t\t\t\t\t\t<li class=\"elementor-icon-list-item\">\n\t\t\t\t\t\t\t\t\t\t\t<a href=\"https:\/\/www.google.com.br\/maps\/place\/Centro+de+difus%C3%A3o+internacional\/@-23.55696,-46.7296331,17z\/data=!3m1!4b1!4m6!3m5!1s0x94ce563c461a492b:0x11bb820a5c0f88bc!8m2!3d-23.55696!4d-46.7270582!16s%2Fg%2F11c5b1kzsn?entry=ttu&#038;g_ep=EgoyMDI0MTAwNy4xIKXMDSoASAFQAw%3D%3D\">\n\n\t\t\t\t\t\t\t\t\t\t\t\t<span class=\"elementor-icon-list-icon\">\n\t\t\t\t\t\t\t<svg aria-hidden=\"true\" class=\"e-font-icon-svg e-fas-map-marker-alt\" viewBox=\"0 0 384 512\" xmlns=\"http:\/\/www.w3.org\/2000\/svg\"><path d=\"M172.268 501.67C26.97 291.031 0 269.413 0 192 0 85.961 85.961 0 192 0s192 85.961 192 192c0 77.413-26.97 99.031-172.268 309.67-9.535 13.774-29.93 13.773-39.464 0zM192 272c44.183 0 80-35.817 80-80s-35.817-80-80-80-80 35.817-80 80 35.817 80 80 80z\"><\/path><\/svg>\t\t\t\t\t\t<\/span>\n\t\t\t\t\t\t\t\t\t\t<span class=\"elementor-icon-list-text\"><strong>CDI - Centro de Difus\u00e3o Internacional - USP<\/strong><br>  Av. Prof. L\u00facio Martins Rodrigues, 222 - Butant\u00e3 - S\u00e3o Paulo \u2013 SP<\/span>\n\t\t\t\t\t\t\t\t\t\t\t<\/a>\n\t\t\t\t\t\t\t\t\t<\/li>\n\t\t\t\t\t\t<\/ul>\n\t\t\t\t\t\t<\/div>\n\t\t\t\t<\/div>\n\t\t\t\t<div class=\"elementor-element elementor-element-4ee01e8 elementor-widget elementor-widget-text-editor\" data-id=\"4ee01e8\" data-element_type=\"widget\" data-widget_type=\"text-editor.default\">\n\t\t\t\t<div class=\"elementor-widget-container\">\n\t\t\t\t\t\t\t\t\t<p style=\"font-weight: 400;\">*Visita\u00e7\u00e3o permitida apenas nos dias e hor\u00e1rios informados.<\/p>\t\t\t\t\t\t\t\t<\/div>\n\t\t\t\t<\/div>\n\t\t\t\t<\/div>\n\t\t\t\t\t<\/div>\n\t\t\t\t<\/div>\n\t\t\t\t<\/div>\n\t\t","protected":false},"excerpt":{"rendered":"<p>Visite a nossa exposi\u00e7\u00e3o 39\u00aa\u00a0Exposi\u00e7\u00e3o\u00a0de\u00a0Tecnologias\u00a0para\u00a0Preven\u00e7\u00e3o\u00a0e\u00a0Controle\u00a0da\u00a0Corros\u00e3o. Descubra as principais inova\u00e7\u00f5es do setor, conecte-se com profissionais da \u00e1rea e visite os estandes das maiores empresas do mercado. Fa\u00e7a seu cadastro\u00a0gratuitamente\u00a0e venha nos fazer uma visita. Crie seu cadastro No menu \u00e0 esquerda, clique em congresso &gt;&gt; InterCorr 2025 &gt;&gt; Visitantes Per\u00edodo da visita\u00e7\u00e3o*: 8 a 10 de [&hellip;]<\/p>\n","protected":false},"author":1,"featured_media":0,"parent":0,"menu_order":0,"comment_status":"closed","ping_status":"closed","template":"elementor_header_footer","meta":{"footnotes":""},"class_list":["post-3637","page","type-page","status-publish","hentry"],"_links":{"self":[{"href":"https:\/\/abraco.org.br\/intercorr2025\/wp-json\/wp\/v2\/pages\/3637","targetHints":{"allow":["GET"]}}],"collection":[{"href":"https:\/\/abraco.org.br\/intercorr2025\/wp-json\/wp\/v2\/pages"}],"about":[{"href":"https:\/\/abraco.org.br\/intercorr2025\/wp-json\/wp\/v2\/types\/page"}],"author":[{"embeddable":true,"href":"https:\/\/abraco.org.br\/intercorr2025\/wp-json\/wp\/v2\/users\/1"}],"replies":[{"embeddable":true,"href":"https:\/\/abraco.org.br\/intercorr2025\/wp-json\/wp\/v2\/comments?post=3637"}],"version-history":[{"count":10,"href":"https:\/\/abraco.org.br\/intercorr2025\/wp-json\/wp\/v2\/pages\/3637\/revisions"}],"predecessor-version":[{"id":3647,"href":"https:\/\/abraco.org.br\/intercorr2025\/wp-json\/wp\/v2\/pages\/3637\/revisions\/3647"}],"wp:attachment":[{"href":"https:\/\/abraco.org.br\/intercorr2025\/wp-json\/wp\/v2\/media?parent=3637"}],"curies":[{"name":"wp","href":"https:\/\/api.w.org\/{rel}","templated":true}]}}