{"id":3701,"date":"2025-05-18T14:05:12","date_gmt":"2025-05-18T14:05:12","guid":{"rendered":"https:\/\/abraco.org.br\/intercorr2025\/?page_id=3701"},"modified":"2025-05-29T15:15:15","modified_gmt":"2025-05-29T15:15:15","slug":"emilio-moinoru-takagi","status":"publish","type":"page","link":"https:\/\/abraco.org.br\/intercorr2025\/emilio-moinoru-takagi\/","title":{"rendered":"Emilio Moinoru Takagi"},"content":{"rendered":"\t\t<div data-elementor-type=\"wp-page\" data-elementor-id=\"3701\" class=\"elementor elementor-3701\" data-elementor-post-type=\"page\">\n\t\t\t\t<div class=\"elementor-element elementor-element-0a813a3 e-flex e-con-boxed e-con e-parent\" data-id=\"0a813a3\" data-element_type=\"container\" data-settings=\"{&quot;background_background&quot;:&quot;classic&quot;}\">\n\t\t\t\t\t<div class=\"e-con-inner\">\n\t\t<div class=\"elementor-element elementor-element-ee90008 e-con-full e-flex e-con e-child\" data-id=\"ee90008\" data-element_type=\"container\">\n\t\t\t\t<div class=\"elementor-element elementor-element-e39af87 elementor-widget elementor-widget-heading\" data-id=\"e39af87\" data-element_type=\"widget\" data-widget_type=\"heading.default\">\n\t\t\t\t<div class=\"elementor-widget-container\">\n\t\t\t\t\t<h2 class=\"elementor-heading-title elementor-size-default\">Prote\u00e7\u00e3o contra a corros\u00e3o em estruturas de concreto contaminadas por \u00e1cidos<\/h2>\t\t\t\t<\/div>\n\t\t\t\t<\/div>\n\t\t\t\t<\/div>\n\t\t<div class=\"elementor-element elementor-element-334a169 e-con-full elementor-hidden-mobile e-flex e-con e-child\" data-id=\"334a169\" data-element_type=\"container\">\n\t\t\t\t<\/div>\n\t\t\t\t\t<\/div>\n\t\t\t\t<\/div>\n\t\t<div class=\"elementor-element elementor-element-f330146 e-flex e-con-boxed e-con e-parent\" data-id=\"f330146\" data-element_type=\"container\">\n\t\t\t\t\t<div class=\"e-con-inner\">\n\t\t\t\t<div class=\"elementor-element elementor-element-a83f93c elementor-cta--layout-image-left elementor-cta--mobile-layout-image-above elementor-cta--valign-middle elementor-cta--skin-classic elementor-animated-content elementor-bg-transform elementor-bg-transform-zoom-in elementor-widget elementor-widget-call-to-action\" data-id=\"a83f93c\" data-element_type=\"widget\" data-widget_type=\"call-to-action.default\">\n\t\t\t\t<div class=\"elementor-widget-container\">\n\t\t\t\t\t\t\t<div class=\"elementor-cta\">\n\t\t\t\t\t<div class=\"elementor-cta__bg-wrapper\">\n\t\t\t\t<div class=\"elementor-cta__bg elementor-bg\" style=\"background-image: url(https:\/\/abraco.org.br\/intercorr2025\/wp-content\/uploads\/2025\/05\/Imagem1.png);\" role=\"img\" aria-label=\"Imagem1\"><\/div>\n\t\t\t\t<div class=\"elementor-cta__bg-overlay\"><\/div>\n\t\t\t<\/div>\n\t\t\t\t\t\t\t<div class=\"elementor-cta__content\">\n\t\t\t\t\n\t\t\t\t\t\t\t\t\t<h2 class=\"elementor-cta__title elementor-cta__content-item elementor-content-item\">\n\t\t\t\t\t\tEmilio Moinoru Takagi\t\t\t\t\t<\/h2>\n\t\t\t\t\n\t\t\t\t\t\t\t\t\t<div class=\"elementor-cta__description elementor-cta__content-item elementor-content-item\">\n\t\t\t\t\t\t\u2022\tDiretor t\u00e9cnico Internacional da Penetron Global<br>\n\u2022\tDoutorando e Mestre no Instituto Tecnol\u00f3gico de Aeron\u00e1utica (ITA)<br>\n\u2022\tDelegado Regional de S\u00e3o Paulo da Alconpat Brasil<br>\n\u2022\tSecret\u00e1rio do Comit\u00ea t\u00e9cnico CT-501 do IBRACON \/ IBI de \u201cEstanqueidade de estruturas de concreto\u201d<br>\n\u2022\tMembro do Comit\u00ea t\u00e9cnico CT-802 do IBRACON \/ Alconpat Brasil de \u201cManuten\u00e7\u00e3o e Reabilita\u00e7\u00e3o de Estruturas de Concreto\u201d<br>\n\u2022\tMembro do Comit\u00ea editorial da Revista Concreto & Constru\u00e7\u00f5es do IBRACON<br>\n\u2022\tExtens\u00e3o universit\u00e1ria pela Japan Internacional Cooperation Agency (JICA) em T\u00f3quio <br>\n\u2022\tGradua\u00e7\u00e3o em Engenharia Civil pela Escola Poltecnica da USP (EPUSP)\n\t\t\t\t\t<\/div>\n\t\t\t\t\n\t\t\t\t\t\t\t<\/div>\n\t\t\t\t\t\t<\/div>\n\t\t\t\t\t\t<\/div>\n\t\t\t\t<\/div>\n\t\t\t\t\t<\/div>\n\t\t\t\t<\/div>\n\t\t\t\t<\/div>\n\t\t","protected":false},"excerpt":{"rendered":"<p>Prote\u00e7\u00e3o contra a corros\u00e3o em estruturas de concreto contaminadas por \u00e1cidos Emilio Moinoru Takagi \u2022 Diretor t\u00e9cnico Internacional da Penetron Global \u2022 Doutorando e Mestre no Instituto Tecnol\u00f3gico de Aeron\u00e1utica (ITA) \u2022 Delegado Regional de S\u00e3o Paulo da Alconpat Brasil \u2022 Secret\u00e1rio do Comit\u00ea t\u00e9cnico CT-501 do IBRACON \/ IBI de \u201cEstanqueidade de estruturas de [&hellip;]<\/p>\n","protected":false},"author":1,"featured_media":0,"parent":0,"menu_order":0,"comment_status":"closed","ping_status":"closed","template":"elementor_header_footer","meta":{"footnotes":""},"class_list":["post-3701","page","type-page","status-publish","hentry"],"_links":{"self":[{"href":"https:\/\/abraco.org.br\/intercorr2025\/wp-json\/wp\/v2\/pages\/3701","targetHints":{"allow":["GET"]}}],"collection":[{"href":"https:\/\/abraco.org.br\/intercorr2025\/wp-json\/wp\/v2\/pages"}],"about":[{"href":"https:\/\/abraco.org.br\/intercorr2025\/wp-json\/wp\/v2\/types\/page"}],"author":[{"embeddable":true,"href":"https:\/\/abraco.org.br\/intercorr2025\/wp-json\/wp\/v2\/users\/1"}],"replies":[{"embeddable":true,"href":"https:\/\/abraco.org.br\/intercorr2025\/wp-json\/wp\/v2\/comments?post=3701"}],"version-history":[{"count":7,"href":"https:\/\/abraco.org.br\/intercorr2025\/wp-json\/wp\/v2\/pages\/3701\/revisions"}],"predecessor-version":[{"id":4169,"href":"https:\/\/abraco.org.br\/intercorr2025\/wp-json\/wp\/v2\/pages\/3701\/revisions\/4169"}],"wp:attachment":[{"href":"https:\/\/abraco.org.br\/intercorr2025\/wp-json\/wp\/v2\/media?parent=3701"}],"curies":[{"name":"wp","href":"https:\/\/api.w.org\/{rel}","templated":true}]}}