{"id":3772,"date":"2025-05-18T20:52:31","date_gmt":"2025-05-18T20:52:31","guid":{"rendered":"https:\/\/abraco.org.br\/intercorr2025\/?page_id=3772"},"modified":"2025-05-18T20:54:49","modified_gmt":"2025-05-18T20:54:49","slug":"vitor-hugo-souza","status":"publish","type":"page","link":"https:\/\/abraco.org.br\/intercorr2025\/vitor-hugo-souza\/","title":{"rendered":"Vitor Hugo Souza"},"content":{"rendered":"\t\t<div data-elementor-type=\"wp-page\" data-elementor-id=\"3772\" class=\"elementor elementor-3772\" data-elementor-post-type=\"page\">\n\t\t\t\t<div class=\"elementor-element elementor-element-0a813a3 e-flex e-con-boxed e-con e-parent\" data-id=\"0a813a3\" data-element_type=\"container\" data-settings=\"{&quot;background_background&quot;:&quot;classic&quot;}\">\n\t\t\t\t\t<div class=\"e-con-inner\">\n\t\t<div class=\"elementor-element elementor-element-ee90008 e-con-full e-flex e-con e-child\" data-id=\"ee90008\" data-element_type=\"container\">\n\t\t\t\t<div class=\"elementor-element elementor-element-e39af87 elementor-widget elementor-widget-heading\" data-id=\"e39af87\" data-element_type=\"widget\" data-widget_type=\"heading.default\">\n\t\t\t\t<div class=\"elementor-widget-container\">\n\t\t\t\t\t<h2 class=\"elementor-heading-title elementor-size-default\">Corros\u00e3o em Dutos Devido a Liga\u00e7\u00e3o Incorreta da Prote\u00e7\u00e3o Cat\u00f3dica: A Rela\u00e7\u00e3o entre Inspe\u00e7\u00e3o, Diagn\u00f3stico, Reparo e a Adequada Capacita\u00e7\u00e3o e Qualifica\u00e7\u00e3o<\/h2>\t\t\t\t<\/div>\n\t\t\t\t<\/div>\n\t\t\t\t<div class=\"elementor-element elementor-element-feab3f0 elementor-widget elementor-widget-text-editor\" data-id=\"feab3f0\" data-element_type=\"widget\" data-widget_type=\"text-editor.default\">\n\t\t\t\t<div class=\"elementor-widget-container\">\n\t\t\t\t\t\t\t\t\t<p>Durante uma inspe\u00e7\u00e3o interna (ILI) de um gasoduto de transmiss\u00e3o, foi identificada uma anomalia grave de corros\u00e3o externa, posteriormente confirmada por meio de avalia\u00e7\u00e3o direta. A corros\u00e3o foi causada por uma conex\u00e3o de polaridade invertida em um ponto de teste do sistema de prote\u00e7\u00e3o cat\u00f3dica (CP) pr\u00f3ximo ao local do defeito. Em vez de fornecer prote\u00e7\u00e3o, a liga\u00e7\u00e3o incorreta fez com que o segmento do duto se comportasse como um anodo, acelerando assim a degrada\u00e7\u00e3o eletroqu\u00edmica. Esse incidente destaca um problema recorrente no setor: a insufici\u00eancia de treinamento t\u00e9cnico, qualifica\u00e7\u00e3o e profici\u00eancia dos profissionais envolvidos em sistemas de prote\u00e7\u00e3o cat\u00f3dica e inspe\u00e7\u00e3o de dutos, especialmente na verifica\u00e7\u00e3o de conex\u00f5es el\u00e9tricas e na interpreta\u00e7\u00e3o de leituras e resultados de potencial.<br \/>O defeito foi detectado utilizando um PIG de MFL (Magnetic Flux Leakage), um m\u00e9todo de inspe\u00e7\u00e3o interna n\u00e3o destrutivo e altamente confi\u00e1vel para localizar perda de metal, corros\u00e3o e outras anomalias estruturais em dutos. Ap\u00f3s a confirma\u00e7\u00e3o do defeito por meio de investiga\u00e7\u00e3o de campo e testes n\u00e3o destrutivos, foi realizada um reparo com luva bipartida do tipo B por soldadores qualificados, conforme os padr\u00f5es da API 1104. Esse m\u00e9todo de reparo restaurou a integridade estrutural do duto e garantiu a continuidade da opera\u00e7\u00e3o com seguran\u00e7a.<br \/>Esse evento ressalta a import\u00e2ncia cr\u00edtica da educa\u00e7\u00e3o t\u00e9cnica cont\u00ednua para t\u00e9cnicos de campo e inspetores, especialmente no que diz respeito \u00e0 instala\u00e7\u00e3o correta e valida\u00e7\u00e3o de sistemas de CP. Tamb\u00e9m refor\u00e7a o papel essencial das tecnologias de ILI nas estrat\u00e9gias de manuten\u00e7\u00e3o preventiva, permitindo a detec\u00e7\u00e3o precoce e a corre\u00e7\u00e3o de falhas potencialmente catastr\u00f3ficas na infraestrutura de transmiss\u00e3o de g\u00e1s natural.<\/p>\t\t\t\t\t\t\t\t<\/div>\n\t\t\t\t<\/div>\n\t\t\t\t<\/div>\n\t\t<div class=\"elementor-element elementor-element-334a169 e-con-full elementor-hidden-mobile e-flex e-con e-child\" data-id=\"334a169\" data-element_type=\"container\">\n\t\t\t\t<\/div>\n\t\t\t\t\t<\/div>\n\t\t\t\t<\/div>\n\t\t<div class=\"elementor-element elementor-element-f330146 e-flex e-con-boxed e-con e-parent\" data-id=\"f330146\" data-element_type=\"container\">\n\t\t\t\t\t<div class=\"e-con-inner\">\n\t\t\t\t<div class=\"elementor-element elementor-element-a83f93c elementor-cta--layout-image-left elementor-cta--mobile-layout-image-above elementor-cta--valign-middle elementor-cta--skin-classic elementor-animated-content elementor-bg-transform elementor-bg-transform-zoom-in elementor-widget elementor-widget-call-to-action\" data-id=\"a83f93c\" data-element_type=\"widget\" data-widget_type=\"call-to-action.default\">\n\t\t\t\t<div class=\"elementor-widget-container\">\n\t\t\t\t\t\t\t<div class=\"elementor-cta\">\n\t\t\t\t\t<div class=\"elementor-cta__bg-wrapper\">\n\t\t\t\t<div class=\"elementor-cta__bg elementor-bg\" style=\"background-image: url(https:\/\/abraco.org.br\/intercorr2025\/wp-content\/uploads\/2025\/05\/Imagem1-2-e1747601676421.jpg);\" role=\"img\" aria-label=\"Imagem1\"><\/div>\n\t\t\t\t<div class=\"elementor-cta__bg-overlay\"><\/div>\n\t\t\t<\/div>\n\t\t\t\t\t\t\t<div class=\"elementor-cta__content\">\n\t\t\t\t\n\t\t\t\t\t\t\t\t\t<h2 class=\"elementor-cta__title elementor-cta__content-item elementor-content-item\">\n\t\t\t\t\t\tVitor Hugo Souza\t\t\t\t\t<\/h2>\n\t\t\t\t\n\t\t\t\t\t\t\t\t\t<div class=\"elementor-cta__description elementor-cta__content-item elementor-content-item\">\n\t\t\t\t\t\tEngenheiro Eletricista formado pela Universidade do Estado do Rio de Janeiro (UERJ\/2010), Licenciado em F\u00edsica pela Universidade Federal do Rio de Janeiro (UFRJ\/2020). Vasta experi\u00eancia em integridade de dutos, equipamentos NR-13, avalia\u00e7\u00e3o de defeitos e reparos. Especialista em Prote\u00e7\u00e3o Cat\u00f3dica. No presente atua como Coordenador de Efici\u00eancia Operacional na TAG.\t\t\t\t\t<\/div>\n\t\t\t\t\n\t\t\t\t\t\t\t<\/div>\n\t\t\t\t\t\t<\/div>\n\t\t\t\t\t\t<\/div>\n\t\t\t\t<\/div>\n\t\t\t\t\t<\/div>\n\t\t\t\t<\/div>\n\t\t\t\t<\/div>\n\t\t","protected":false},"excerpt":{"rendered":"<p>Corros\u00e3o em Dutos Devido a Liga\u00e7\u00e3o Incorreta da Prote\u00e7\u00e3o Cat\u00f3dica: A Rela\u00e7\u00e3o entre Inspe\u00e7\u00e3o, Diagn\u00f3stico, Reparo e a Adequada Capacita\u00e7\u00e3o e Qualifica\u00e7\u00e3o Durante uma inspe\u00e7\u00e3o interna (ILI) de um gasoduto de transmiss\u00e3o, foi identificada uma anomalia grave de corros\u00e3o externa, posteriormente confirmada por meio de avalia\u00e7\u00e3o direta. A corros\u00e3o foi causada por uma conex\u00e3o de [&hellip;]<\/p>\n","protected":false},"author":1,"featured_media":0,"parent":0,"menu_order":0,"comment_status":"closed","ping_status":"closed","template":"elementor_header_footer","meta":{"footnotes":""},"class_list":["post-3772","page","type-page","status-publish","hentry"],"_links":{"self":[{"href":"https:\/\/abraco.org.br\/intercorr2025\/wp-json\/wp\/v2\/pages\/3772","targetHints":{"allow":["GET"]}}],"collection":[{"href":"https:\/\/abraco.org.br\/intercorr2025\/wp-json\/wp\/v2\/pages"}],"about":[{"href":"https:\/\/abraco.org.br\/intercorr2025\/wp-json\/wp\/v2\/types\/page"}],"author":[{"embeddable":true,"href":"https:\/\/abraco.org.br\/intercorr2025\/wp-json\/wp\/v2\/users\/1"}],"replies":[{"embeddable":true,"href":"https:\/\/abraco.org.br\/intercorr2025\/wp-json\/wp\/v2\/comments?post=3772"}],"version-history":[{"count":4,"href":"https:\/\/abraco.org.br\/intercorr2025\/wp-json\/wp\/v2\/pages\/3772\/revisions"}],"predecessor-version":[{"id":3780,"href":"https:\/\/abraco.org.br\/intercorr2025\/wp-json\/wp\/v2\/pages\/3772\/revisions\/3780"}],"wp:attachment":[{"href":"https:\/\/abraco.org.br\/intercorr2025\/wp-json\/wp\/v2\/media?parent=3772"}],"curies":[{"name":"wp","href":"https:\/\/api.w.org\/{rel}","templated":true}]}}