{"id":3803,"date":"2025-05-18T21:03:36","date_gmt":"2025-05-18T21:03:36","guid":{"rendered":"https:\/\/abraco.org.br\/intercorr2025\/?page_id=3803"},"modified":"2025-05-18T21:05:19","modified_gmt":"2025-05-18T21:05:19","slug":"anderson-teixeira-kreischer","status":"publish","type":"page","link":"https:\/\/abraco.org.br\/intercorr2025\/anderson-teixeira-kreischer\/","title":{"rendered":"Anderson Teixeira Kreischer"},"content":{"rendered":"\t\t<div data-elementor-type=\"wp-page\" data-elementor-id=\"3803\" class=\"elementor elementor-3803\" data-elementor-post-type=\"page\">\n\t\t\t\t<div class=\"elementor-element elementor-element-0a813a3 e-flex e-con-boxed e-con e-parent\" data-id=\"0a813a3\" data-element_type=\"container\" data-settings=\"{&quot;background_background&quot;:&quot;classic&quot;}\">\n\t\t\t\t\t<div class=\"e-con-inner\">\n\t\t<div class=\"elementor-element elementor-element-ee90008 e-con-full e-flex e-con e-child\" data-id=\"ee90008\" data-element_type=\"container\">\n\t\t\t\t<div class=\"elementor-element elementor-element-e39af87 elementor-widget elementor-widget-heading\" data-id=\"e39af87\" data-element_type=\"widget\" data-widget_type=\"heading.default\">\n\t\t\t\t<div class=\"elementor-widget-container\">\n\t\t\t\t\t<h2 class=\"elementor-heading-title elementor-size-default\">Interfer\u00eancia eletromagn\u00e9tica, suas fontes e mitiga\u00e7\u00f5es.<\/h2>\t\t\t\t<\/div>\n\t\t\t\t<\/div>\n\t\t\t\t<div class=\"elementor-element elementor-element-feab3f0 elementor-widget elementor-widget-text-editor\" data-id=\"feab3f0\" data-element_type=\"widget\" data-widget_type=\"text-editor.default\">\n\t\t\t\t<div class=\"elementor-widget-container\">\n\t\t\t\t\t\t\t\t\t<p>A apresenta\u00e7\u00e3o abordar\u00e1 os resultados pr\u00e1ticos de interfer\u00eancia eletromagn\u00e9tica em dutos, causados por sistemas el\u00e9tricos ac ou cc, que dificultam a interpreta\u00e7\u00e3o de dados de inspe\u00e7\u00e3o. Ser\u00e1 apresentado tamb\u00e9m um caso pr\u00e1tico de mitiga\u00e7\u00e3o implementada em um gasoduto para minimizar os efeitos de interfer\u00eancia ac.<\/p>\t\t\t\t\t\t\t\t<\/div>\n\t\t\t\t<\/div>\n\t\t\t\t<\/div>\n\t\t<div class=\"elementor-element elementor-element-334a169 e-con-full elementor-hidden-mobile e-flex e-con e-child\" data-id=\"334a169\" data-element_type=\"container\">\n\t\t\t\t<\/div>\n\t\t\t\t\t<\/div>\n\t\t\t\t<\/div>\n\t\t<div class=\"elementor-element elementor-element-f330146 e-flex e-con-boxed e-con e-parent\" data-id=\"f330146\" data-element_type=\"container\">\n\t\t\t\t\t<div class=\"e-con-inner\">\n\t\t\t\t<div class=\"elementor-element elementor-element-a83f93c elementor-cta--layout-image-left elementor-cta--mobile-layout-image-above elementor-cta--valign-middle elementor-cta--skin-classic elementor-animated-content elementor-bg-transform elementor-bg-transform-zoom-in elementor-widget elementor-widget-call-to-action\" data-id=\"a83f93c\" data-element_type=\"widget\" data-widget_type=\"call-to-action.default\">\n\t\t\t\t<div class=\"elementor-widget-container\">\n\t\t\t\t\t\t\t<div class=\"elementor-cta\">\n\t\t\t\t\t\t\t<div class=\"elementor-cta__content\">\n\t\t\t\t\n\t\t\t\t\t\t\t\t\t<h2 class=\"elementor-cta__title elementor-cta__content-item elementor-content-item\">\n\t\t\t\t\t\tAnderson Teixeira Kreischer \t\t\t\t\t<\/h2>\n\t\t\t\t\n\t\t\t\t\t\t\t\t\t<div class=\"elementor-cta__description elementor-cta__content-item elementor-content-item\">\n\t\t\t\t\t\tEspecialista em integridade de dutos, com uma s\u00f3lida forma\u00e7\u00e3o acad\u00eamica e vasta experi\u00eancia profissional. Ele possui mestrado profissional em Montagem Industrial pela Universidade Federal Fluminense (UFF) e gradua\u00e7\u00e3o em Engenharia Metal\u00fargica pela Universidade Federal do Rio de Janeiro (UFRJ). Atualmente, est\u00e1 cursando p\u00f3s-gradua\u00e7\u00e3o em Engenharia de Dutos na PUC-RJ. Possui certifica\u00e7\u00e3o PMP pelo Project Management Institute e outras qualifica\u00e7\u00f5es complementares em corros\u00e3o e inspe\u00e7\u00e3o.\nAtualmente \u00e9 Especialista de Integridade na Nova Transportadora do Sudeste (NTS), cuidando principalmente dos temas de prote\u00e7\u00e3o cat\u00f3dica, monitora\u00e7\u00e3o da corros\u00e3o, revestimento de dutos e pintura industrial. Possui mais de 15 anos de experi\u00eancia em prote\u00e7\u00e3o cat\u00f3dica e inspe\u00e7\u00e3o. Al\u00e9m de sua carreira profissional, \u00e9 autor do livro \"Introdu\u00e7\u00e3o \u00e0 metalurgia e aos materiais met\u00e1licos\", publicado pela editora Interci\u00eancia em 2010 que foi escrito em parceria com o prof. Laerce de Paula Nunes.\n\n\t\t\t\t\t<\/div>\n\t\t\t\t\n\t\t\t\t\t\t\t<\/div>\n\t\t\t\t\t\t<\/div>\n\t\t\t\t\t\t<\/div>\n\t\t\t\t<\/div>\n\t\t\t\t\t<\/div>\n\t\t\t\t<\/div>\n\t\t\t\t<\/div>\n\t\t","protected":false},"excerpt":{"rendered":"<p>Interfer\u00eancia eletromagn\u00e9tica, suas fontes e mitiga\u00e7\u00f5es. A apresenta\u00e7\u00e3o abordar\u00e1 os resultados pr\u00e1ticos de interfer\u00eancia eletromagn\u00e9tica em dutos, causados por sistemas el\u00e9tricos ac ou cc, que dificultam a interpreta\u00e7\u00e3o de dados de inspe\u00e7\u00e3o. Ser\u00e1 apresentado tamb\u00e9m um caso pr\u00e1tico de mitiga\u00e7\u00e3o implementada em um gasoduto para minimizar os efeitos de interfer\u00eancia ac. Anderson Teixeira Kreischer Especialista [&hellip;]<\/p>\n","protected":false},"author":1,"featured_media":0,"parent":0,"menu_order":0,"comment_status":"closed","ping_status":"closed","template":"elementor_header_footer","meta":{"footnotes":""},"class_list":["post-3803","page","type-page","status-publish","hentry"],"_links":{"self":[{"href":"https:\/\/abraco.org.br\/intercorr2025\/wp-json\/wp\/v2\/pages\/3803","targetHints":{"allow":["GET"]}}],"collection":[{"href":"https:\/\/abraco.org.br\/intercorr2025\/wp-json\/wp\/v2\/pages"}],"about":[{"href":"https:\/\/abraco.org.br\/intercorr2025\/wp-json\/wp\/v2\/types\/page"}],"author":[{"embeddable":true,"href":"https:\/\/abraco.org.br\/intercorr2025\/wp-json\/wp\/v2\/users\/1"}],"replies":[{"embeddable":true,"href":"https:\/\/abraco.org.br\/intercorr2025\/wp-json\/wp\/v2\/comments?post=3803"}],"version-history":[{"count":10,"href":"https:\/\/abraco.org.br\/intercorr2025\/wp-json\/wp\/v2\/pages\/3803\/revisions"}],"predecessor-version":[{"id":3813,"href":"https:\/\/abraco.org.br\/intercorr2025\/wp-json\/wp\/v2\/pages\/3803\/revisions\/3813"}],"wp:attachment":[{"href":"https:\/\/abraco.org.br\/intercorr2025\/wp-json\/wp\/v2\/media?parent=3803"}],"curies":[{"name":"wp","href":"https:\/\/api.w.org\/{rel}","templated":true}]}}