{"id":3919,"date":"2025-05-19T20:57:32","date_gmt":"2025-05-19T20:57:32","guid":{"rendered":"https:\/\/abraco.org.br\/intercorr2025\/?page_id=3919"},"modified":"2025-05-23T16:47:38","modified_gmt":"2025-05-23T16:47:38","slug":"manlio-mercanti","status":"publish","type":"page","link":"https:\/\/abraco.org.br\/intercorr2025\/manlio-mercanti\/","title":{"rendered":"Manlio Mercanti"},"content":{"rendered":"\t\t<div data-elementor-type=\"wp-page\" data-elementor-id=\"3919\" class=\"elementor elementor-3919\" data-elementor-post-type=\"page\">\n\t\t\t\t<div class=\"elementor-element elementor-element-0a813a3 e-flex e-con-boxed e-con e-parent\" data-id=\"0a813a3\" data-element_type=\"container\" data-settings=\"{&quot;background_background&quot;:&quot;classic&quot;}\">\n\t\t\t\t\t<div class=\"e-con-inner\">\n\t\t<div class=\"elementor-element elementor-element-ee90008 e-con-full e-flex e-con e-child\" data-id=\"ee90008\" data-element_type=\"container\">\n\t\t\t\t<div class=\"elementor-element elementor-element-e39af87 elementor-widget elementor-widget-heading\" data-id=\"e39af87\" data-element_type=\"widget\" data-widget_type=\"heading.default\">\n\t\t\t\t<div class=\"elementor-widget-container\">\n\t\t\t\t\t<h2 class=\"elementor-heading-title elementor-size-default\">Anticipa, act\u00faa, protege: una soluci\u00f3n para la gesti\u00f3n remota y predictiva de la protecci\u00f3n cat\u00f3dica<\/h2>\t\t\t\t<\/div>\n\t\t\t\t<\/div>\n\t\t\t\t<div class=\"elementor-element elementor-element-feab3f0 elementor-widget elementor-widget-text-editor\" data-id=\"feab3f0\" data-element_type=\"widget\" data-widget_type=\"text-editor.default\">\n\t\t\t\t<div class=\"elementor-widget-container\">\n\t\t\t\t\t\t\t\t\t<p>Con <strong>37 a\u00f1os de experiencia<\/strong> en el sector del <strong>telecontrol y monitoreo remoto<\/strong> de redes de transporte y distribuci\u00f3n para los sectores <strong>Oil &amp; Gas<\/strong> y <strong>miner\u00eda<\/strong>, <strong>AUTOMA<\/strong> ha consolidado su presencia en m\u00e1s de <strong>40 pa\u00edses<\/strong>, con m\u00e1s de <strong>50.000 equipos instalados<\/strong> alrededor del mundo.<\/p><p><strong>\u00bfQu\u00e9 sucede en un sistema de protecci\u00f3n cat\u00f3dica (PC) durante su operaci\u00f3n diaria?<\/strong><\/p><p>La <strong>protecci\u00f3n cat\u00f3dica<\/strong> es esencial para preservar la integridad de los ductos, evitando su corrosi\u00f3n. Sin embargo, durante a\u00f1os, comprender su comportamiento en tiempo real fue complejo y poco preciso, limitando a los operadores a <strong>actuar de forma correctiva tras detectar una anomal\u00eda<\/strong>.<\/p><p>Gracias al avance tecnol\u00f3gico, hoy es posible incorporar <strong>soluciones de monitoreo remoto permanente<\/strong>, que permiten:<\/p><ul><li>Evaluar el comportamiento el\u00e9ctrico diario de la tuber\u00eda.<\/li><li>Recibir <strong>notificaciones casi en tiempo real<\/strong> ante fallos o desviaciones.<\/li><li>Medir variables clave como: <strong>potencial DC<\/strong>, <strong>potencial AC<\/strong>, <strong>potencial OFF<\/strong>, y <strong>potencial IR-Free<\/strong>.<\/li><\/ul><p><strong>El desaf\u00edo: manejar grandes vol\u00famenes de datos<\/strong><\/p><p>Las redes de ductos suelen contar con <strong>cientos o miles de registradores<\/strong>, generando un volumen de datos dif\u00edcil de gestionar manualmente. Por ello, se vuelve imprescindible contar con un software de gesti\u00f3n que:<\/p><ul><li><strong>Filtre autom\u00e1ticamente la informaci\u00f3n relevante.<\/strong><\/li><li>Detecte desviaciones y comportamientos an\u00f3malos.<\/li><li>Permita tomar decisiones preventivas y correctivas de forma \u00e1gil.<\/li><\/ul><p>\u00a0<\/p><p><strong>WebProCat: Plataforma Integral de Gesti\u00f3n de Protecci\u00f3n Cat\u00f3dica<\/strong><\/p><p><strong>WebProCat<\/strong>, la soluci\u00f3n de AUTOMA, permite <strong>visualizar, analizar y gestionar remotamente<\/strong> los sistemas de PC. Entre sus principales funcionalidades destacan:<\/p><ul><li><strong>Regulaci\u00f3n remota y autom\u00e1tica de rectificadores.<\/strong><\/li><li><strong>An\u00e1lisis de datos hist\u00f3ricos<\/strong> y visualizaci\u00f3n mediante <strong>gr\u00e1ficos y tendencias.<\/strong><\/li><li><strong>Detecci\u00f3n de desgaste en dispersores<\/strong> y estimaci\u00f3n de su vida \u00fatil.<\/li><li><strong>Evaluaci\u00f3n de la efectividad del sistema<\/strong>, mediante un factor de rendimiento.<\/li><li><strong>Generaci\u00f3n de informes<\/strong> y <strong>exportaci\u00f3n de datos.<\/strong><\/li><li><strong>Integraci\u00f3n con otras plataformas<\/strong> del mercado.<\/li><\/ul><p><strong>Una soluci\u00f3n probada a nivel mundial<\/strong><\/p><p>WebProCat se nutre de la experiencia internacional de nuestros clientes y se alinea con las <strong>normativas m\u00e1s exigentes del sector<\/strong>, especialmente las europeas e italianas. Esto nos permite ofrecer una soluci\u00f3n <strong>robusta, confiable y comprobada<\/strong>, adaptable a distintos entornos operativos y regulaciones.<\/p>\t\t\t\t\t\t\t\t<\/div>\n\t\t\t\t<\/div>\n\t\t\t\t<\/div>\n\t\t<div class=\"elementor-element elementor-element-334a169 e-con-full elementor-hidden-mobile e-flex e-con e-child\" data-id=\"334a169\" data-element_type=\"container\">\n\t\t\t\t<\/div>\n\t\t\t\t\t<\/div>\n\t\t\t\t<\/div>\n\t\t<div class=\"elementor-element elementor-element-f330146 e-flex e-con-boxed e-con e-parent\" data-id=\"f330146\" data-element_type=\"container\">\n\t\t\t\t\t<div class=\"e-con-inner\">\n\t\t\t\t<div class=\"elementor-element elementor-element-a83f93c elementor-cta--layout-image-left elementor-cta--mobile-layout-image-above elementor-cta--valign-middle elementor-cta--skin-classic elementor-animated-content elementor-bg-transform elementor-bg-transform-zoom-in elementor-widget elementor-widget-call-to-action\" data-id=\"a83f93c\" data-element_type=\"widget\" data-widget_type=\"call-to-action.default\">\n\t\t\t\t<div class=\"elementor-widget-container\">\n\t\t\t\t\t\t\t<div class=\"elementor-cta\">\n\t\t\t\t\t<div class=\"elementor-cta__bg-wrapper\">\n\t\t\t\t<div class=\"elementor-cta__bg elementor-bg\" style=\"background-image: url(https:\/\/abraco.org.br\/intercorr2025\/wp-content\/uploads\/2025\/05\/Manlio-Mercanti.jpg);\" role=\"img\" aria-label=\"Manlio Mercanti\"><\/div>\n\t\t\t\t<div class=\"elementor-cta__bg-overlay\"><\/div>\n\t\t\t<\/div>\n\t\t\t\t\t\t\t<div class=\"elementor-cta__content\">\n\t\t\t\t\n\t\t\t\t\t\t\t\t\t<h2 class=\"elementor-cta__title elementor-cta__content-item elementor-content-item\">\n\t\t\t\t\t\tManlio Mercanti\t\t\t\t\t<\/h2>\n\t\t\t\t\n\t\t\t\t\t\t\t\t\t<div class=\"elementor-cta__description elementor-cta__content-item elementor-content-item\">\n\t\t\t\t\t\t\u2022\t20 a\u00f1os en inversiones y desarrollo de proyectos (Oil & Gas, Miner\u00eda, Agua)<br>\n\u2022\t7 a\u00f1os en AUTOMA S.R.L.<br>\no\tEmpresa con 37 a\u00f1os de trayectoria en telecontrol y monitoreo de redes de transporte y distribuci\u00f3n<br>\no\tPresencia activa en m\u00e1s de 40 pa\u00edses\nPossui in\u00fameros trabalhos cient\u00edficos publicados em peri\u00f3dicos internacionais, cap\u00edtulos em livros na \u00e1rea de biorremedia\u00e7\u00e3o em biocorros\u00e3o, orienta\u00e7\u00e3o de alunos de gradua\u00e7\u00e3o e p\u00f3s-gradua\u00e7\u00e3o, projetos de pesquisa aprovados em institui\u00e7\u00f5es de fomento e ind\u00fastrias brasileiras no setor de \u00f3leo e g\u00e1s.\n\t\t\t\t\t<\/div>\n\t\t\t\t\n\t\t\t\t\t\t\t<\/div>\n\t\t\t\t\t\t<\/div>\n\t\t\t\t\t\t<\/div>\n\t\t\t\t<\/div>\n\t\t\t\t\t<\/div>\n\t\t\t\t<\/div>\n\t\t\t\t<\/div>\n\t\t","protected":false},"excerpt":{"rendered":"<p>Anticipa, act\u00faa, protege: una soluci\u00f3n para la gesti\u00f3n remota y predictiva de la protecci\u00f3n cat\u00f3dica Con 37 a\u00f1os de experiencia en el sector del telecontrol y monitoreo remoto de redes de transporte y distribuci\u00f3n para los sectores Oil &amp; Gas y miner\u00eda, AUTOMA ha consolidado su presencia en m\u00e1s de 40 pa\u00edses, con m\u00e1s de [&hellip;]<\/p>\n","protected":false},"author":1,"featured_media":0,"parent":0,"menu_order":0,"comment_status":"closed","ping_status":"closed","template":"elementor_header_footer","meta":{"footnotes":""},"class_list":["post-3919","page","type-page","status-publish","hentry"],"_links":{"self":[{"href":"https:\/\/abraco.org.br\/intercorr2025\/wp-json\/wp\/v2\/pages\/3919","targetHints":{"allow":["GET"]}}],"collection":[{"href":"https:\/\/abraco.org.br\/intercorr2025\/wp-json\/wp\/v2\/pages"}],"about":[{"href":"https:\/\/abraco.org.br\/intercorr2025\/wp-json\/wp\/v2\/types\/page"}],"author":[{"embeddable":true,"href":"https:\/\/abraco.org.br\/intercorr2025\/wp-json\/wp\/v2\/users\/1"}],"replies":[{"embeddable":true,"href":"https:\/\/abraco.org.br\/intercorr2025\/wp-json\/wp\/v2\/comments?post=3919"}],"version-history":[{"count":10,"href":"https:\/\/abraco.org.br\/intercorr2025\/wp-json\/wp\/v2\/pages\/3919\/revisions"}],"predecessor-version":[{"id":4042,"href":"https:\/\/abraco.org.br\/intercorr2025\/wp-json\/wp\/v2\/pages\/3919\/revisions\/4042"}],"wp:attachment":[{"href":"https:\/\/abraco.org.br\/intercorr2025\/wp-json\/wp\/v2\/media?parent=3919"}],"curies":[{"name":"wp","href":"https:\/\/api.w.org\/{rel}","templated":true}]}}