{"id":4015,"date":"2025-05-23T13:23:17","date_gmt":"2025-05-23T13:23:17","guid":{"rendered":"https:\/\/abraco.org.br\/intercorr2025\/?page_id=4015"},"modified":"2025-05-23T13:28:25","modified_gmt":"2025-05-23T13:28:25","slug":"paulo-roberto-menoncin-filho","status":"publish","type":"page","link":"https:\/\/abraco.org.br\/intercorr2025\/paulo-roberto-menoncin-filho\/","title":{"rendered":"Paulo Roberto Menoncin Filho\u00a0"},"content":{"rendered":"\t\t<div data-elementor-type=\"wp-page\" data-elementor-id=\"4015\" class=\"elementor elementor-4015\" data-elementor-post-type=\"page\">\n\t\t\t\t<div class=\"elementor-element elementor-element-0a813a3 e-flex e-con-boxed e-con e-parent\" data-id=\"0a813a3\" data-element_type=\"container\" data-settings=\"{&quot;background_background&quot;:&quot;classic&quot;}\">\n\t\t\t\t\t<div class=\"e-con-inner\">\n\t\t<div class=\"elementor-element elementor-element-ee90008 e-con-full e-flex e-con e-child\" data-id=\"ee90008\" data-element_type=\"container\">\n\t\t\t\t<div class=\"elementor-element elementor-element-e39af87 elementor-widget elementor-widget-heading\" data-id=\"e39af87\" data-element_type=\"widget\" data-widget_type=\"heading.default\">\n\t\t\t\t<div class=\"elementor-widget-container\">\n\t\t\t\t\t<h2 class=\"elementor-heading-title elementor-size-default\"><strong>Corros\u00e3o em Unidades de Hidrotratamento<\/strong> \u2013 Desafios do Coprocessamento de Derivados de Petr\u00f3leo com Mat\u00e9rias-Primas de Origem Vegetal.<\/h2>\t\t\t\t<\/div>\n\t\t\t\t<\/div>\n\t\t\t\t<div class=\"elementor-element elementor-element-d85f360 elementor-widget elementor-widget-text-editor\" data-id=\"d85f360\" data-element_type=\"widget\" data-widget_type=\"text-editor.default\">\n\t\t\t\t<div class=\"elementor-widget-container\">\n\t\t\t\t\t\t\t\t\t<p>Diante dos desafios globais para atendimento \u00e0s metas clim\u00e1ticas, a produ\u00e7\u00e3o de combust\u00edvel de baixa intensidade de carbono, por meio do coprocessamento de mat\u00e9rias primas biog\u00eanicas com derivados de petr\u00f3leo nas refinarias, especialmente para a gera\u00e7\u00e3o de \u00f3leo<br>diesel e querosene de avia\u00e7\u00e3o, tem se tornado uma demanda crescente. Entretanto, o processamento de cargas biog\u00eanicas, cuja origem pode variar entre \u00f3leos vegetais ou animais, tratados ou n\u00e3o, pode resultar em mecanismos de corros\u00e3o nas unidades<br>de processo que n\u00e3o foram previstos no projeto. Nas unidades de hidrotratamento os principais mecanismos de corros\u00e3o associados ao<br>processamento de cargas biog\u00eanicas incluem:&nbsp;<\/p>\n<p>i. <b>Corros\u00e3o nos sistemas de carga\/aquecimento:<\/b> Esta corros\u00e3o est\u00e1 relacionada \u00e0 presen\u00e7a de \u00e1cidos carbox\u00edlicos, particularmente \u00e1cido graxos. Apesar do sulfeto de ferro (produto de corros\u00e3o), ter potencial inibidor, o processamento de altas fra\u00e7\u00f5es de carga renov\u00e1vel com baixo teor de enxofre pode resultar em taxas de corros\u00e3o extremamente elevadas nos materiais comumente utilizados<br>na se\u00e7\u00e3o de aquecimento de carga [5]. Testes de laborat\u00f3rio indicam que este processo corrosivo pode apresentar morfologia similar ao da \u201cCorros\u00e3o Naft\u00eanica\u201d, mas sem o efeito inibidor do hidrog\u00eanio, como observado nas cargas minerais [3];<\/p>\n<p><b>ii. Corros\u00e3o no sistema de resfriamento do efluente de rea\u00e7\u00e3o:<\/b> Esta corros\u00e3o est\u00e1 associada \u00e0 gera\u00e7\u00e3o de \u00e1gua durante a rea\u00e7\u00e3o, por compostos presentes em correntes renov\u00e1veis, que podem ativar mecanismos de corros\u00e3o sob dep\u00f3sitos de sais de am\u00f4nia, ou de corros\u00e3o sob tens\u00e3o associado ao cloreto de am\u00f4nio;<\/p>\n<p><b>iii. Corros\u00e3o em sistemas de g\u00e1s de reciclo: <\/b>Esta corros\u00e3o ocorre em virtude da forma\u00e7\u00e3o de \u00e1cido carb\u00f4nico a partir de di\u00f3xido de carbono gerado na rea\u00e7\u00e3o de hidrotratamento.<\/p>\t\t\t\t\t\t\t\t<\/div>\n\t\t\t\t<\/div>\n\t\t\t\t<\/div>\n\t\t<div class=\"elementor-element elementor-element-334a169 e-con-full elementor-hidden-mobile e-flex e-con e-child\" data-id=\"334a169\" data-element_type=\"container\">\n\t\t\t\t<\/div>\n\t\t\t\t\t<\/div>\n\t\t\t\t<\/div>\n\t\t<div class=\"elementor-element elementor-element-f330146 e-flex e-con-boxed e-con e-parent\" data-id=\"f330146\" data-element_type=\"container\">\n\t\t\t\t\t<div class=\"e-con-inner\">\n\t\t\t\t<div class=\"elementor-element elementor-element-a83f93c elementor-cta--layout-image-left elementor-cta--mobile-layout-image-above elementor-cta--valign-middle elementor-cta--skin-classic elementor-animated-content elementor-bg-transform elementor-bg-transform-zoom-in elementor-widget elementor-widget-call-to-action\" data-id=\"a83f93c\" data-element_type=\"widget\" data-widget_type=\"call-to-action.default\">\n\t\t\t\t<div class=\"elementor-widget-container\">\n\t\t\t\t\t\t\t<div class=\"elementor-cta\">\n\t\t\t\t\t<div class=\"elementor-cta__bg-wrapper\">\n\t\t\t\t<div class=\"elementor-cta__bg elementor-bg\" style=\"background-image: url(https:\/\/abraco.org.br\/intercorr2025\/wp-content\/uploads\/2025\/05\/3.png);\" role=\"img\" aria-label=\"3\"><\/div>\n\t\t\t\t<div class=\"elementor-cta__bg-overlay\"><\/div>\n\t\t\t<\/div>\n\t\t\t\t\t\t\t<div class=\"elementor-cta__content\">\n\t\t\t\t\n\t\t\t\t\t\t\t\t\t<h2 class=\"elementor-cta__title elementor-cta__content-item elementor-content-item\">\n\t\t\t\t\t\tPaulo Roberto Menoncin Filho \t\t\t\t\t<\/h2>\n\t\t\t\t\n\t\t\t\t\t\t\t\t\t<div class=\"elementor-cta__description elementor-cta__content-item elementor-content-item\">\n\t\t\t\t\t\tEngenheiro Mec\u00e2nico pela UTFPR, Especialista em An\u00e1lise Num\u00e9rica Estrutural, profissional certificado nas normas API 570, API 653 e API 571 pelo American Petroleum Institute. Profissional com mais de 19 anos de experi\u00eancia na \u00e1rea de inspe\u00e7\u00e3o e manuten\u00e7\u00e3o de equipamentos est\u00e1ticos e avalia\u00e7\u00e3o de integridade mec\u00e2nica de tubula\u00e7\u00f5es, vasos de press\u00e3o, caldeiras, dutos e tanques da \u00e1rea de REFINO da PETROBRAS.\n\n\t\t\t\t\t<\/div>\n\t\t\t\t\n\t\t\t\t\t\t\t<\/div>\n\t\t\t\t\t\t<\/div>\n\t\t\t\t\t\t<\/div>\n\t\t\t\t<\/div>\n\t\t\t\t\t<\/div>\n\t\t\t\t<\/div>\n\t\t\t\t<\/div>\n\t\t","protected":false},"excerpt":{"rendered":"<p>Corros\u00e3o em Unidades de Hidrotratamento \u2013 Desafios do Coprocessamento de Derivados de Petr\u00f3leo com Mat\u00e9rias-Primas de Origem Vegetal. Diante dos desafios globais para atendimento \u00e0s metas clim\u00e1ticas, a produ\u00e7\u00e3o de combust\u00edvel de baixa intensidade de carbono, por meio do coprocessamento de mat\u00e9rias primas biog\u00eanicas com derivados de petr\u00f3leo nas refinarias, especialmente para a gera\u00e7\u00e3o de [&hellip;]<\/p>\n","protected":false},"author":1,"featured_media":0,"parent":0,"menu_order":0,"comment_status":"closed","ping_status":"closed","template":"elementor_header_footer","meta":{"footnotes":""},"class_list":["post-4015","page","type-page","status-publish","hentry"],"_links":{"self":[{"href":"https:\/\/abraco.org.br\/intercorr2025\/wp-json\/wp\/v2\/pages\/4015","targetHints":{"allow":["GET"]}}],"collection":[{"href":"https:\/\/abraco.org.br\/intercorr2025\/wp-json\/wp\/v2\/pages"}],"about":[{"href":"https:\/\/abraco.org.br\/intercorr2025\/wp-json\/wp\/v2\/types\/page"}],"author":[{"embeddable":true,"href":"https:\/\/abraco.org.br\/intercorr2025\/wp-json\/wp\/v2\/users\/1"}],"replies":[{"embeddable":true,"href":"https:\/\/abraco.org.br\/intercorr2025\/wp-json\/wp\/v2\/comments?post=4015"}],"version-history":[{"count":10,"href":"https:\/\/abraco.org.br\/intercorr2025\/wp-json\/wp\/v2\/pages\/4015\/revisions"}],"predecessor-version":[{"id":4029,"href":"https:\/\/abraco.org.br\/intercorr2025\/wp-json\/wp\/v2\/pages\/4015\/revisions\/4029"}],"wp:attachment":[{"href":"https:\/\/abraco.org.br\/intercorr2025\/wp-json\/wp\/v2\/media?parent=4015"}],"curies":[{"name":"wp","href":"https:\/\/api.w.org\/{rel}","templated":true}]}}