{"id":4618,"date":"2025-07-01T14:46:39","date_gmt":"2025-07-01T14:46:39","guid":{"rendered":"https:\/\/abraco.org.br\/intercorr2025\/?page_id=4618"},"modified":"2025-07-01T14:47:38","modified_gmt":"2025-07-01T14:47:38","slug":"alvaro-augusto-oliveira-magalhaes","status":"publish","type":"page","link":"https:\/\/abraco.org.br\/intercorr2025\/alvaro-augusto-oliveira-magalhaes\/","title":{"rendered":"\u00c1lvaro Augusto Oliveira Magalh\u00e3es"},"content":{"rendered":"\t\t<div data-elementor-type=\"wp-page\" data-elementor-id=\"4618\" class=\"elementor elementor-4618\" data-elementor-post-type=\"page\">\n\t\t\t\t<div class=\"elementor-element elementor-element-0a813a3 e-flex e-con-boxed e-con e-parent\" data-id=\"0a813a3\" data-element_type=\"container\" data-settings=\"{&quot;background_background&quot;:&quot;classic&quot;}\">\n\t\t\t\t\t<div class=\"e-con-inner\">\n\t\t<div class=\"elementor-element elementor-element-ee90008 e-con-full e-flex e-con e-child\" data-id=\"ee90008\" data-element_type=\"container\">\n\t\t\t\t<div class=\"elementor-element elementor-element-e39af87 elementor-widget elementor-widget-heading\" data-id=\"e39af87\" data-element_type=\"widget\" data-widget_type=\"heading.default\">\n\t\t\t\t<div class=\"elementor-widget-container\">\n\t\t\t\t\t<h2 class=\"elementor-heading-title elementor-size-default\">Desafios e vis\u00e3o de futuro da corros\u00e3o na produ\u00e7\u00e3o de \u00d3leo &amp; G\u00e1s<\/h2>\t\t\t\t<\/div>\n\t\t\t\t<\/div>\n\t\t\t\t<div class=\"elementor-element elementor-element-feab3f0 elementor-widget elementor-widget-text-editor\" data-id=\"feab3f0\" data-element_type=\"widget\" data-widget_type=\"text-editor.default\">\n\t\t\t\t<div class=\"elementor-widget-container\">\n\t\t\t\t\t\t\t\t\t<p>A corros\u00e3o \u00e9 um dos desafios mais cr\u00edticos enfrentados pela ind\u00fastria de petr\u00f3leo e g\u00e1s, com implica\u00e7\u00f5es diretas para a seguran\u00e7a operacional, prote\u00e7\u00e3o ambiental e desempenho econ\u00f4mico. \u00c0 medida que as atividades de explora\u00e7\u00e3o e produ\u00e7\u00e3o se expandem para ambientes cada vez mais adversos, como campos ultra profundos, reservat\u00f3rios de alta press\u00e3o\/alta temperatura (HPHT) e fluidos de produ\u00e7\u00e3o mais ricos em CO\u2082, a complexidade e severidade dos mecanismos de corros\u00e3o tamb\u00e9m se intensificam. Consequentemente, a sess\u00e3o plen\u00e1ria abordar\u00e1 os desafios emergentes e os avan\u00e7os tecnol\u00f3gicos na ci\u00eancia da corros\u00e3o, particularmente dentro do setor de petr\u00f3leo e g\u00e1s (O&amp;G). Refletindo sobre quest\u00f5es de corros\u00e3o passadas, a apresenta\u00e7\u00e3o enfatizar\u00e1 a necessidade de materiais dur\u00e1veis e estrat\u00e9gias eficazes de controle de corros\u00e3o em ambientes ultra profundos. Os desafios atuais incluem ambientes de produ\u00e7\u00e3o mais agressivos, a integra\u00e7\u00e3o da captura, utiliza\u00e7\u00e3o e armazenamento de carbono (CCUS) e o desenvolvimento de novos mecanismos de corros\u00e3o causados por impurezas nas correntes de CO\u2082 antropog\u00eanico. A transforma\u00e7\u00e3o digital, com intelig\u00eancia artificial e \u201cdigital twins\u201d, tender\u00e1 a melhorar as previs\u00f5es de taxa de corros\u00e3o e a preven\u00e7\u00e3o de falhas. A nanotecnologia, com inibidores funcionalizados, fornecer\u00e1 alta efici\u00eancia de inibi\u00e7\u00e3o e multifuncionalidade. A ci\u00eancia da corros\u00e3o apoiar\u00e1 a economia circular, prolongando a vida \u00fatil da infraestrutura e reduzindo o uso de materiais. A colabora\u00e7\u00e3o entre ind\u00fastria e academia ser\u00e1 vital para preencher lacunas de conhecimento e acelerar a pesquisa.<\/p>\t\t\t\t\t\t\t\t<\/div>\n\t\t\t\t<\/div>\n\t\t\t\t<\/div>\n\t\t<div class=\"elementor-element elementor-element-334a169 e-con-full elementor-hidden-mobile e-flex e-con e-child\" data-id=\"334a169\" data-element_type=\"container\">\n\t\t\t\t<\/div>\n\t\t\t\t\t<\/div>\n\t\t\t\t<\/div>\n\t\t<div class=\"elementor-element elementor-element-f330146 e-flex e-con-boxed e-con e-parent\" data-id=\"f330146\" data-element_type=\"container\">\n\t\t\t\t\t<div class=\"e-con-inner\">\n\t\t\t\t<div class=\"elementor-element elementor-element-a83f93c elementor-cta--layout-image-left elementor-cta--mobile-layout-image-above elementor-cta--valign-middle elementor-cta--skin-classic elementor-animated-content elementor-bg-transform elementor-bg-transform-zoom-in elementor-widget elementor-widget-call-to-action\" data-id=\"a83f93c\" data-element_type=\"widget\" data-widget_type=\"call-to-action.default\">\n\t\t\t\t<div class=\"elementor-widget-container\">\n\t\t\t\t\t\t\t<div class=\"elementor-cta\">\n\t\t\t\t\t<div class=\"elementor-cta__bg-wrapper\">\n\t\t\t\t<div class=\"elementor-cta__bg elementor-bg\" style=\"background-image: url(https:\/\/abraco.org.br\/intercorr2025\/wp-content\/uploads\/2025\/07\/WhatsApp-Image-2025-07-01-at-10.46.36.jpeg);\" role=\"img\" aria-label=\"WhatsApp Image 2025-07-01 at 10.46.36\"><\/div>\n\t\t\t\t<div class=\"elementor-cta__bg-overlay\"><\/div>\n\t\t\t<\/div>\n\t\t\t\t\t\t\t<div class=\"elementor-cta__content\">\n\t\t\t\t\n\t\t\t\t\t\t\t\t\t<h2 class=\"elementor-cta__title elementor-cta__content-item elementor-content-item\">\n\t\t\t\t\t\tDr. Alvaro Augusto Magalh\u00e3es \t\t\t\t\t<\/h2>\n\t\t\t\t\n\t\t\t\t\t\t\t\t\t<div class=\"elementor-cta__description elementor-cta__content-item elementor-content-item\">\n\t\t\t\t\t\tConsultor S\u00eanior da Ger\u00eancia de Materiais e Corros\u00e3o do Centro de Pesquisa, Desenvolvimento e Inova\u00e7\u00e3o da Petrobras (CENPES). Trabalha no CENPES desde 2001 em projetos de pesquisa e presta assist\u00eancia t\u00e9cnica relacionada ao monitoramento de corros\u00e3o e controle do processo de corros\u00e3o de CO2\/H2S utilizando produtos qu\u00edmicos. Concluiu a gradua\u00e7\u00e3o em Engenharia Qu\u00edmica pela Universidade Federal Fluminense (UFF), mestrado (M.Sc.) em Engenharia Metal\u00fargica e de Materiais pela Universidade Federal do Rio de Janeiro (UFRJ) . Posteriormente, obteve seu doutorado em Engenharia Metal\u00fargica e de Materiais pela UFRJ e Eletroqu\u00edmica pela Universit\u00e9 Pierre et Marie Curie (Paris\/Fran\u00e7a). Tem mais de 40 artigos publicados em revistas de Corros\u00e3o, Materiais e Eletroqu\u00edmica e em confer\u00eancias nacionais e internacionais. Tamb\u00e9m leciona a disciplina de Controle da Corros\u00e3o na Universidade Petrobras no \u201cCurso de Forma\u00e7\u00e3o de Engenharia Submarina\u201d. \u00c9 revisor (Referee) das revistas acad\u00eamicas internacionais \u201cJournal of Materials Research and Technology\u201d, \u201cJournal of Petroleum Science and Engineering\u201d e \u201cEngineering Failure Analysis\u201d e da revista nacional \u201cTecnologia em Metalurgia, Materiais e Minera\u00e7\u00e3o.\u201d\t\t\t\t\t<\/div>\n\t\t\t\t\n\t\t\t\t\t\t\t<\/div>\n\t\t\t\t\t\t<\/div>\n\t\t\t\t\t\t<\/div>\n\t\t\t\t<\/div>\n\t\t\t\t\t<\/div>\n\t\t\t\t<\/div>\n\t\t\t\t<\/div>\n\t\t","protected":false},"excerpt":{"rendered":"<p>Desafios e vis\u00e3o de futuro da corros\u00e3o na produ\u00e7\u00e3o de \u00d3leo &amp; G\u00e1s A corros\u00e3o \u00e9 um dos desafios mais cr\u00edticos enfrentados pela ind\u00fastria de petr\u00f3leo e g\u00e1s, com implica\u00e7\u00f5es diretas para a seguran\u00e7a operacional, prote\u00e7\u00e3o ambiental e desempenho econ\u00f4mico. \u00c0 medida que as atividades de explora\u00e7\u00e3o e produ\u00e7\u00e3o se expandem para ambientes cada vez [&hellip;]<\/p>\n","protected":false},"author":1,"featured_media":0,"parent":0,"menu_order":0,"comment_status":"closed","ping_status":"closed","template":"elementor_header_footer","meta":{"footnotes":""},"class_list":["post-4618","page","type-page","status-publish","hentry"],"_links":{"self":[{"href":"https:\/\/abraco.org.br\/intercorr2025\/wp-json\/wp\/v2\/pages\/4618","targetHints":{"allow":["GET"]}}],"collection":[{"href":"https:\/\/abraco.org.br\/intercorr2025\/wp-json\/wp\/v2\/pages"}],"about":[{"href":"https:\/\/abraco.org.br\/intercorr2025\/wp-json\/wp\/v2\/types\/page"}],"author":[{"embeddable":true,"href":"https:\/\/abraco.org.br\/intercorr2025\/wp-json\/wp\/v2\/users\/1"}],"replies":[{"embeddable":true,"href":"https:\/\/abraco.org.br\/intercorr2025\/wp-json\/wp\/v2\/comments?post=4618"}],"version-history":[{"count":4,"href":"https:\/\/abraco.org.br\/intercorr2025\/wp-json\/wp\/v2\/pages\/4618\/revisions"}],"predecessor-version":[{"id":4623,"href":"https:\/\/abraco.org.br\/intercorr2025\/wp-json\/wp\/v2\/pages\/4618\/revisions\/4623"}],"wp:attachment":[{"href":"https:\/\/abraco.org.br\/intercorr2025\/wp-json\/wp\/v2\/media?parent=4618"}],"curies":[{"name":"wp","href":"https:\/\/api.w.org\/{rel}","templated":true}]}}