{"id":90,"date":"2024-09-24T00:48:28","date_gmt":"2024-09-24T00:48:28","guid":{"rendered":"https:\/\/abraco.org.br\/intercorr2025\/?page_id=90"},"modified":"2025-06-13T13:56:58","modified_gmt":"2025-06-13T13:56:58","slug":"bem-vindos","status":"publish","type":"page","link":"https:\/\/abraco.org.br\/intercorr2025\/bem-vindos\/","title":{"rendered":"Boas-vindas"},"content":{"rendered":"\t\t<div data-elementor-type=\"wp-page\" data-elementor-id=\"90\" class=\"elementor elementor-90\" data-elementor-post-type=\"page\">\n\t\t\t\t<div class=\"elementor-element elementor-element-0a813a3 e-flex e-con-boxed e-con e-parent\" data-id=\"0a813a3\" data-element_type=\"container\" data-settings=\"{&quot;background_background&quot;:&quot;classic&quot;}\">\n\t\t\t\t\t<div class=\"e-con-inner\">\n\t\t<div class=\"elementor-element elementor-element-ee90008 e-con-full e-flex e-con e-child\" data-id=\"ee90008\" data-element_type=\"container\">\n\t\t\t\t<div class=\"elementor-element elementor-element-e39af87 elementor-widget elementor-widget-heading\" data-id=\"e39af87\" data-element_type=\"widget\" data-widget_type=\"heading.default\">\n\t\t\t\t<div class=\"elementor-widget-container\">\n\t\t\t\t\t<h2 class=\"elementor-heading-title elementor-size-default\">Bem-vindos<\/h2>\t\t\t\t<\/div>\n\t\t\t\t<\/div>\n\t\t\t\t<div class=\"elementor-element elementor-element-feab3f0 elementor-widget elementor-widget-text-editor\" data-id=\"feab3f0\" data-element_type=\"widget\" data-widget_type=\"text-editor.default\">\n\t\t\t\t<div class=\"elementor-widget-container\">\n\t\t\t\t\t\t\t\t\t<p>Bem-vindos ao InterCorr 2025 \u2013 10\u00ba Congresso Internacional de Corros\u00e3o!<\/p>\t\t\t\t\t\t\t\t<\/div>\n\t\t\t\t<\/div>\n\t\t\t\t<div class=\"elementor-element elementor-element-49af983 elementor-widget elementor-widget-text-editor\" data-id=\"49af983\" data-element_type=\"widget\" data-widget_type=\"text-editor.default\">\n\t\t\t\t<div class=\"elementor-widget-container\">\n\t\t\t\t\t\t\t\t\t<p>\u00c9 com grande entusiasmo que convidamos todos os profissionais, pesquisadores, acad\u00eamicos, estudantes e entusiastas da \u00e1rea de corros\u00e3o e prote\u00e7\u00e3o para participarem deste evento de refer\u00eancia, que acontecer\u00e1 em S\u00e3o Paulo, entre os dias 8 e 11 de julho de 2025. O <strong>InterCorr 2025<\/strong>, em sua 10\u00aa edi\u00e7\u00e3o, reunir\u00e1 as mentes mais brilhantes e inovadoras do setor, promovendo discuss\u00f5es cruciais e compartilhando conhecimento sobre os avan\u00e7os e desafios relacionados \u00e0 corros\u00e3o e prote\u00e7\u00e3o em diversas ind\u00fastrias.<\/p><p>A import\u00e2ncia deste congresso transcende fronteiras, proporcionando uma oportunidade \u00fanica para a troca de experi\u00eancias, apresenta\u00e7\u00e3o de novas tecnologias e debates sobre pr\u00e1ticas de controle e mitiga\u00e7\u00e3o de corros\u00e3o. Com impactos diretos em setores estrat\u00e9gicos como o de petr\u00f3leo e g\u00e1s, energia, infraestrutura e muitos outros, a corros\u00e3o \u00e9 uma quest\u00e3o cr\u00edtica, e sua controle eficaz resulta em enormes benef\u00edcios econ\u00f4micos, ambientais e da seguran\u00e7a de pessoas.<\/p><p>Ao longo de quatro dias intensos, os congressistas ter\u00e3o a oportunidade de participar de palestras, workshops e mesas redondas com especialistas globais, que compartilhar\u00e3o suas pesquisas e <em>insights<\/em> sobre as tend\u00eancias emergentes e solu\u00e7\u00f5es inovadoras. O <strong>InterCorr 2025<\/strong> ser\u00e1 o ponto de encontro para aqueles que desejam estar na vanguarda do conhecimento e inova\u00e7\u00e3o na \u00e1rea.<\/p><p>Prepare-se para expandir sua rede de contatos, atualizar seus conhecimentos e se inspirar em um ambiente de colabora\u00e7\u00e3o e avan\u00e7o cient\u00edfico. Este \u00e9 o momento de se unir \u00e0 comunidade global de corros\u00e3o e fazer parte de um evento que moldar\u00e1 o futuro desta \u00e1rea vital.<\/p><p><b>Esperamos por voc\u00ea em S\u00e3o Paulo!<\/b><\/p>\t\t\t\t\t\t\t\t<\/div>\n\t\t\t\t<\/div>\n\t\t\t\t<\/div>\n\t\t<div class=\"elementor-element elementor-element-334a169 e-con-full elementor-hidden-mobile e-flex e-con e-child\" data-id=\"334a169\" data-element_type=\"container\">\n\t\t\t\t<\/div>\n\t\t\t\t\t<\/div>\n\t\t\t\t<\/div>\n\t\t<div class=\"elementor-element elementor-element-7caae30 e-flex e-con-boxed e-con e-parent\" data-id=\"7caae30\" data-element_type=\"container\" data-settings=\"{&quot;background_background&quot;:&quot;classic&quot;}\">\n\t\t\t\t\t<div class=\"e-con-inner\">\n\t\t<div class=\"elementor-element elementor-element-2f21b3c e-con-full e-flex e-con e-child\" data-id=\"2f21b3c\" data-element_type=\"container\">\n\t\t\t\t<div class=\"elementor-element elementor-element-f2ce891 elementor-cta--layout-image-left elementor-cta--mobile-layout-image-above elementor-cta--valign-middle elementor-cta--skin-classic elementor-animated-content elementor-bg-transform elementor-bg-transform-zoom-in elementor-widget elementor-widget-call-to-action\" data-id=\"f2ce891\" data-element_type=\"widget\" data-widget_type=\"call-to-action.default\">\n\t\t\t\t<div class=\"elementor-widget-container\">\n\t\t\t\t\t\t\t<div class=\"elementor-cta\">\n\t\t\t\t\t<div class=\"elementor-cta__bg-wrapper\">\n\t\t\t\t<div class=\"elementor-cta__bg elementor-bg\" style=\"background-image: url(https:\/\/abraco.org.br\/intercorr2025\/wp-content\/uploads\/2024\/10\/Imagem22.jpg);\" role=\"img\" aria-label=\"Imagem22\"><\/div>\n\t\t\t\t<div class=\"elementor-cta__bg-overlay\"><\/div>\n\t\t\t<\/div>\n\t\t\t\t\t\t\t<div class=\"elementor-cta__content\">\n\t\t\t\t\n\t\t\t\t\t\t\t\t\t<h2 class=\"elementor-cta__title elementor-cta__content-item elementor-content-item\">\n\t\t\t\t\t\tZehbour Panossian\t\t\t\t\t<\/h2>\n\t\t\t\t\n\t\t\t\t\t\t\t\t\t<div class=\"elementor-cta__description elementor-cta__content-item elementor-content-item\">\n\t\t\t\t\t\tPresidente - Comit\u00ea Executivo<br>\nPesquisadora \u2013 IPT\t\t\t\t\t<\/div>\n\t\t\t\t\n\t\t\t\t\t\t\t<\/div>\n\t\t\t\t\t\t<\/div>\n\t\t\t\t\t\t<\/div>\n\t\t\t\t<\/div>\n\t\t\t\t<\/div>\n\t\t<div class=\"elementor-element elementor-element-8b326b0 e-con-full e-flex e-con e-child\" data-id=\"8b326b0\" data-element_type=\"container\">\n\t\t\t\t<div class=\"elementor-element elementor-element-90f6280 elementor-cta--layout-image-left elementor-cta--mobile-layout-image-above elementor-cta--valign-middle elementor-cta--skin-classic elementor-animated-content elementor-bg-transform elementor-bg-transform-zoom-in elementor-widget elementor-widget-call-to-action\" data-id=\"90f6280\" data-element_type=\"widget\" data-widget_type=\"call-to-action.default\">\n\t\t\t\t<div class=\"elementor-widget-container\">\n\t\t\t\t\t\t\t<div class=\"elementor-cta\">\n\t\t\t\t\t<div class=\"elementor-cta__bg-wrapper\">\n\t\t\t\t<div class=\"elementor-cta__bg elementor-bg\" style=\"background-image: url(https:\/\/abraco.org.br\/intercorr2025\/wp-content\/uploads\/2024\/11\/Imagem1.png);\" role=\"img\" aria-label=\"Imagem1\"><\/div>\n\t\t\t\t<div class=\"elementor-cta__bg-overlay\"><\/div>\n\t\t\t<\/div>\n\t\t\t\t\t\t\t<div class=\"elementor-cta__content\">\n\t\t\t\t\n\t\t\t\t\t\t\t\t\t<h2 class=\"elementor-cta__title elementor-cta__content-item elementor-content-item\">\n\t\t\t\t\t\tLuiz Paulo Gomes\t\t\t\t\t<\/h2>\n\t\t\t\t\n\t\t\t\t\t\t\t\t\t<div class=\"elementor-cta__description elementor-cta__content-item elementor-content-item\">\n\t\t\t\t\t\tPresidente - ABRACO<br>\nVice-presidente - Comit\u00ea Executivo\n\t\t\t\t\t<\/div>\n\t\t\t\t\n\t\t\t\t\t\t\t<\/div>\n\t\t\t\t\t\t<\/div>\n\t\t\t\t\t\t<\/div>\n\t\t\t\t<\/div>\n\t\t\t\t<\/div>\n\t\t\t\t\t<\/div>\n\t\t\t\t<\/div>\n\t\t\t\t<\/div>\n\t\t","protected":false},"excerpt":{"rendered":"<p>Bem-vindos Bem-vindos ao InterCorr 2025 \u2013 10\u00ba Congresso Internacional de Corros\u00e3o! \u00c9 com grande entusiasmo que convidamos todos os profissionais, pesquisadores, acad\u00eamicos, estudantes e entusiastas da \u00e1rea de corros\u00e3o e prote\u00e7\u00e3o para participarem deste evento de refer\u00eancia, que acontecer\u00e1 em S\u00e3o Paulo, entre os dias 8 e 11 de julho de 2025. O InterCorr 2025, [&hellip;]<\/p>\n","protected":false},"author":1,"featured_media":0,"parent":0,"menu_order":0,"comment_status":"closed","ping_status":"closed","template":"elementor_header_footer","meta":{"footnotes":""},"class_list":["post-90","page","type-page","status-publish","hentry"],"_links":{"self":[{"href":"https:\/\/abraco.org.br\/intercorr2025\/wp-json\/wp\/v2\/pages\/90","targetHints":{"allow":["GET"]}}],"collection":[{"href":"https:\/\/abraco.org.br\/intercorr2025\/wp-json\/wp\/v2\/pages"}],"about":[{"href":"https:\/\/abraco.org.br\/intercorr2025\/wp-json\/wp\/v2\/types\/page"}],"author":[{"embeddable":true,"href":"https:\/\/abraco.org.br\/intercorr2025\/wp-json\/wp\/v2\/users\/1"}],"replies":[{"embeddable":true,"href":"https:\/\/abraco.org.br\/intercorr2025\/wp-json\/wp\/v2\/comments?post=90"}],"version-history":[{"count":99,"href":"https:\/\/abraco.org.br\/intercorr2025\/wp-json\/wp\/v2\/pages\/90\/revisions"}],"predecessor-version":[{"id":4458,"href":"https:\/\/abraco.org.br\/intercorr2025\/wp-json\/wp\/v2\/pages\/90\/revisions\/4458"}],"wp:attachment":[{"href":"https:\/\/abraco.org.br\/intercorr2025\/wp-json\/wp\/v2\/media?parent=90"}],"curies":[{"name":"wp","href":"https:\/\/api.w.org\/{rel}","templated":true}]}}